{"id":75,"date":"2020-01-27T08:29:32","date_gmt":"2020-01-27T08:29:32","guid":{"rendered":"https:\/\/demosites.io\/web-agency-gb\/?page_id=75"},"modified":"2024-11-19T13:35:48","modified_gmt":"2024-11-19T13:35:48","slug":"fizjoterapia-katowice-kontakt","status":"publish","type":"page","link":"https:\/\/www.sportowieccodzienny.pl\/index.php\/fizjoterapia-katowice-kontakt\/","title":{"rendered":"Kontakt"},"content":{"rendered":"\n<div class=\"wp-block-cover alignfull\" style=\"min-height:171px;aspect-ratio:unset;\"><span aria-hidden=\"true\" class=\"wp-block-cover__background has-nv-site-bg-background-color has-background-dim-100 has-background-dim\"><\/span><div class=\"wp-block-cover__inner-container is-layout-flow wp-block-cover-is-layout-flow\">\n<div class=\"wp-block-group\"><div class=\"wp-block-group__inner-container is-layout-flow wp-block-group-is-layout-flow\">\n<h1 class=\"wp-block-heading alignwide has-text-align-left has-neve-text-color-color has-text-color\">Kontakt Fizjoterapia<\/h1>\n<\/div><\/div>\n<\/div><\/div>\n\n\n\n<div class=\"wp-block-cover\" style=\"min-height:461px;aspect-ratio:unset;\"><span aria-hidden=\"true\" class=\"wp-block-cover__background has-nv-site-bg-background-color has-background-dim-100 has-background-dim\"><\/span><div class=\"wp-block-cover__inner-container is-layout-flow wp-block-cover-is-layout-flow\">\n<div class=\"wp-block-columns is-layout-flex wp-container-core-columns-is-layout-9d6595d7 wp-block-columns-is-layout-flex\">\n<div class=\"wp-block-column has-nv-site-bg-background-color has-background is-layout-flow wp-block-column-is-layout-flow\" style=\"border-width:10px\">\n<div style=\"height:30px\" aria-hidden=\"true\" class=\"wp-block-spacer\"><\/div>\n\n\n\n<h2 class=\"wp-block-heading has-text-align-center has-nv-dark-bg-color has-text-color has-large-font-size\">Um\u00f3w si\u0119 na wizyt\u0119<\/h2>\n\n\n\n<div class=\"wp-block-buttons alignwide is-content-justification-center is-layout-flex wp-container-core-buttons-is-layout-16018d1d wp-block-buttons-is-layout-flex\"><\/div>\n\n\n\n<a id=\"zl-url\" class=\"zl-url\" href=\"https:\/\/www.znanylekarz.pl\/dominik-mroczkowski\/fizjoterapeuta\/katowice\" rel=\"nofollow\" data-zlw-doctor=\"dominik-mroczkowski\" data-zlw-type=\"big_with_calendar\" data-zlw-opinion=\"false\" data-zlw-hide-branding=\"true\" data-zlw-saas-only=\"false\">Dominik Mroczkowski &#8211; ZnanyLekarz.pl<\/a><script>!function($_x,_s,id){var js,fjs=$_x.getElementsByTagName(_s)[0];if(!$_x.getElementById(id)){js = $_x.createElement(_s);js.id = id;js.src = \"\/\/platform.docplanner.com\/js\/widget.js\";fjs.parentNode.insertBefore(js,fjs);}}(document,\"script\",\"zl-widget-s\");<\/script>\n\n\n\n<div style=\"height:20px\" aria-hidden=\"true\" class=\"wp-block-spacer\"><\/div>\n\n\n\n<div class=\"wp-block-buttons is-content-justification-center is-layout-flex wp-container-core-buttons-is-layout-16018d1d wp-block-buttons-is-layout-flex\"><\/div>\n\n\n\n<div style=\"height:30px\" aria-hidden=\"true\" class=\"wp-block-spacer\"><\/div>\n<\/div>\n\n\n\n<div class=\"wp-block-column is-layout-flow wp-block-column-is-layout-flow\" style=\"border-width:5px\">\n<div style=\"height:30px\" aria-hidden=\"true\" class=\"wp-block-spacer\"><\/div>\n\n\n\n<h2 class=\"wp-block-heading has-text-align-center has-nv-dark-bg-color has-text-color has-large-font-size\">Sportowiec Codzienny<\/h2>\n\n\n\n<p class=\"has-text-align-center has-nv-dark-bg-color has-text-color\">SPORTOWIEC CODZIENNY Dominik Mroczkowski<br>ul. Blachnickiego 2, 40-177 Katowice<br>NIP: 629 250 55 94<br><br>e-mail: kontakt@sportowieccodzienny.pl<br>tel: +48 790 555 345<br>ZAPISY: tel: +48 455 400 283<\/p>\n\n\n\n<ul class=\"wp-block-social-links aligncenter is-layout-flex wp-block-social-links-is-layout-flex\"><li class=\"wp-social-link wp-social-link-facebook  wp-block-social-link\"><a href=\"https:\/\/www.facebook.com\/SportowiecCodzienny\" class=\"wp-block-social-link-anchor\"><svg width=\"24\" height=\"24\" viewBox=\"0 0 24 24\" version=\"1.1\" xmlns=\"http:\/\/www.w3.org\/2000\/svg\" aria-hidden=\"true\" focusable=\"false\"><path d=\"M12 2C6.5 2 2 6.5 2 12c0 5 3.7 9.1 8.4 9.9v-7H7.9V12h2.5V9.8c0-2.5 1.5-3.9 3.8-3.9 1.1 0 2.2.2 2.2.2v2.5h-1.3c-1.2 0-1.6.8-1.6 1.6V12h2.8l-.4 2.9h-2.3v7C18.3 21.1 22 17 22 12c0-5.5-4.5-10-10-10z\"><\/path><\/svg><span class=\"wp-block-social-link-label screen-reader-text\">Facebook<\/span><\/a><\/li>\n\n<li class=\"wp-social-link wp-social-link-instagram  wp-block-social-link\"><a href=\"https:\/\/www.instagram.com\/sportowiec_codzienny\/\" class=\"wp-block-social-link-anchor\"><svg width=\"24\" height=\"24\" viewBox=\"0 0 24 24\" version=\"1.1\" xmlns=\"http:\/\/www.w3.org\/2000\/svg\" aria-hidden=\"true\" focusable=\"false\"><path d=\"M12,4.622c2.403,0,2.688,0.009,3.637,0.052c0.877,0.04,1.354,0.187,1.671,0.31c0.42,0.163,0.72,0.358,1.035,0.673 c0.315,0.315,0.51,0.615,0.673,1.035c0.123,0.317,0.27,0.794,0.31,1.671c0.043,0.949,0.052,1.234,0.052,3.637 s-0.009,2.688-0.052,3.637c-0.04,0.877-0.187,1.354-0.31,1.671c-0.163,0.42-0.358,0.72-0.673,1.035 c-0.315,0.315-0.615,0.51-1.035,0.673c-0.317,0.123-0.794,0.27-1.671,0.31c-0.949,0.043-1.233,0.052-3.637,0.052 s-2.688-0.009-3.637-0.052c-0.877-0.04-1.354-0.187-1.671-0.31c-0.42-0.163-0.72-0.358-1.035-0.673 c-0.315-0.315-0.51-0.615-0.673-1.035c-0.123-0.317-0.27-0.794-0.31-1.671C4.631,14.688,4.622,14.403,4.622,12 s0.009-2.688,0.052-3.637c0.04-0.877,0.187-1.354,0.31-1.671c0.163-0.42,0.358-0.72,0.673-1.035 c0.315-0.315,0.615-0.51,1.035-0.673c0.317-0.123,0.794-0.27,1.671-0.31C9.312,4.631,9.597,4.622,12,4.622 M12,3 C9.556,3,9.249,3.01,8.289,3.054C7.331,3.098,6.677,3.25,6.105,3.472C5.513,3.702,5.011,4.01,4.511,4.511 c-0.5,0.5-0.808,1.002-1.038,1.594C3.25,6.677,3.098,7.331,3.054,8.289C3.01,9.249,3,9.556,3,12c0,2.444,0.01,2.751,0.054,3.711 c0.044,0.958,0.196,1.612,0.418,2.185c0.23,0.592,0.538,1.094,1.038,1.594c0.5,0.5,1.002,0.808,1.594,1.038 c0.572,0.222,1.227,0.375,2.185,0.418C9.249,20.99,9.556,21,12,21s2.751-0.01,3.711-0.054c0.958-0.044,1.612-0.196,2.185-0.418 c0.592-0.23,1.094-0.538,1.594-1.038c0.5-0.5,0.808-1.002,1.038-1.594c0.222-0.572,0.375-1.227,0.418-2.185 C20.99,14.751,21,14.444,21,12s-0.01-2.751-0.054-3.711c-0.044-0.958-0.196-1.612-0.418-2.185c-0.23-0.592-0.538-1.094-1.038-1.594 c-0.5-0.5-1.002-0.808-1.594-1.038c-0.572-0.222-1.227-0.375-2.185-0.418C14.751,3.01,14.444,3,12,3L12,3z M12,7.378 c-2.552,0-4.622,2.069-4.622,4.622S9.448,16.622,12,16.622s4.622-2.069,4.622-4.622S14.552,7.378,12,7.378z M12,15 c-1.657,0-3-1.343-3-3s1.343-3,3-3s3,1.343,3,3S13.657,15,12,15z M16.804,6.116c-0.596,0-1.08,0.484-1.08,1.08 s0.484,1.08,1.08,1.08c0.596,0,1.08-0.484,1.08-1.08S17.401,6.116,16.804,6.116z\"><\/path><\/svg><span class=\"wp-block-social-link-label screen-reader-text\">Instagram<\/span><\/a><\/li>\n\n<li class=\"wp-social-link wp-social-link-whatsapp  wp-block-social-link\"><a href=\"https:\/\/wa.me\/+48790555345\" class=\"wp-block-social-link-anchor\"><svg width=\"24\" height=\"24\" viewBox=\"0 0 24 24\" version=\"1.1\" xmlns=\"http:\/\/www.w3.org\/2000\/svg\" aria-hidden=\"true\" focusable=\"false\"><path d=\"M 12.011719 2 C 6.5057187 2 2.0234844 6.478375 2.0214844 11.984375 C 2.0204844 13.744375 2.4814687 15.462563 3.3554688 16.976562 L 2 22 L 7.2324219 20.763672 C 8.6914219 21.559672 10.333859 21.977516 12.005859 21.978516 L 12.009766 21.978516 C 17.514766 21.978516 21.995047 17.499141 21.998047 11.994141 C 22.000047 9.3251406 20.962172 6.8157344 19.076172 4.9277344 C 17.190172 3.0407344 14.683719 2.001 12.011719 2 z M 12.009766 4 C 14.145766 4.001 16.153109 4.8337969 17.662109 6.3417969 C 19.171109 7.8517969 20.000047 9.8581875 19.998047 11.992188 C 19.996047 16.396187 16.413812 19.978516 12.007812 19.978516 C 10.674812 19.977516 9.3544062 19.642812 8.1914062 19.007812 L 7.5175781 18.640625 L 6.7734375 18.816406 L 4.8046875 19.28125 L 5.2851562 17.496094 L 5.5019531 16.695312 L 5.0878906 15.976562 C 4.3898906 14.768562 4.0204844 13.387375 4.0214844 11.984375 C 4.0234844 7.582375 7.6067656 4 12.009766 4 z M 8.4765625 7.375 C 8.3095625 7.375 8.0395469 7.4375 7.8105469 7.6875 C 7.5815469 7.9365 6.9355469 8.5395781 6.9355469 9.7675781 C 6.9355469 10.995578 7.8300781 12.182609 7.9550781 12.349609 C 8.0790781 12.515609 9.68175 15.115234 12.21875 16.115234 C 14.32675 16.946234 14.754891 16.782234 15.212891 16.740234 C 15.670891 16.699234 16.690438 16.137687 16.898438 15.554688 C 17.106437 14.971687 17.106922 14.470187 17.044922 14.367188 C 16.982922 14.263188 16.816406 14.201172 16.566406 14.076172 C 16.317406 13.951172 15.090328 13.348625 14.861328 13.265625 C 14.632328 13.182625 14.464828 13.140625 14.298828 13.390625 C 14.132828 13.640625 13.655766 14.201187 13.509766 14.367188 C 13.363766 14.534188 13.21875 14.556641 12.96875 14.431641 C 12.71875 14.305641 11.914938 14.041406 10.960938 13.191406 C 10.218937 12.530406 9.7182656 11.714844 9.5722656 11.464844 C 9.4272656 11.215844 9.5585938 11.079078 9.6835938 10.955078 C 9.7955938 10.843078 9.9316406 10.663578 10.056641 10.517578 C 10.180641 10.371578 10.223641 10.267562 10.306641 10.101562 C 10.389641 9.9355625 10.347156 9.7890625 10.285156 9.6640625 C 10.223156 9.5390625 9.737625 8.3065 9.515625 7.8125 C 9.328625 7.3975 9.131125 7.3878594 8.953125 7.3808594 C 8.808125 7.3748594 8.6425625 7.375 8.4765625 7.375 z\"><\/path><\/svg><span class=\"wp-block-social-link-label screen-reader-text\">WhatsApp<\/span><\/a><\/li><\/ul>\n\n\n\n<p class=\"has-nv-dark-bg-color has-text-color\"><br><\/p>\n<\/div>\n<\/div>\n<\/div><\/div>\n\n\n\n<div class=\"wp-block-cover alignfull\" style=\"min-height:600px;aspect-ratio:unset;\"><span aria-hidden=\"true\" class=\"wp-block-cover__background has-nv-dark-bg-background-color has-background-dim-100 has-background-dim\"><\/span><div class=\"wp-block-cover__inner-container is-layout-flow wp-block-cover-is-layout-flow\">\n<div class=\"wp-block-group alignwide\"><div class=\"wp-block-group__inner-container is-layout-flow wp-block-group-is-layout-flow\">\n<div style=\"height:40px\" aria-hidden=\"true\" class=\"wp-block-spacer\"><\/div>\n\n\n\n<div class=\"wp-block-columns is-layout-flex wp-container-core-columns-is-layout-9d6595d7 wp-block-columns-is-layout-flex\">\n<div class=\"wp-block-column is-layout-flow wp-block-column-is-layout-flow\" style=\"flex-basis:50%\">\n<h2 class=\"wp-block-heading has-nv-text-dark-bg-color has-text-color\">Napisz do mnie<\/h2>\n\n\n\n<p class=\"has-white-color has-text-color\">Masz jakie\u015b pytanie? Interesuje Ci\u0119 szczeg\u00f3\u0142owa oferta?<br>Chcesz zapisa\u0107 si\u0119 na trening? <br>Napisz do mnie!<\/p>\n<\/div>\n\n\n\n<div class=\"wp-block-column is-vertically-aligned-center is-layout-flow wp-block-column-is-layout-flow\" style=\"flex-basis:50%\"><div class=\"wpforms-container wpforms-container-full wpforms-block wpforms-block-3be06092-c401-4770-966b-41a058da5fae\" id=\"wpforms-413\"><form id=\"wpforms-form-413\" class=\"wpforms-validate wpforms-form wpforms-ajax-form\" data-formid=\"413\" method=\"post\" enctype=\"multipart\/form-data\" action=\"\/index.php\/wp-json\/wp\/v2\/pages\/75\" data-token=\"247df13cc0125bf485d736a0ec7775dc\" data-token-time=\"1776404531\"><noscript class=\"wpforms-error-noscript\">Aby wype\u0142ni\u0107 ten formularz, w\u0142\u0105cz obs\u0142ug\u0119 JavaScript w przegl\u0105darce.<\/noscript><div class=\"wpforms-field-container\"><div id=\"wpforms-413-field_0-container\" class=\"wpforms-field wpforms-field-name\" data-field-id=\"0\"><label class=\"wpforms-field-label\" for=\"wpforms-413-field_0\">Imi\u0119 i nazwisko <span class=\"wpforms-required-label\">*<\/span><\/label><input type=\"text\" id=\"wpforms-413-field_0\" class=\"wpforms-field-medium wpforms-field-required\" name=\"wpforms[fields][0]\" required><\/div><div id=\"wpforms-413-field_1-container\" class=\"wpforms-field wpforms-field-email\" data-field-id=\"1\"><label class=\"wpforms-field-label\" for=\"wpforms-413-field_1\">Email <span class=\"wpforms-required-label\">*<\/span><\/label><input type=\"email\" id=\"wpforms-413-field_1\" class=\"wpforms-field-medium wpforms-field-required\" name=\"wpforms[fields][1]\" spellcheck=\"false\" required><\/div><div id=\"wpforms-413-field_4-container\" class=\"wpforms-field wpforms-field-text\" data-field-id=\"4\"><label class=\"wpforms-field-label\" for=\"wpforms-413-field_4\">Telefon<\/label><input type=\"text\" id=\"wpforms-413-field_4\" class=\"wpforms-field-medium\" name=\"wpforms[fields][4]\" ><\/div><div id=\"wpforms-413-field_3-container\" class=\"wpforms-field wpforms-field-select wpforms-field-select-style-classic\" data-field-id=\"3\"><label class=\"wpforms-field-label\" for=\"wpforms-413-field_3\">Wybierz interesuj\u0105cy Ci\u0119 typ spotkania<\/label><select id=\"wpforms-413-field_3\" class=\"wpforms-field-medium\" name=\"wpforms[fields][3]\"><option value=\"Trening personalny\"  class=\"choice-5 depth-1\"  >Trening personalny<\/option><option value=\"Zaj\u0119cia &quot;Zdrowy kr\u0119gos\u0142up&quot;\"  class=\"choice-6 depth-1\"  >Zaj\u0119cia &#8222;Zdrowy kr\u0119gos\u0142up&#8221;<\/option><option value=\"Przegl\u0105d techniczny\"  class=\"choice-1 depth-1\"  >Przegl\u0105d techniczny<\/option><option value=\"Trening funkcjonalny\"  class=\"choice-4 depth-1\"  >Trening funkcjonalny<\/option><option value=\"Powr\u00f3t do sportu\"  class=\"choice-2 depth-1\"  >Powr\u00f3t do sportu<\/option><option value=\"Korki z wuefu\"  class=\"choice-3 depth-1\"  >Korki z wuefu<\/option><\/select><\/div><div id=\"wpforms-413-field_2-container\" class=\"wpforms-field wpforms-field-textarea\" data-field-id=\"2\"><label class=\"wpforms-field-label\" for=\"wpforms-413-field_2\">Komentarz lub wiadomo\u015b\u0107 <span class=\"wpforms-required-label\">*<\/span><\/label><textarea id=\"wpforms-413-field_2\" class=\"wpforms-field-medium wpforms-field-required\" name=\"wpforms[fields][2]\" required><\/textarea><\/div><div id=\"wpforms-413-field_5-container\" class=\"wpforms-field wpforms-field-checkbox\" data-field-id=\"5\"><label class=\"wpforms-field-label wpforms-label-hide\">Polityka prywatno\u015bci <span class=\"wpforms-required-label\">*<\/span><\/label><ul id=\"wpforms-413-field_5\" class=\"wpforms-field-required\"><li class=\"choice-1 depth-1\"><input type=\"checkbox\" id=\"wpforms-413-field_5_1\" name=\"wpforms[fields][5][]\" value=\"Wyra\u017cam zgod\u0119 na przetwarzanie przez firm\u0119 Sportowiec Codzienny Dominik Mroczkowski moich danych osobowych i akceptuj\u0119 Polityk\u0119 Prywatno\u015bci\" required ><label class=\"wpforms-field-label-inline\" for=\"wpforms-413-field_5_1\">Wyra\u017cam zgod\u0119 na przetwarzanie przez firm\u0119 Sportowiec Codzienny Dominik Mroczkowski moich danych osobowych i akceptuj\u0119 Polityk\u0119 Prywatno\u015bci<\/label><\/li><\/ul><\/div><\/div><!-- .wpforms-field-container --><div class=\"wpforms-submit-container\" ><input type=\"hidden\" name=\"wpforms[id]\" value=\"413\"><input type=\"hidden\" name=\"page_title\" value=\"\"><input type=\"hidden\" name=\"page_url\" value=\"https:\/\/www.sportowieccodzienny.pl\/index.php\/wp-json\/wp\/v2\/pages\/75\"><input type=\"hidden\" name=\"url_referer\" value=\"\"><button type=\"submit\" name=\"wpforms[submit]\" id=\"wpforms-submit-413\" class=\"wpforms-submit\" data-alt-text=\"Wysy\u0142anie...\" data-submit-text=\"Wy\u015blij\" aria-live=\"assertive\" value=\"wpforms-submit\">Wy\u015blij<\/button><img loading=\"lazy\" decoding=\"async\" src=\"https:\/\/www.sportowieccodzienny.pl\/wp-content\/plugins\/wpforms-lite\/assets\/images\/submit-spin.svg\" class=\"wpforms-submit-spinner\" style=\"display: none;\" width=\"26\" height=\"26\" alt=\"Wczytywanie\"><\/div><\/form><\/div>  <!-- .wpforms-container --><\/div>\n<\/div>\n\n\n\n<p class=\"has-nv-site-bg-color has-text-color has-link-color wp-elements-5b909fb03002418cbc2d06e359850fe8\">UWAGA! Wys\u0142anie wiadomo\u015bci poprzez powy\u017cszy formularz jest r\u00f3wnoznaczne z wyra\u017ceniem Pa\u0144stwa zgody na przetwarzanie danych osobowych, w zakresie niezb\u0119dnym do skontaktowania si\u0119 w celu rozpocz\u0119cia wsp\u00f3\u0142pracy. Prosimy zapozna\u0107 si\u0119 z zasadami dotycz\u0105cymi  gromadzenia i przetwarzania danych osobowych zawartymi w <a href=\"https:\/\/www.sportowieccodzienny.pl\/index.php\/privacy-policy\/\" target=\"_blank\" rel=\"noreferrer noopener\">polityk\u0105 prywatno\u015bci<\/a><a data-type=\"page\" data-id=\"3\" href=\"https:\/\/www.sportowieccodzienny.pl\/index.php\/privacy-policy\/\">.<\/a><\/p>\n\n\n\n<div style=\"height:40px\" aria-hidden=\"true\" class=\"wp-block-spacer\"><\/div>\n<\/div><\/div>\n<\/div><\/div>\n\n\n\n<div class=\"wp-block-cover alignfull\" style=\"min-height:300px;aspect-ratio:unset;\"><span aria-hidden=\"true\" class=\"wp-block-cover__background has-nv-light-bg-background-color has-background-dim-100 has-background-dim\"><\/span><div class=\"wp-block-cover__inner-container is-layout-flow wp-block-cover-is-layout-flow\">\n<div style=\"height:50px\" aria-hidden=\"true\" class=\"wp-block-spacer\"><\/div>\n\n\n\n<div class=\"wp-block-group alignwide\"><div class=\"wp-block-group__inner-container is-layout-flow wp-block-group-is-layout-flow\">\n<h4 class=\"wp-block-heading alignwide has-nv-dark-bg-color has-text-color\">Zapisz si\u0119 do newslettera i b\u0105d\u017a na bie\u017c\u0105co z najnowsz\u0105 ofert\u0105 kurs\u00f3w i spotka\u0144.<\/h4>\n<\/div><\/div>\n\n\n\n<div class=\"wp-block-group alignwide\"><div class=\"wp-block-group__inner-container is-layout-flow wp-block-group-is-layout-flow\">\n<div style=\"color:#050000;padding:20px\" class=\"wp-block-tnp-minimal\"><p><\/p><div><div class=\"tnp tnp-subscription-minimal  \"><form action=\"https:\/\/www.sportowieccodzienny.pl\/wp-admin\/admin-ajax.php?action=tnp&amp;na=s\" method=\"post\" style=\"text-align: center\"><input type=\"hidden\" name=\"nr\" value=\"minimal\">\n<input type=\"hidden\" name=\"nlang\" value=\"\">\n<input class=\"tnp-email\" type=\"email\" required name=\"ne\" value=\"\" placeholder=\"Email\"><input class=\"tnp-submit\" type=\"submit\" value=\"Zapisz si\u0119!\" style=\"background-color:#030000;\">\n<div class=\"tnp-field tnp-privacy-field\"><label><input type=\"checkbox\" name=\"ny\" required class=\"tnp-privacy\"> <a target=\"_blank\" href=\"https:\/\/www.sportowieccodzienny.pl\/index.php\/privacy-policy\/\">Przechodz\u0105c dalej, akceptujesz polityk\u0119 prywatno\u015bci<\/a><\/label><\/div><\/form><\/div>\n<\/div><\/div>\n<\/div><\/div>\n\n\n\n<div class=\"wp-block-group\"><div class=\"wp-block-group__inner-container is-layout-flow wp-block-group-is-layout-flow\"><\/div><\/div>\n\n\n\n<div style=\"height:50px\" aria-hidden=\"true\" class=\"wp-block-spacer\"><\/div>\n<\/div><\/div>\n\n\n\n<p><\/p>\n","protected":false},"excerpt":{"rendered":"","protected":false},"author":1,"featured_media":0,"parent":0,"menu_order":0,"comment_status":"closed","ping_status":"closed","template":"","meta":{"neve_meta_sidebar":"default","neve_meta_container":"","neve_meta_enable_content_width":"on","neve_meta_content_width":100,"neve_meta_title_alignment":"","neve_meta_author_avatar":"","neve_post_elements_order":"","neve_meta_disable_header":"","neve_meta_disable_footer":"","neve_meta_disable_title":"on","footnotes":""},"class_list":["post-75","page","type-page","status-publish","hentry"],"yoast_head":"<!-- This site is optimized with the Yoast SEO plugin v26.8 - https:\/\/yoast.com\/product\/yoast-seo-wordpress\/ -->\n<title>Fizjoterapia Katowice Kontakt - Sportowiec Codzienny<\/title>\n<meta name=\"robots\" content=\"index, follow, max-snippet:-1, max-image-preview:large, max-video-preview:-1\" \/>\n<link rel=\"canonical\" href=\"https:\/\/www.sportowieccodzienny.pl\/index.php\/fizjoterapia-katowice-kontakt\/\" \/>\n<meta property=\"og:locale\" content=\"pl_PL\" \/>\n<meta property=\"og:type\" content=\"article\" \/>\n<meta property=\"og:title\" content=\"Fizjoterapia Katowice Kontakt - Sportowiec Codzienny\" \/>\n<meta property=\"og:url\" content=\"https:\/\/www.sportowieccodzienny.pl\/index.php\/fizjoterapia-katowice-kontakt\/\" \/>\n<meta property=\"og:site_name\" content=\"Sportowiec Codzienny\" \/>\n<meta property=\"article:publisher\" content=\"https:\/\/www.facebook.com\/SportowiecCodzienny\" \/>\n<meta property=\"article:modified_time\" content=\"2024-11-19T13:35:48+00:00\" \/>\n<meta name=\"twitter:card\" content=\"summary_large_image\" \/>\n<meta name=\"twitter:label1\" content=\"Szacowany czas czytania\" \/>\n\t<meta name=\"twitter:data1\" content=\"1 minuta\" \/>\n<script type=\"application\/ld+json\" class=\"yoast-schema-graph\">{\"@context\":\"https:\/\/schema.org\",\"@graph\":[{\"@type\":\"WebPage\",\"@id\":\"https:\/\/www.sportowieccodzienny.pl\/index.php\/fizjoterapia-katowice-kontakt\/\",\"url\":\"https:\/\/www.sportowieccodzienny.pl\/index.php\/fizjoterapia-katowice-kontakt\/\",\"name\":\"Fizjoterapia Katowice Kontakt - Sportowiec Codzienny\",\"isPartOf\":{\"@id\":\"https:\/\/www.sportowieccodzienny.pl\/#website\"},\"datePublished\":\"2020-01-27T08:29:32+00:00\",\"dateModified\":\"2024-11-19T13:35:48+00:00\",\"breadcrumb\":{\"@id\":\"https:\/\/www.sportowieccodzienny.pl\/index.php\/fizjoterapia-katowice-kontakt\/#breadcrumb\"},\"inLanguage\":\"pl-PL\",\"potentialAction\":[{\"@type\":\"ReadAction\",\"target\":[\"https:\/\/www.sportowieccodzienny.pl\/index.php\/fizjoterapia-katowice-kontakt\/\"]}]},{\"@type\":\"BreadcrumbList\",\"@id\":\"https:\/\/www.sportowieccodzienny.pl\/index.php\/fizjoterapia-katowice-kontakt\/#breadcrumb\",\"itemListElement\":[{\"@type\":\"ListItem\",\"position\":1,\"name\":\"Strona g\u0142\u00f3wna\",\"item\":\"https:\/\/www.sportowieccodzienny.pl\/\"},{\"@type\":\"ListItem\",\"position\":2,\"name\":\"Kontakt\"}]},{\"@type\":\"WebSite\",\"@id\":\"https:\/\/www.sportowieccodzienny.pl\/#website\",\"url\":\"https:\/\/www.sportowieccodzienny.pl\/\",\"name\":\"Sportowiec Codzienny\",\"description\":\"Strona firmy Sportowiec Codzienny\",\"publisher\":{\"@id\":\"https:\/\/www.sportowieccodzienny.pl\/#organization\"},\"potentialAction\":[{\"@type\":\"SearchAction\",\"target\":{\"@type\":\"EntryPoint\",\"urlTemplate\":\"https:\/\/www.sportowieccodzienny.pl\/?s={search_term_string}\"},\"query-input\":{\"@type\":\"PropertyValueSpecification\",\"valueRequired\":true,\"valueName\":\"search_term_string\"}}],\"inLanguage\":\"pl-PL\"},{\"@type\":\"Organization\",\"@id\":\"https:\/\/www.sportowieccodzienny.pl\/#organization\",\"name\":\"Sportowiec Codzienny\",\"url\":\"https:\/\/www.sportowieccodzienny.pl\/\",\"logo\":{\"@type\":\"ImageObject\",\"inLanguage\":\"pl-PL\",\"@id\":\"https:\/\/www.sportowieccodzienny.pl\/#\/schema\/logo\/image\/\",\"url\":\"https:\/\/www.sportowieccodzienny.pl\/wp-content\/uploads\/2022\/04\/cropped-Logo-wersja-podstawowa.png\",\"contentUrl\":\"https:\/\/www.sportowieccodzienny.pl\/wp-content\/uploads\/2022\/04\/cropped-Logo-wersja-podstawowa.png\",\"width\":200,\"height\":194,\"caption\":\"Sportowiec Codzienny\"},\"image\":{\"@id\":\"https:\/\/www.sportowieccodzienny.pl\/#\/schema\/logo\/image\/\"},\"sameAs\":[\"https:\/\/www.facebook.com\/SportowiecCodzienny\",\"https:\/\/www.instagram.com\/sportowiec_codzienny\/\"]}]}<\/script>\n<!-- \/ Yoast SEO plugin. -->","yoast_head_json":{"title":"Fizjoterapia Katowice Kontakt - Sportowiec Codzienny","robots":{"index":"index","follow":"follow","max-snippet":"max-snippet:-1","max-image-preview":"max-image-preview:large","max-video-preview":"max-video-preview:-1"},"canonical":"https:\/\/www.sportowieccodzienny.pl\/index.php\/fizjoterapia-katowice-kontakt\/","og_locale":"pl_PL","og_type":"article","og_title":"Fizjoterapia Katowice Kontakt - Sportowiec Codzienny","og_url":"https:\/\/www.sportowieccodzienny.pl\/index.php\/fizjoterapia-katowice-kontakt\/","og_site_name":"Sportowiec Codzienny","article_publisher":"https:\/\/www.facebook.com\/SportowiecCodzienny","article_modified_time":"2024-11-19T13:35:48+00:00","twitter_card":"summary_large_image","twitter_misc":{"Szacowany czas czytania":"1 minuta"},"schema":{"@context":"https:\/\/schema.org","@graph":[{"@type":"WebPage","@id":"https:\/\/www.sportowieccodzienny.pl\/index.php\/fizjoterapia-katowice-kontakt\/","url":"https:\/\/www.sportowieccodzienny.pl\/index.php\/fizjoterapia-katowice-kontakt\/","name":"Fizjoterapia Katowice Kontakt - Sportowiec Codzienny","isPartOf":{"@id":"https:\/\/www.sportowieccodzienny.pl\/#website"},"datePublished":"2020-01-27T08:29:32+00:00","dateModified":"2024-11-19T13:35:48+00:00","breadcrumb":{"@id":"https:\/\/www.sportowieccodzienny.pl\/index.php\/fizjoterapia-katowice-kontakt\/#breadcrumb"},"inLanguage":"pl-PL","potentialAction":[{"@type":"ReadAction","target":["https:\/\/www.sportowieccodzienny.pl\/index.php\/fizjoterapia-katowice-kontakt\/"]}]},{"@type":"BreadcrumbList","@id":"https:\/\/www.sportowieccodzienny.pl\/index.php\/fizjoterapia-katowice-kontakt\/#breadcrumb","itemListElement":[{"@type":"ListItem","position":1,"name":"Strona g\u0142\u00f3wna","item":"https:\/\/www.sportowieccodzienny.pl\/"},{"@type":"ListItem","position":2,"name":"Kontakt"}]},{"@type":"WebSite","@id":"https:\/\/www.sportowieccodzienny.pl\/#website","url":"https:\/\/www.sportowieccodzienny.pl\/","name":"Sportowiec Codzienny","description":"Strona firmy Sportowiec Codzienny","publisher":{"@id":"https:\/\/www.sportowieccodzienny.pl\/#organization"},"potentialAction":[{"@type":"SearchAction","target":{"@type":"EntryPoint","urlTemplate":"https:\/\/www.sportowieccodzienny.pl\/?s={search_term_string}"},"query-input":{"@type":"PropertyValueSpecification","valueRequired":true,"valueName":"search_term_string"}}],"inLanguage":"pl-PL"},{"@type":"Organization","@id":"https:\/\/www.sportowieccodzienny.pl\/#organization","name":"Sportowiec Codzienny","url":"https:\/\/www.sportowieccodzienny.pl\/","logo":{"@type":"ImageObject","inLanguage":"pl-PL","@id":"https:\/\/www.sportowieccodzienny.pl\/#\/schema\/logo\/image\/","url":"https:\/\/www.sportowieccodzienny.pl\/wp-content\/uploads\/2022\/04\/cropped-Logo-wersja-podstawowa.png","contentUrl":"https:\/\/www.sportowieccodzienny.pl\/wp-content\/uploads\/2022\/04\/cropped-Logo-wersja-podstawowa.png","width":200,"height":194,"caption":"Sportowiec Codzienny"},"image":{"@id":"https:\/\/www.sportowieccodzienny.pl\/#\/schema\/logo\/image\/"},"sameAs":["https:\/\/www.facebook.com\/SportowiecCodzienny","https:\/\/www.instagram.com\/sportowiec_codzienny\/"]}]}},"_links":{"self":[{"href":"https:\/\/www.sportowieccodzienny.pl\/index.php\/wp-json\/wp\/v2\/pages\/75","targetHints":{"allow":["GET"]}}],"collection":[{"href":"https:\/\/www.sportowieccodzienny.pl\/index.php\/wp-json\/wp\/v2\/pages"}],"about":[{"href":"https:\/\/www.sportowieccodzienny.pl\/index.php\/wp-json\/wp\/v2\/types\/page"}],"author":[{"embeddable":true,"href":"https:\/\/www.sportowieccodzienny.pl\/index.php\/wp-json\/wp\/v2\/users\/1"}],"replies":[{"embeddable":true,"href":"https:\/\/www.sportowieccodzienny.pl\/index.php\/wp-json\/wp\/v2\/comments?post=75"}],"version-history":[{"count":84,"href":"https:\/\/www.sportowieccodzienny.pl\/index.php\/wp-json\/wp\/v2\/pages\/75\/revisions"}],"predecessor-version":[{"id":1933,"href":"https:\/\/www.sportowieccodzienny.pl\/index.php\/wp-json\/wp\/v2\/pages\/75\/revisions\/1933"}],"wp:attachment":[{"href":"https:\/\/www.sportowieccodzienny.pl\/index.php\/wp-json\/wp\/v2\/media?parent=75"}],"curies":[{"name":"wp","href":"https:\/\/api.w.org\/{rel}","templated":true}]}}