{"id":688,"date":"2022-04-06T08:17:17","date_gmt":"2022-04-06T08:17:17","guid":{"rendered":"https:\/\/www.sportowieccodzienny.pl\/?page_id=688"},"modified":"2025-09-22T19:05:09","modified_gmt":"2025-09-22T19:05:09","slug":"przeglad-techniczny-sportowca-katowice","status":"publish","type":"page","link":"https:\/\/www.sportowieccodzienny.pl\/index.php\/przeglad-techniczny-sportowca-katowice\/","title":{"rendered":"Przegl\u0105d techniczny"},"content":{"rendered":"\n<div class=\"wp-block-buttons is-content-justification-center is-layout-flex wp-container-core-buttons-is-layout-16018d1d wp-block-buttons-is-layout-flex\">\n<div class=\"wp-block-button\"><a class=\"wp-block-button__link has-nv-dark-bg-color has-neve-link-color-background-color has-text-color has-background wp-element-button\" href=\"https:\/\/www.sportowieccodzienny.pl\/index.php\/fizjoterapia-katowice-kontakt\/\" target=\"_blank\" rel=\"noreferrer noopener\">ZAPISZ SI\u0118!<\/a><\/div>\n<\/div>\n\n\n\n<div style=\"height:30px\" aria-hidden=\"true\" class=\"wp-block-spacer\"><\/div>\n\n\n\n<div class=\"wp-block-group alignwide\"><div class=\"wp-block-group__inner-container is-layout-flow wp-block-group-is-layout-flow\">\n<h4 class=\"wp-block-heading\"><strong>Profesjonalny Przegl\u0105d Techniczny Sportowca w gabiecie SPORTOWIEC CODZIENNY<\/strong><\/h4>\n\n\n\n<p>Zdrowie i sprawno\u015b\u0107 sportowa s\u0105 kluczowe dla osi\u0105gni\u0119cia sukcesu w sporcie. W gabinecie SPORTOWIEC CODZIENNY oferuj\u0119 kompleksowy Przegl\u0105d Techniczny Sportowca, kt\u00f3ry pozwoli Ci zidentyfikowa\u0107 obszary do poprawy, zoptymalizowa\u0107 wydajno\u015b\u0107 i unikn\u0105\u0107 kontuzji.<\/p>\n\n\n\n<p>Zapraszam Ci\u0119 do przetestowania swoich zdolno\u015bci ruchowych i ich poprawno\u015bci z punktu widzenia biomechaniki. Razem przeanalizujemy Twoj\u0105 postaw\u0119, Twoje wzorce ruchowe, mobilno\u015b\u0107 i timming mi\u0119\u015bniowy, a je\u017celi b\u0119dziesz chcia\u0142(a) wprowadzimy plan naprawczy, co pozwoli zminimalizowa\u0107 ryzyko kontuzji przeci\u0105\u017ceniowych. Dzi\u0119ki temu nie wypadniesz z re\u017cimu treningowego, i zminimalizujesz znacz\u0105co ryzyko kontuzji przeci\u0105\u017ceniowych.<\/p>\n\n\n\n<h4 class=\"wp-block-heading\">Czym jest Przegl\u0105d Techniczny Sportowca<\/h4>\n\n\n\n<p>Przegl\u0105d techniczny sportowca to przeprowadzenie serii test\u00f3w funkcjonalnych, kt\u00f3rych wyniki pomog\u0105 w ustaleniu tak zwanych s\u0142abych ogniw w \u0142a\u0144cuchu biokinematycznym&nbsp;osoby testowanej. Eliminacja tych s\u0142abych punkt\u00f3w pozwoli na bezpieczne rozwijanie swojej fizyczno\u015bci i sprawno\u015bci, oraz zredukuje ryzyko wyst\u0105pienia kontuzji przeci\u0105\u017ceniowej. Wyniki test\u00f3w pozwol\u0105 na wyznaczenie punktu zero, do kt\u00f3rego osoba poddana testom b\u0119dzie mog\u0142a odnosi\u0107 sw\u00f3j progres w treningu. Wyniki b\u0119d\u0105 r\u00f3wnie\u017c&nbsp;podstaw\u0105 do zaprogramowania odpowiedniego treningu uzupe\u0142niaj\u0105cego pod uprawian\u0105 aktualnie dyscyplin\u0119 sportu.<\/p>\n\n\n\n<h4 class=\"wp-block-heading\">Do kogo skierowany jest Przegl\u0105d techniczny<\/h4>\n\n\n\n<p>&#8211; sportowcy amatorzy, p\u00f3\u0142profesjonalni, oraz zawodowcy;<br>&#8211; osoby kt\u00f3re chcia\u0142by zacz\u0105\u0107 swoj\u0105 przygod\u0119 z aktywno\u015bci\u0105 fizyczn\u0105 w spos\u00f3b bezpieczny.<\/p>\n\n\n\n<h4 class=\"wp-block-heading\">Co obejmuje us\u0142uga Przegl\u0105d techniczny<\/h4>\n\n\n\n<p>Badanie funkcjonalne ca\u0142ego cia\u0142a pod k\u0105tem:<\/p>\n\n\n\n<ul class=\"wp-block-list\">\n<li>zakres\u00f3w ruchomo\u015bci staw\u00f3w,<\/li>\n\n\n\n<li>si\u0142y mi\u0119\u015bniowej,<\/li>\n\n\n\n<li>analizy balansu strukturalnego,<\/li>\n\n\n\n<li>balansu si\u0142y wzgl\u0119dem pozosta\u0142ych cz\u0119\u015bci cia\u0142a,<\/li>\n\n\n\n<li>ocena postawy cia\u0142a,<\/li>\n\n\n\n<li>podstawowe testy wydolno\u015bci,<\/li>\n<\/ul>\n\n\n\n<p>Spisanie wynik\u00f3w testu na kart\u0119 badania funkcjonalnego, wraz ze wskazaniem s\u0142abych ogniw \u0142a\u0144cucha kinematycznego, przekazanie jej klientowi w formie elektronicznej.<\/p>\n\n\n\n<p>Opcj\u0105 dodatkow\u0105 jest propozycja zestawu \u0107wicze\u0144 korekcyjnych, kt\u00f3re maj\u0105 eliminowa\u0107 s\u0142abe ogniwa \u0142a\u0144cucha kinematycznego.<\/p>\n\n\n\n<p><strong><u>Cena:<\/u><\/strong><br>&#8211; Cz\u0119\u015b\u0107 podstawowa 120 z\u0142<br>&#8211; Pakiet ca\u0142o\u015bciowy (z zestawem \u0107wicze\u0144) 150 z\u0142<\/p>\n\n\n\n<h4 class=\"wp-block-heading\"><strong>Dlaczego wybra\u0107 Przegl\u0105d Techniczny Sportowca w moim gabinecie?<\/strong><\/h4>\n\n\n\n<ul class=\"wp-block-list\">\n<li><strong>Do\u015bwiadczenie<\/strong>: Posiadam bogate do\u015bwiadczenie w pracy z zawodowymi i amatorskimi sportowcami, pomagaj\u0105c im w poprawie techniki i wydajno\u015bci.<\/li>\n\n\n\n<li><strong>Zaawansowane technologie<\/strong>: Wykorzystuj\u0119 najnowsze technologie i narz\u0119dzia do przeprowadzania precyzyjnej analizy ruchu i biomechaniki.<\/li>\n\n\n\n<li><strong>Spersonalizowane podej\u015bcie<\/strong>: Tworz\u0119 spersonalizowane plany dzia\u0142ania, dostosowane do indywidualnych potrzeb i cel\u00f3w ka\u017cdego sportowca.<\/li>\n<\/ul>\n\n\n\n<h4 class=\"wp-block-heading\"><strong>Um\u00f3w si\u0119 na Przegl\u0105d Techniczny<\/strong><\/h4>\n\n\n\n<p>Je\u015bli chcesz zoptymalizowa\u0107 swoj\u0105 wydajno\u015b\u0107 sportow\u0105 i unikn\u0105\u0107 kontuzji, to m\u00f3j Przegl\u0105d Techniczny Sportowca jest dla Ciebie. Skontaktuj si\u0119 ze mn\u0105 ju\u017c dzi\u015b, aby um\u00f3wi\u0107 si\u0119 na wizyt\u0119 i rozpocz\u0105\u0107 swoj\u0105 drog\u0119 do doskona\u0142o\u015bci w sporcie. Czekam na Ciebie!<\/p>\n<\/div><\/div>\n\n\n\n<div class=\"wp-block-buttons is-content-justification-center is-layout-flex wp-container-core-buttons-is-layout-16018d1d wp-block-buttons-is-layout-flex\">\n<div class=\"wp-block-button\"><a class=\"wp-block-button__link has-nv-dark-bg-color has-neve-link-color-background-color has-text-color has-background wp-element-button\" href=\"https:\/\/www.sportowieccodzienny.pl\/index.php\/fizjoterapia-katowice-kontakt\/\" target=\"_blank\" rel=\"noreferrer noopener\">ZAPISZ SI\u0118!<\/a><\/div>\n<\/div>\n\n\n\n<div style=\"height:20px\" aria-hidden=\"true\" class=\"wp-block-spacer\"><\/div>\n\n\n\n<figure class=\"wp-block-image alignwide size-large\"><img loading=\"lazy\" decoding=\"async\" width=\"683\" height=\"1024\" src=\"https:\/\/www.sportowieccodzienny.pl\/wp-content\/uploads\/2022\/04\/annie-spratt-oQfSHQ2Uaic-unsplash-1-683x1024.jpg\" alt=\"\" class=\"wp-image-723\" srcset=\"https:\/\/www.sportowieccodzienny.pl\/wp-content\/uploads\/2022\/04\/annie-spratt-oQfSHQ2Uaic-unsplash-1-683x1024.jpg 683w, https:\/\/www.sportowieccodzienny.pl\/wp-content\/uploads\/2022\/04\/annie-spratt-oQfSHQ2Uaic-unsplash-1-200x300.jpg 200w, https:\/\/www.sportowieccodzienny.pl\/wp-content\/uploads\/2022\/04\/annie-spratt-oQfSHQ2Uaic-unsplash-1-768x1151.jpg 768w, https:\/\/www.sportowieccodzienny.pl\/wp-content\/uploads\/2022\/04\/annie-spratt-oQfSHQ2Uaic-unsplash-1-1025x1536.jpg 1025w, https:\/\/www.sportowieccodzienny.pl\/wp-content\/uploads\/2022\/04\/annie-spratt-oQfSHQ2Uaic-unsplash-1-1366x2048.jpg 1366w, https:\/\/www.sportowieccodzienny.pl\/wp-content\/uploads\/2022\/04\/annie-spratt-oQfSHQ2Uaic-unsplash-1-scaled.jpg 1708w\" sizes=\"auto, (max-width: 683px) 100vw, 683px\" \/><\/figure>\n","protected":false},"excerpt":{"rendered":"<p>Profesjonalny Przegl\u0105d Techniczny Sportowca w gabiecie SPORTOWIEC CODZIENNY Zdrowie i sprawno\u015b\u0107 sportowa s\u0105 kluczowe dla osi\u0105gni\u0119cia sukcesu w sporcie. W gabinecie SPORTOWIEC CODZIENNY oferuj\u0119 kompleksowy Przegl\u0105d Techniczny Sportowca, kt\u00f3ry pozwoli Ci zidentyfikowa\u0107 obszary do poprawy, zoptymalizowa\u0107 wydajno\u015b\u0107 i unikn\u0105\u0107 kontuzji. Zapraszam Ci\u0119 do przetestowania swoich zdolno\u015bci ruchowych i ich poprawno\u015bci z punktu widzenia biomechaniki. Razem&hellip;&nbsp;<a href=\"https:\/\/www.sportowieccodzienny.pl\/index.php\/przeglad-techniczny-sportowca-katowice\/\" rel=\"bookmark\">Dowiedz si\u0119 wi\u0119cej &raquo;<span class=\"screen-reader-text\">Przegl\u0105d techniczny<\/span><\/a><\/p>\n","protected":false},"author":1,"featured_media":722,"parent":0,"menu_order":0,"comment_status":"closed","ping_status":"closed","template":"","meta":{"neve_meta_sidebar":"","neve_meta_container":"","neve_meta_enable_content_width":"","neve_meta_content_width":0,"neve_meta_title_alignment":"","neve_meta_author_avatar":"","neve_post_elements_order":"","neve_meta_disable_header":"","neve_meta_disable_footer":"","neve_meta_disable_title":"","footnotes":""},"class_list":["post-688","page","type-page","status-publish","has-post-thumbnail","hentry"],"yoast_head":"<!-- This site is optimized with the Yoast SEO plugin v26.8 - https:\/\/yoast.com\/product\/yoast-seo-wordpress\/ -->\n<title>Przegl\u0105d techniczny sportowca Katowice - Sportowiec Codzienny<\/title>\n<meta name=\"description\" content=\"Przegl\u0105d Techniczny Sportowca pozwoli Ci zidentyfikowa\u0107 obszary do poprawy, zoptymalizowa\u0107 wydajno\u015b\u0107 i unikn\u0105\u0107 kontuzji. Zapraszam!\" \/>\n<meta name=\"robots\" content=\"index, follow, max-snippet:-1, max-image-preview:large, max-video-preview:-1\" \/>\n<link rel=\"canonical\" href=\"https:\/\/www.sportowieccodzienny.pl\/index.php\/przeglad-techniczny-sportowca-katowice\/\" \/>\n<meta property=\"og:locale\" content=\"pl_PL\" \/>\n<meta property=\"og:type\" content=\"article\" \/>\n<meta property=\"og:title\" content=\"Przegl\u0105d techniczny sportowca Katowice - Sportowiec Codzienny\" \/>\n<meta property=\"og:description\" content=\"Przegl\u0105d Techniczny Sportowca pozwoli Ci zidentyfikowa\u0107 obszary do poprawy, zoptymalizowa\u0107 wydajno\u015b\u0107 i unikn\u0105\u0107 kontuzji. Zapraszam!\" \/>\n<meta property=\"og:url\" content=\"https:\/\/www.sportowieccodzienny.pl\/index.php\/przeglad-techniczny-sportowca-katowice\/\" \/>\n<meta property=\"og:site_name\" content=\"Sportowiec Codzienny\" \/>\n<meta property=\"article:publisher\" content=\"https:\/\/www.facebook.com\/SportowiecCodzienny\" \/>\n<meta property=\"article:modified_time\" content=\"2025-09-22T19:05:09+00:00\" \/>\n<meta property=\"og:image\" content=\"https:\/\/www.sportowieccodzienny.pl\/wp-content\/uploads\/2022\/04\/sincerely-media-LYn0koTX-oo-unsplash-scaled.jpg\" \/>\n\t<meta property=\"og:image:width\" content=\"2560\" \/>\n\t<meta property=\"og:image:height\" content=\"1707\" \/>\n\t<meta property=\"og:image:type\" content=\"image\/jpeg\" \/>\n<meta name=\"twitter:card\" content=\"summary_large_image\" \/>\n<meta name=\"twitter:label1\" content=\"Szacowany czas czytania\" \/>\n\t<meta name=\"twitter:data1\" content=\"3 minuty\" \/>\n<script type=\"application\/ld+json\" class=\"yoast-schema-graph\">{\"@context\":\"https:\/\/schema.org\",\"@graph\":[{\"@type\":\"WebPage\",\"@id\":\"https:\/\/www.sportowieccodzienny.pl\/index.php\/przeglad-techniczny-sportowca-katowice\/\",\"url\":\"https:\/\/www.sportowieccodzienny.pl\/index.php\/przeglad-techniczny-sportowca-katowice\/\",\"name\":\"Przegl\u0105d techniczny sportowca Katowice - Sportowiec Codzienny\",\"isPartOf\":{\"@id\":\"https:\/\/www.sportowieccodzienny.pl\/#website\"},\"primaryImageOfPage\":{\"@id\":\"https:\/\/www.sportowieccodzienny.pl\/index.php\/przeglad-techniczny-sportowca-katowice\/#primaryimage\"},\"image\":{\"@id\":\"https:\/\/www.sportowieccodzienny.pl\/index.php\/przeglad-techniczny-sportowca-katowice\/#primaryimage\"},\"thumbnailUrl\":\"https:\/\/www.sportowieccodzienny.pl\/wp-content\/uploads\/2022\/04\/sincerely-media-LYn0koTX-oo-unsplash-scaled.jpg\",\"datePublished\":\"2022-04-06T08:17:17+00:00\",\"dateModified\":\"2025-09-22T19:05:09+00:00\",\"description\":\"Przegl\u0105d Techniczny Sportowca pozwoli Ci zidentyfikowa\u0107 obszary do poprawy, zoptymalizowa\u0107 wydajno\u015b\u0107 i unikn\u0105\u0107 kontuzji. Zapraszam!\",\"breadcrumb\":{\"@id\":\"https:\/\/www.sportowieccodzienny.pl\/index.php\/przeglad-techniczny-sportowca-katowice\/#breadcrumb\"},\"inLanguage\":\"pl-PL\",\"potentialAction\":[{\"@type\":\"ReadAction\",\"target\":[\"https:\/\/www.sportowieccodzienny.pl\/index.php\/przeglad-techniczny-sportowca-katowice\/\"]}]},{\"@type\":\"ImageObject\",\"inLanguage\":\"pl-PL\",\"@id\":\"https:\/\/www.sportowieccodzienny.pl\/index.php\/przeglad-techniczny-sportowca-katowice\/#primaryimage\",\"url\":\"https:\/\/www.sportowieccodzienny.pl\/wp-content\/uploads\/2022\/04\/sincerely-media-LYn0koTX-oo-unsplash-scaled.jpg\",\"contentUrl\":\"https:\/\/www.sportowieccodzienny.pl\/wp-content\/uploads\/2022\/04\/sincerely-media-LYn0koTX-oo-unsplash-scaled.jpg\",\"width\":2560,\"height\":1707},{\"@type\":\"BreadcrumbList\",\"@id\":\"https:\/\/www.sportowieccodzienny.pl\/index.php\/przeglad-techniczny-sportowca-katowice\/#breadcrumb\",\"itemListElement\":[{\"@type\":\"ListItem\",\"position\":1,\"name\":\"Strona g\u0142\u00f3wna\",\"item\":\"https:\/\/www.sportowieccodzienny.pl\/\"},{\"@type\":\"ListItem\",\"position\":2,\"name\":\"Przegl\u0105d techniczny\"}]},{\"@type\":\"WebSite\",\"@id\":\"https:\/\/www.sportowieccodzienny.pl\/#website\",\"url\":\"https:\/\/www.sportowieccodzienny.pl\/\",\"name\":\"Sportowiec Codzienny\",\"description\":\"Strona firmy Sportowiec Codzienny\",\"publisher\":{\"@id\":\"https:\/\/www.sportowieccodzienny.pl\/#organization\"},\"potentialAction\":[{\"@type\":\"SearchAction\",\"target\":{\"@type\":\"EntryPoint\",\"urlTemplate\":\"https:\/\/www.sportowieccodzienny.pl\/?s={search_term_string}\"},\"query-input\":{\"@type\":\"PropertyValueSpecification\",\"valueRequired\":true,\"valueName\":\"search_term_string\"}}],\"inLanguage\":\"pl-PL\"},{\"@type\":\"Organization\",\"@id\":\"https:\/\/www.sportowieccodzienny.pl\/#organization\",\"name\":\"Sportowiec Codzienny\",\"url\":\"https:\/\/www.sportowieccodzienny.pl\/\",\"logo\":{\"@type\":\"ImageObject\",\"inLanguage\":\"pl-PL\",\"@id\":\"https:\/\/www.sportowieccodzienny.pl\/#\/schema\/logo\/image\/\",\"url\":\"https:\/\/www.sportowieccodzienny.pl\/wp-content\/uploads\/2022\/04\/cropped-Logo-wersja-podstawowa.png\",\"contentUrl\":\"https:\/\/www.sportowieccodzienny.pl\/wp-content\/uploads\/2022\/04\/cropped-Logo-wersja-podstawowa.png\",\"width\":200,\"height\":194,\"caption\":\"Sportowiec Codzienny\"},\"image\":{\"@id\":\"https:\/\/www.sportowieccodzienny.pl\/#\/schema\/logo\/image\/\"},\"sameAs\":[\"https:\/\/www.facebook.com\/SportowiecCodzienny\",\"https:\/\/www.instagram.com\/sportowiec_codzienny\/\"]}]}<\/script>\n<!-- \/ Yoast SEO plugin. -->","yoast_head_json":{"title":"Przegl\u0105d techniczny sportowca Katowice - Sportowiec Codzienny","description":"Przegl\u0105d Techniczny Sportowca pozwoli Ci zidentyfikowa\u0107 obszary do poprawy, zoptymalizowa\u0107 wydajno\u015b\u0107 i unikn\u0105\u0107 kontuzji. Zapraszam!","robots":{"index":"index","follow":"follow","max-snippet":"max-snippet:-1","max-image-preview":"max-image-preview:large","max-video-preview":"max-video-preview:-1"},"canonical":"https:\/\/www.sportowieccodzienny.pl\/index.php\/przeglad-techniczny-sportowca-katowice\/","og_locale":"pl_PL","og_type":"article","og_title":"Przegl\u0105d techniczny sportowca Katowice - Sportowiec Codzienny","og_description":"Przegl\u0105d Techniczny Sportowca pozwoli Ci zidentyfikowa\u0107 obszary do poprawy, zoptymalizowa\u0107 wydajno\u015b\u0107 i unikn\u0105\u0107 kontuzji. Zapraszam!","og_url":"https:\/\/www.sportowieccodzienny.pl\/index.php\/przeglad-techniczny-sportowca-katowice\/","og_site_name":"Sportowiec Codzienny","article_publisher":"https:\/\/www.facebook.com\/SportowiecCodzienny","article_modified_time":"2025-09-22T19:05:09+00:00","og_image":[{"width":2560,"height":1707,"url":"https:\/\/www.sportowieccodzienny.pl\/wp-content\/uploads\/2022\/04\/sincerely-media-LYn0koTX-oo-unsplash-scaled.jpg","type":"image\/jpeg"}],"twitter_card":"summary_large_image","twitter_misc":{"Szacowany czas czytania":"3 minuty"},"schema":{"@context":"https:\/\/schema.org","@graph":[{"@type":"WebPage","@id":"https:\/\/www.sportowieccodzienny.pl\/index.php\/przeglad-techniczny-sportowca-katowice\/","url":"https:\/\/www.sportowieccodzienny.pl\/index.php\/przeglad-techniczny-sportowca-katowice\/","name":"Przegl\u0105d techniczny sportowca Katowice - Sportowiec Codzienny","isPartOf":{"@id":"https:\/\/www.sportowieccodzienny.pl\/#website"},"primaryImageOfPage":{"@id":"https:\/\/www.sportowieccodzienny.pl\/index.php\/przeglad-techniczny-sportowca-katowice\/#primaryimage"},"image":{"@id":"https:\/\/www.sportowieccodzienny.pl\/index.php\/przeglad-techniczny-sportowca-katowice\/#primaryimage"},"thumbnailUrl":"https:\/\/www.sportowieccodzienny.pl\/wp-content\/uploads\/2022\/04\/sincerely-media-LYn0koTX-oo-unsplash-scaled.jpg","datePublished":"2022-04-06T08:17:17+00:00","dateModified":"2025-09-22T19:05:09+00:00","description":"Przegl\u0105d Techniczny Sportowca pozwoli Ci zidentyfikowa\u0107 obszary do poprawy, zoptymalizowa\u0107 wydajno\u015b\u0107 i unikn\u0105\u0107 kontuzji. Zapraszam!","breadcrumb":{"@id":"https:\/\/www.sportowieccodzienny.pl\/index.php\/przeglad-techniczny-sportowca-katowice\/#breadcrumb"},"inLanguage":"pl-PL","potentialAction":[{"@type":"ReadAction","target":["https:\/\/www.sportowieccodzienny.pl\/index.php\/przeglad-techniczny-sportowca-katowice\/"]}]},{"@type":"ImageObject","inLanguage":"pl-PL","@id":"https:\/\/www.sportowieccodzienny.pl\/index.php\/przeglad-techniczny-sportowca-katowice\/#primaryimage","url":"https:\/\/www.sportowieccodzienny.pl\/wp-content\/uploads\/2022\/04\/sincerely-media-LYn0koTX-oo-unsplash-scaled.jpg","contentUrl":"https:\/\/www.sportowieccodzienny.pl\/wp-content\/uploads\/2022\/04\/sincerely-media-LYn0koTX-oo-unsplash-scaled.jpg","width":2560,"height":1707},{"@type":"BreadcrumbList","@id":"https:\/\/www.sportowieccodzienny.pl\/index.php\/przeglad-techniczny-sportowca-katowice\/#breadcrumb","itemListElement":[{"@type":"ListItem","position":1,"name":"Strona g\u0142\u00f3wna","item":"https:\/\/www.sportowieccodzienny.pl\/"},{"@type":"ListItem","position":2,"name":"Przegl\u0105d techniczny"}]},{"@type":"WebSite","@id":"https:\/\/www.sportowieccodzienny.pl\/#website","url":"https:\/\/www.sportowieccodzienny.pl\/","name":"Sportowiec Codzienny","description":"Strona firmy Sportowiec Codzienny","publisher":{"@id":"https:\/\/www.sportowieccodzienny.pl\/#organization"},"potentialAction":[{"@type":"SearchAction","target":{"@type":"EntryPoint","urlTemplate":"https:\/\/www.sportowieccodzienny.pl\/?s={search_term_string}"},"query-input":{"@type":"PropertyValueSpecification","valueRequired":true,"valueName":"search_term_string"}}],"inLanguage":"pl-PL"},{"@type":"Organization","@id":"https:\/\/www.sportowieccodzienny.pl\/#organization","name":"Sportowiec Codzienny","url":"https:\/\/www.sportowieccodzienny.pl\/","logo":{"@type":"ImageObject","inLanguage":"pl-PL","@id":"https:\/\/www.sportowieccodzienny.pl\/#\/schema\/logo\/image\/","url":"https:\/\/www.sportowieccodzienny.pl\/wp-content\/uploads\/2022\/04\/cropped-Logo-wersja-podstawowa.png","contentUrl":"https:\/\/www.sportowieccodzienny.pl\/wp-content\/uploads\/2022\/04\/cropped-Logo-wersja-podstawowa.png","width":200,"height":194,"caption":"Sportowiec Codzienny"},"image":{"@id":"https:\/\/www.sportowieccodzienny.pl\/#\/schema\/logo\/image\/"},"sameAs":["https:\/\/www.facebook.com\/SportowiecCodzienny","https:\/\/www.instagram.com\/sportowiec_codzienny\/"]}]}},"_links":{"self":[{"href":"https:\/\/www.sportowieccodzienny.pl\/index.php\/wp-json\/wp\/v2\/pages\/688","targetHints":{"allow":["GET"]}}],"collection":[{"href":"https:\/\/www.sportowieccodzienny.pl\/index.php\/wp-json\/wp\/v2\/pages"}],"about":[{"href":"https:\/\/www.sportowieccodzienny.pl\/index.php\/wp-json\/wp\/v2\/types\/page"}],"author":[{"embeddable":true,"href":"https:\/\/www.sportowieccodzienny.pl\/index.php\/wp-json\/wp\/v2\/users\/1"}],"replies":[{"embeddable":true,"href":"https:\/\/www.sportowieccodzienny.pl\/index.php\/wp-json\/wp\/v2\/comments?post=688"}],"version-history":[{"count":19,"href":"https:\/\/www.sportowieccodzienny.pl\/index.php\/wp-json\/wp\/v2\/pages\/688\/revisions"}],"predecessor-version":[{"id":1721,"href":"https:\/\/www.sportowieccodzienny.pl\/index.php\/wp-json\/wp\/v2\/pages\/688\/revisions\/1721"}],"wp:featuredmedia":[{"embeddable":true,"href":"https:\/\/www.sportowieccodzienny.pl\/index.php\/wp-json\/wp\/v2\/media\/722"}],"wp:attachment":[{"href":"https:\/\/www.sportowieccodzienny.pl\/index.php\/wp-json\/wp\/v2\/media?parent=688"}],"curies":[{"name":"wp","href":"https:\/\/api.w.org\/{rel}","templated":true}]}}