{"id":401,"date":"2022-03-11T12:34:38","date_gmt":"2022-03-11T12:34:38","guid":{"rendered":"https:\/\/www.sportowieccodzienny.pl\/?page_id=401"},"modified":"2025-09-22T19:04:09","modified_gmt":"2025-09-22T19:04:09","slug":"powrot-do-sportu-katowice","status":"publish","type":"page","link":"https:\/\/www.sportowieccodzienny.pl\/index.php\/powrot-do-sportu-katowice\/","title":{"rendered":"Powr\u00f3t do sportu"},"content":{"rendered":"\n<div class=\"wp-block-buttons is-content-justification-center is-layout-flex wp-container-core-buttons-is-layout-16018d1d wp-block-buttons-is-layout-flex\">\n<div class=\"wp-block-button is-style-primary\"><a class=\"wp-block-button__link wp-element-button\" href=\"https:\/\/www.sportowieccodzienny.pl\/index.php\/fizjoterapia-katowice-kontakt\/\" target=\"_blank\" rel=\"noreferrer noopener\">ZAPISZ SI\u0118!<\/a><\/div>\n<\/div>\n\n\n\n<div style=\"height:30px\" aria-hidden=\"true\" class=\"wp-block-spacer\"><\/div>\n\n\n\n<div class=\"wp-block-group alignwide\"><div class=\"wp-block-group__inner-container is-layout-flow wp-block-group-is-layout-flow\">\n<h4 class=\"wp-block-heading\">Profesjonalne wsparcie w powrocie do aktywno\u015bci sportowej w gabinecie SPORTOWIEC CODZIENNY<\/h4>\n\n\n\n<p>Jeste\u015b sportowcem zawodowym lub amatorskim i przytrafi\u0142a Ci si\u0119 kontuzja? Chcesz powr\u00f3ci\u0107 do sportu, ale nie wiesz jak? Spokojnie, nie musisz przestawa\u0107 trenowa\u0107. Wsp\u00f3lnie spr\u00f3bujemy dobra\u0107 Ci taki zestaw \u0107wicze\u0144, aby m\u00f3c w bezpieczny spos\u00f3b obci\u0105\u017ca\u0107 sw\u00f3j organizm pomimo kontuzji. Jednocze\u015bnie zajmiemy si\u0119 rehabilitacj\u0105 Twojego urazu. <\/p>\n\n\n\n<h4 class=\"wp-block-heading\">Spos\u00f3b dzia\u0142ania<\/h4>\n\n\n\n<p>Zadzia\u0142amy dwutorowo. Wprowadzimy rehabilitacj\u0119 przy\u015bpieszaj\u0105c\u0105 regeneracj\u0119 uszkodzonej struktury i powr\u00f3t jej funkcji, a jednocze\u015bnie skupimy si\u0119 na pozosta\u0142ych aspektach Twojej motoryczno\u015bci. Dzi\u0119ki temu b\u0119dziesz m\u00f3g\u0142\/mog\u0142a w jak najszybszy i jak najbezpieczniejszy spos\u00f3b wr\u00f3ci\u0107 do treningu bazowego. <\/p>\n\n\n\n<p>Jako sportowiec powiniene\u015b\/powinna\u015b by\u0107 sam\/a dla siebie trenerem, wi\u0119c b\u0119dziesz dostawa\u0107 zadania domowe. B\u0119dziesz m\u00f3g\u0142\/mog\u0142a wykonywa\u0107 je pomi\u0119dzy naszymi spotkaniami, aby zmaksymalizowa\u0107 efekty naszej wsp\u00f3\u0142pracy. <\/p>\n\n\n\n<h4 class=\"wp-block-heading\"><strong>Moje us\u0142ugi pomocy w Powrocie do Sportu obejmuj\u0105:<\/strong><\/h4>\n\n\n\n<ol class=\"wp-block-list\">\n<li><strong>Ocena i Diagnoza<\/strong>: Przeprowadzam dok\u0142adn\u0105 ocen\u0119 Twojej kontuzji, identyfikuj\u0105c jej \u017ar\u00f3d\u0142o i zakres uszkodze\u0144, aby stworzy\u0107 spersonalizowany plan leczenia.<\/li>\n\n\n\n<li><strong>Terapia i Rehabilitacja<\/strong>: Opracowuj\u0119 kompleksowy program terapeutyczny, kt\u00f3ry obejmuje terapi\u0119 manualn\u0105, \u0107wiczenia rehabilitacyjne, elektroterapi\u0119 oraz inne skuteczne metody rehabilitacji.<\/li>\n\n\n\n<li><strong>Indywidualne Programy Treningowe<\/strong>: Tworz\u0119 spersonalizowane programy treningowe, kt\u00f3re pomagaj\u0105 w odbudowie si\u0142y, wytrzyma\u0142o\u015bci i sprawno\u015bci, przy jednoczesnym minimalizowaniu ryzyka ponownej kontuzji.<\/li>\n\n\n\n<li><strong>Monitorowanie Post\u0119p\u00f3w<\/strong>: Regularnie monitoruj\u0119 Twoje post\u0119py i dostosowuj\u0119 terapi\u0119 i programy treningowe, aby zapewni\u0107 Ci optymalne rezultaty.<\/li>\n\n\n\n<li><strong>Doradztwo i Edukacja<\/strong>: Dostarczam Ci niezb\u0119dnej wiedzy i porad, aby\u015b m\u00f3g\u0142\/mog\u0142a lepiej zrozumie\u0107 swoj\u0105 kontuzj\u0119 oraz unika\u0107 jej ponownego wyst\u0105pienia w przysz\u0142o\u015bci.<\/li>\n<\/ol>\n\n\n\n<h4 class=\"wp-block-heading\"><strong>Dlaczego wybra\u0107 moje us\u0142ugi w Powrocie do Sportu?<\/strong><\/h4>\n\n\n\n<ul class=\"wp-block-list\">\n<li><strong>Do\u015bwiadczenie<\/strong>: Mam bogate do\u015bwiadczenie w leczeniu kontuzji sportowych i wspieraniu sportowc\u00f3w w powrocie do aktywno\u015bci.<\/li>\n\n\n\n<li><strong>Spersonalizowane podej\u015bcie<\/strong>: Tworz\u0119 spersonalizowane plany leczenia i treningu, dostosowane do Twoich indywidualnych potrzeb i cel\u00f3w.<\/li>\n\n\n\n<li><strong>Skuteczne metody terapeutyczne<\/strong>: Stosuj\u0119 najnowsze metody i techniki rehabilitacji, kt\u00f3re s\u0105 skuteczne i bezpieczne dla Twojego zdrowia.<\/li>\n<\/ul>\n\n\n\n<h4 class=\"wp-block-heading\"><strong>Um\u00f3w si\u0119 na wizyt\u0119<\/strong><\/h4>\n\n\n\n<p>Je\u015bli marzysz o powrocie do sportu po kontuzji, to m\u00f3j gabinet SPORTOWIEC CODZIENNY jest idealnym miejscem, gdzie mo\u017cesz otrzyma\u0107 profesjonaln\u0105 opiek\u0119 i wsparcie. Skontaktuj si\u0119 ze mn\u0105 ju\u017c dzi\u015b, aby um\u00f3wi\u0107 si\u0119 na wizyt\u0119 i rozpocz\u0105\u0107 swoj\u0105 drog\u0119 do pe\u0142nego powrotu do aktywno\u015bci sportowej. Czekam na Ciebie!<\/p>\n<\/div><\/div>\n\n\n\n<div class=\"wp-block-buttons is-content-justification-center is-layout-flex wp-container-core-buttons-is-layout-16018d1d wp-block-buttons-is-layout-flex\">\n<div class=\"wp-block-button is-style-primary\"><a class=\"wp-block-button__link wp-element-button\" href=\"https:\/\/www.sportowieccodzienny.pl\/index.php\/fizjoterapia-katowice-kontakt\/\" target=\"_blank\" rel=\"noreferrer noopener\">ZAPISZ SI\u0118!<\/a><\/div>\n<\/div>\n\n\n\n<p><\/p>\n\n\n\n<div style=\"height:20px\" aria-hidden=\"true\" class=\"wp-block-spacer\"><\/div>\n\n\n\n<figure class=\"wp-block-image alignwide size-large\"><img loading=\"lazy\" decoding=\"async\" width=\"1024\" height=\"683\" src=\"https:\/\/www.sportowieccodzienny.pl\/wp-content\/uploads\/2022\/04\/victor-freitas-qZ-U9z4TQ6A-unsplash-1024x683.jpg\" alt=\"\" class=\"wp-image-717\" srcset=\"https:\/\/www.sportowieccodzienny.pl\/wp-content\/uploads\/2022\/04\/victor-freitas-qZ-U9z4TQ6A-unsplash-1024x683.jpg 1024w, https:\/\/www.sportowieccodzienny.pl\/wp-content\/uploads\/2022\/04\/victor-freitas-qZ-U9z4TQ6A-unsplash-300x200.jpg 300w, https:\/\/www.sportowieccodzienny.pl\/wp-content\/uploads\/2022\/04\/victor-freitas-qZ-U9z4TQ6A-unsplash-768x512.jpg 768w, https:\/\/www.sportowieccodzienny.pl\/wp-content\/uploads\/2022\/04\/victor-freitas-qZ-U9z4TQ6A-unsplash-1536x1024.jpg 1536w, https:\/\/www.sportowieccodzienny.pl\/wp-content\/uploads\/2022\/04\/victor-freitas-qZ-U9z4TQ6A-unsplash-2048x1365.jpg 2048w, https:\/\/www.sportowieccodzienny.pl\/wp-content\/uploads\/2022\/04\/victor-freitas-qZ-U9z4TQ6A-unsplash-930x620.jpg 930w\" sizes=\"auto, (max-width: 1024px) 100vw, 1024px\" \/><\/figure>\n","protected":false},"excerpt":{"rendered":"<p>Profesjonalne wsparcie w powrocie do aktywno\u015bci sportowej w gabinecie SPORTOWIEC CODZIENNY Jeste\u015b sportowcem zawodowym lub amatorskim i przytrafi\u0142a Ci si\u0119 kontuzja? Chcesz powr\u00f3ci\u0107 do sportu, ale nie wiesz jak? Spokojnie, nie musisz przestawa\u0107 trenowa\u0107. Wsp\u00f3lnie spr\u00f3bujemy dobra\u0107 Ci taki zestaw \u0107wicze\u0144, aby m\u00f3c w bezpieczny spos\u00f3b obci\u0105\u017ca\u0107 sw\u00f3j organizm pomimo kontuzji. Jednocze\u015bnie zajmiemy si\u0119 rehabilitacj\u0105&hellip;&nbsp;<a href=\"https:\/\/www.sportowieccodzienny.pl\/index.php\/powrot-do-sportu-katowice\/\" rel=\"bookmark\">Dowiedz si\u0119 wi\u0119cej &raquo;<span class=\"screen-reader-text\">Powr\u00f3t do sportu<\/span><\/a><\/p>\n","protected":false},"author":1,"featured_media":585,"parent":0,"menu_order":0,"comment_status":"closed","ping_status":"closed","template":"","meta":{"neve_meta_sidebar":"","neve_meta_container":"","neve_meta_enable_content_width":"","neve_meta_content_width":0,"neve_meta_title_alignment":"","neve_meta_author_avatar":"","neve_post_elements_order":"","neve_meta_disable_header":"","neve_meta_disable_footer":"","neve_meta_disable_title":"","footnotes":""},"class_list":["post-401","page","type-page","status-publish","has-post-thumbnail","hentry"],"yoast_head":"<!-- This site is optimized with the Yoast SEO plugin v26.8 - https:\/\/yoast.com\/product\/yoast-seo-wordpress\/ -->\n<title>Powr\u00f3t do sportu Katowice - Sportowiec Codzienny<\/title>\n<meta name=\"description\" content=\"Jeste\u015b sportowcem zawodowym lub amatorskim? Przytrafi\u0142a Ci si\u0119 kontuzja? Wsp\u00f3lnie dobierzemy zestaw \u0107wicze\u0144, aby bezpiecznie powr\u00f3ci\u0107 do aktywno\u015bci.\" \/>\n<meta name=\"robots\" content=\"index, follow, max-snippet:-1, max-image-preview:large, max-video-preview:-1\" \/>\n<link rel=\"canonical\" href=\"https:\/\/www.sportowieccodzienny.pl\/index.php\/powrot-do-sportu-katowice\/\" \/>\n<meta property=\"og:locale\" content=\"pl_PL\" \/>\n<meta property=\"og:type\" content=\"article\" \/>\n<meta property=\"og:title\" content=\"Powr\u00f3t do sportu Katowice - Sportowiec Codzienny\" \/>\n<meta property=\"og:description\" content=\"Jeste\u015b sportowcem zawodowym lub amatorskim? Przytrafi\u0142a Ci si\u0119 kontuzja? Wsp\u00f3lnie dobierzemy zestaw \u0107wicze\u0144, aby bezpiecznie powr\u00f3ci\u0107 do aktywno\u015bci.\" \/>\n<meta property=\"og:url\" content=\"https:\/\/www.sportowieccodzienny.pl\/index.php\/powrot-do-sportu-katowice\/\" \/>\n<meta property=\"og:site_name\" content=\"Sportowiec Codzienny\" \/>\n<meta property=\"article:publisher\" content=\"https:\/\/www.facebook.com\/SportowiecCodzienny\" \/>\n<meta property=\"article:modified_time\" content=\"2025-09-22T19:04:09+00:00\" \/>\n<meta property=\"og:image\" content=\"https:\/\/www.sportowieccodzienny.pl\/wp-content\/uploads\/2022\/03\/football-67701_1920.jpg\" \/>\n\t<meta property=\"og:image:width\" content=\"1920\" \/>\n\t<meta property=\"og:image:height\" content=\"1275\" \/>\n\t<meta property=\"og:image:type\" content=\"image\/jpeg\" \/>\n<meta name=\"twitter:card\" content=\"summary_large_image\" \/>\n<meta name=\"twitter:label1\" content=\"Szacowany czas czytania\" \/>\n\t<meta name=\"twitter:data1\" content=\"3 minuty\" \/>\n<script type=\"application\/ld+json\" class=\"yoast-schema-graph\">{\"@context\":\"https:\/\/schema.org\",\"@graph\":[{\"@type\":\"WebPage\",\"@id\":\"https:\/\/www.sportowieccodzienny.pl\/index.php\/powrot-do-sportu-katowice\/\",\"url\":\"https:\/\/www.sportowieccodzienny.pl\/index.php\/powrot-do-sportu-katowice\/\",\"name\":\"Powr\u00f3t do sportu Katowice - Sportowiec Codzienny\",\"isPartOf\":{\"@id\":\"https:\/\/www.sportowieccodzienny.pl\/#website\"},\"primaryImageOfPage\":{\"@id\":\"https:\/\/www.sportowieccodzienny.pl\/index.php\/powrot-do-sportu-katowice\/#primaryimage\"},\"image\":{\"@id\":\"https:\/\/www.sportowieccodzienny.pl\/index.php\/powrot-do-sportu-katowice\/#primaryimage\"},\"thumbnailUrl\":\"https:\/\/www.sportowieccodzienny.pl\/wp-content\/uploads\/2022\/03\/football-67701_1920.jpg\",\"datePublished\":\"2022-03-11T12:34:38+00:00\",\"dateModified\":\"2025-09-22T19:04:09+00:00\",\"description\":\"Jeste\u015b sportowcem zawodowym lub amatorskim? Przytrafi\u0142a Ci si\u0119 kontuzja? Wsp\u00f3lnie dobierzemy zestaw \u0107wicze\u0144, aby bezpiecznie powr\u00f3ci\u0107 do aktywno\u015bci.\",\"breadcrumb\":{\"@id\":\"https:\/\/www.sportowieccodzienny.pl\/index.php\/powrot-do-sportu-katowice\/#breadcrumb\"},\"inLanguage\":\"pl-PL\",\"potentialAction\":[{\"@type\":\"ReadAction\",\"target\":[\"https:\/\/www.sportowieccodzienny.pl\/index.php\/powrot-do-sportu-katowice\/\"]}]},{\"@type\":\"ImageObject\",\"inLanguage\":\"pl-PL\",\"@id\":\"https:\/\/www.sportowieccodzienny.pl\/index.php\/powrot-do-sportu-katowice\/#primaryimage\",\"url\":\"https:\/\/www.sportowieccodzienny.pl\/wp-content\/uploads\/2022\/03\/football-67701_1920.jpg\",\"contentUrl\":\"https:\/\/www.sportowieccodzienny.pl\/wp-content\/uploads\/2022\/03\/football-67701_1920.jpg\",\"width\":1920,\"height\":1275},{\"@type\":\"BreadcrumbList\",\"@id\":\"https:\/\/www.sportowieccodzienny.pl\/index.php\/powrot-do-sportu-katowice\/#breadcrumb\",\"itemListElement\":[{\"@type\":\"ListItem\",\"position\":1,\"name\":\"Strona g\u0142\u00f3wna\",\"item\":\"https:\/\/www.sportowieccodzienny.pl\/\"},{\"@type\":\"ListItem\",\"position\":2,\"name\":\"Powr\u00f3t do sportu\"}]},{\"@type\":\"WebSite\",\"@id\":\"https:\/\/www.sportowieccodzienny.pl\/#website\",\"url\":\"https:\/\/www.sportowieccodzienny.pl\/\",\"name\":\"Sportowiec Codzienny\",\"description\":\"Strona firmy Sportowiec Codzienny\",\"publisher\":{\"@id\":\"https:\/\/www.sportowieccodzienny.pl\/#organization\"},\"potentialAction\":[{\"@type\":\"SearchAction\",\"target\":{\"@type\":\"EntryPoint\",\"urlTemplate\":\"https:\/\/www.sportowieccodzienny.pl\/?s={search_term_string}\"},\"query-input\":{\"@type\":\"PropertyValueSpecification\",\"valueRequired\":true,\"valueName\":\"search_term_string\"}}],\"inLanguage\":\"pl-PL\"},{\"@type\":\"Organization\",\"@id\":\"https:\/\/www.sportowieccodzienny.pl\/#organization\",\"name\":\"Sportowiec Codzienny\",\"url\":\"https:\/\/www.sportowieccodzienny.pl\/\",\"logo\":{\"@type\":\"ImageObject\",\"inLanguage\":\"pl-PL\",\"@id\":\"https:\/\/www.sportowieccodzienny.pl\/#\/schema\/logo\/image\/\",\"url\":\"https:\/\/www.sportowieccodzienny.pl\/wp-content\/uploads\/2022\/04\/cropped-Logo-wersja-podstawowa.png\",\"contentUrl\":\"https:\/\/www.sportowieccodzienny.pl\/wp-content\/uploads\/2022\/04\/cropped-Logo-wersja-podstawowa.png\",\"width\":200,\"height\":194,\"caption\":\"Sportowiec Codzienny\"},\"image\":{\"@id\":\"https:\/\/www.sportowieccodzienny.pl\/#\/schema\/logo\/image\/\"},\"sameAs\":[\"https:\/\/www.facebook.com\/SportowiecCodzienny\",\"https:\/\/www.instagram.com\/sportowiec_codzienny\/\"]}]}<\/script>\n<!-- \/ Yoast SEO plugin. -->","yoast_head_json":{"title":"Powr\u00f3t do sportu Katowice - Sportowiec Codzienny","description":"Jeste\u015b sportowcem zawodowym lub amatorskim? Przytrafi\u0142a Ci si\u0119 kontuzja? Wsp\u00f3lnie dobierzemy zestaw \u0107wicze\u0144, aby bezpiecznie powr\u00f3ci\u0107 do aktywno\u015bci.","robots":{"index":"index","follow":"follow","max-snippet":"max-snippet:-1","max-image-preview":"max-image-preview:large","max-video-preview":"max-video-preview:-1"},"canonical":"https:\/\/www.sportowieccodzienny.pl\/index.php\/powrot-do-sportu-katowice\/","og_locale":"pl_PL","og_type":"article","og_title":"Powr\u00f3t do sportu Katowice - Sportowiec Codzienny","og_description":"Jeste\u015b sportowcem zawodowym lub amatorskim? Przytrafi\u0142a Ci si\u0119 kontuzja? Wsp\u00f3lnie dobierzemy zestaw \u0107wicze\u0144, aby bezpiecznie powr\u00f3ci\u0107 do aktywno\u015bci.","og_url":"https:\/\/www.sportowieccodzienny.pl\/index.php\/powrot-do-sportu-katowice\/","og_site_name":"Sportowiec Codzienny","article_publisher":"https:\/\/www.facebook.com\/SportowiecCodzienny","article_modified_time":"2025-09-22T19:04:09+00:00","og_image":[{"width":1920,"height":1275,"url":"https:\/\/www.sportowieccodzienny.pl\/wp-content\/uploads\/2022\/03\/football-67701_1920.jpg","type":"image\/jpeg"}],"twitter_card":"summary_large_image","twitter_misc":{"Szacowany czas czytania":"3 minuty"},"schema":{"@context":"https:\/\/schema.org","@graph":[{"@type":"WebPage","@id":"https:\/\/www.sportowieccodzienny.pl\/index.php\/powrot-do-sportu-katowice\/","url":"https:\/\/www.sportowieccodzienny.pl\/index.php\/powrot-do-sportu-katowice\/","name":"Powr\u00f3t do sportu Katowice - Sportowiec Codzienny","isPartOf":{"@id":"https:\/\/www.sportowieccodzienny.pl\/#website"},"primaryImageOfPage":{"@id":"https:\/\/www.sportowieccodzienny.pl\/index.php\/powrot-do-sportu-katowice\/#primaryimage"},"image":{"@id":"https:\/\/www.sportowieccodzienny.pl\/index.php\/powrot-do-sportu-katowice\/#primaryimage"},"thumbnailUrl":"https:\/\/www.sportowieccodzienny.pl\/wp-content\/uploads\/2022\/03\/football-67701_1920.jpg","datePublished":"2022-03-11T12:34:38+00:00","dateModified":"2025-09-22T19:04:09+00:00","description":"Jeste\u015b sportowcem zawodowym lub amatorskim? Przytrafi\u0142a Ci si\u0119 kontuzja? Wsp\u00f3lnie dobierzemy zestaw \u0107wicze\u0144, aby bezpiecznie powr\u00f3ci\u0107 do aktywno\u015bci.","breadcrumb":{"@id":"https:\/\/www.sportowieccodzienny.pl\/index.php\/powrot-do-sportu-katowice\/#breadcrumb"},"inLanguage":"pl-PL","potentialAction":[{"@type":"ReadAction","target":["https:\/\/www.sportowieccodzienny.pl\/index.php\/powrot-do-sportu-katowice\/"]}]},{"@type":"ImageObject","inLanguage":"pl-PL","@id":"https:\/\/www.sportowieccodzienny.pl\/index.php\/powrot-do-sportu-katowice\/#primaryimage","url":"https:\/\/www.sportowieccodzienny.pl\/wp-content\/uploads\/2022\/03\/football-67701_1920.jpg","contentUrl":"https:\/\/www.sportowieccodzienny.pl\/wp-content\/uploads\/2022\/03\/football-67701_1920.jpg","width":1920,"height":1275},{"@type":"BreadcrumbList","@id":"https:\/\/www.sportowieccodzienny.pl\/index.php\/powrot-do-sportu-katowice\/#breadcrumb","itemListElement":[{"@type":"ListItem","position":1,"name":"Strona g\u0142\u00f3wna","item":"https:\/\/www.sportowieccodzienny.pl\/"},{"@type":"ListItem","position":2,"name":"Powr\u00f3t do sportu"}]},{"@type":"WebSite","@id":"https:\/\/www.sportowieccodzienny.pl\/#website","url":"https:\/\/www.sportowieccodzienny.pl\/","name":"Sportowiec Codzienny","description":"Strona firmy Sportowiec Codzienny","publisher":{"@id":"https:\/\/www.sportowieccodzienny.pl\/#organization"},"potentialAction":[{"@type":"SearchAction","target":{"@type":"EntryPoint","urlTemplate":"https:\/\/www.sportowieccodzienny.pl\/?s={search_term_string}"},"query-input":{"@type":"PropertyValueSpecification","valueRequired":true,"valueName":"search_term_string"}}],"inLanguage":"pl-PL"},{"@type":"Organization","@id":"https:\/\/www.sportowieccodzienny.pl\/#organization","name":"Sportowiec Codzienny","url":"https:\/\/www.sportowieccodzienny.pl\/","logo":{"@type":"ImageObject","inLanguage":"pl-PL","@id":"https:\/\/www.sportowieccodzienny.pl\/#\/schema\/logo\/image\/","url":"https:\/\/www.sportowieccodzienny.pl\/wp-content\/uploads\/2022\/04\/cropped-Logo-wersja-podstawowa.png","contentUrl":"https:\/\/www.sportowieccodzienny.pl\/wp-content\/uploads\/2022\/04\/cropped-Logo-wersja-podstawowa.png","width":200,"height":194,"caption":"Sportowiec Codzienny"},"image":{"@id":"https:\/\/www.sportowieccodzienny.pl\/#\/schema\/logo\/image\/"},"sameAs":["https:\/\/www.facebook.com\/SportowiecCodzienny","https:\/\/www.instagram.com\/sportowiec_codzienny\/"]}]}},"_links":{"self":[{"href":"https:\/\/www.sportowieccodzienny.pl\/index.php\/wp-json\/wp\/v2\/pages\/401","targetHints":{"allow":["GET"]}}],"collection":[{"href":"https:\/\/www.sportowieccodzienny.pl\/index.php\/wp-json\/wp\/v2\/pages"}],"about":[{"href":"https:\/\/www.sportowieccodzienny.pl\/index.php\/wp-json\/wp\/v2\/types\/page"}],"author":[{"embeddable":true,"href":"https:\/\/www.sportowieccodzienny.pl\/index.php\/wp-json\/wp\/v2\/users\/1"}],"replies":[{"embeddable":true,"href":"https:\/\/www.sportowieccodzienny.pl\/index.php\/wp-json\/wp\/v2\/comments?post=401"}],"version-history":[{"count":18,"href":"https:\/\/www.sportowieccodzienny.pl\/index.php\/wp-json\/wp\/v2\/pages\/401\/revisions"}],"predecessor-version":[{"id":1720,"href":"https:\/\/www.sportowieccodzienny.pl\/index.php\/wp-json\/wp\/v2\/pages\/401\/revisions\/1720"}],"wp:featuredmedia":[{"embeddable":true,"href":"https:\/\/www.sportowieccodzienny.pl\/index.php\/wp-json\/wp\/v2\/media\/585"}],"wp:attachment":[{"href":"https:\/\/www.sportowieccodzienny.pl\/index.php\/wp-json\/wp\/v2\/media?parent=401"}],"curies":[{"name":"wp","href":"https:\/\/api.w.org\/{rel}","templated":true}]}}