{"id":399,"date":"2022-03-11T12:34:23","date_gmt":"2022-03-11T12:34:23","guid":{"rendered":"https:\/\/www.sportowieccodzienny.pl\/?page_id=399"},"modified":"2024-07-01T05:35:21","modified_gmt":"2024-07-01T05:35:21","slug":"treningi-grupowe-katowice","status":"publish","type":"page","link":"https:\/\/www.sportowieccodzienny.pl\/index.php\/treningi-grupowe-katowice\/","title":{"rendered":"Treningi grupowe"},"content":{"rendered":"\n<div class=\"wp-block-group alignwide\"><div class=\"wp-block-group__inner-container is-layout-flow wp-block-group-is-layout-flow\">\n<div class=\"wp-block-buttons alignwide is-content-justification-center is-layout-flex wp-container-core-buttons-is-layout-28206b41 wp-block-buttons-is-layout-flex\">\n<div class=\"wp-block-button is-style-primary\"><a class=\"wp-block-button__link wp-element-button\" href=\"https:\/\/www.sportowieccodzienny.pl\/index.php\/fizjoterapia-katowice-kontakt\/\" target=\"_blank\" rel=\"noreferrer noopener\">ZAPISZ SI\u0118!<\/a><\/div>\n<\/div>\n\n\n\n<div style=\"height:30px\" aria-hidden=\"true\" class=\"wp-block-spacer\"><\/div>\n\n\n\n<h4 class=\"wp-block-heading\"><strong>Efektywne Treningi Grupowe w gabinecie SPORTOWIEC CODZIENNY<\/strong><\/h4>\n\n\n\n<p>Je\u015bli szukasz motywacji, energii grupy i skutecznych trening\u00f3w, to treningi grupowe w gabinecie SPORTOWIEC CODZIENNY s\u0105 idealnym rozwi\u0105zaniem dla Ciebie. Przy\u0142\u0105cz si\u0119 do dynamicznych sesji treningowych, kt\u00f3re pomog\u0105 Ci poprawi\u0107 form\u0119 fizyczn\u0105, spali\u0107 kalorie i osi\u0105gn\u0105\u0107 swoje cele fitnessowe.<\/p>\n\n\n\n<p>Chcesz si\u0119 rusza\u0107, ale nie wiesz w jak\u0105 dyscyplin\u0119 p\u00f3j\u015b\u0107? Chcesz by\u0107 jak najbardziej wszechstronnym i sprawnym cz\u0142owiekiem? Ruszasz si\u0119 tylko i wy\u0142\u0105cznie dla zdrowia, a nie dla wyniku sportowego? To treningi grupowe s\u0105 dla Ciebie. Podczas nich rozwijamy wszystkie cechy motoryczne cz\u0142owieka (si\u0142a, wytrzyma\u0142o\u015b\u0107, gibko\u015b\u0107, koordynacja, refleks etc.) w odpowiednich proporcjach. Zadbamy o nasze kr\u0119gos\u0142upy, kolana i inne wa\u017cne dla funkcjonowania cia\u0142a elementy, podnosz\u0105c jednocze\u015bnie og\u00f3ln\u0105 sprawno\u015b\u0107 fizyczn\u0105.<\/p>\n\n\n\n<h4 class=\"wp-block-heading\">Dla kogo przeznaczone s\u0105 zaj\u0119cia? <\/h4>\n\n\n\n<ul class=\"wp-block-list\">\n<li>Dla wszystkich kt\u00f3rzy chc\u0105 poprawi\u0107 swoj\u0105 kondycj\u0119, jednocze\u015bnie nie skupia\u0107 si\u0119 na danym sporcie. <\/li>\n\n\n\n<li>Dla wszystkich kt\u00f3rzy prowadz\u0105 siedz\u0105cy tryb \u017cycia, kt\u00f3rzy czuj\u0105, \u017ce ich cia\u0142o zosta\u0142o zabetonowane. <\/li>\n\n\n\n<li>Dla wszystkich, kt\u00f3rzy chc\u0105 zrzuci\u0107 kilka kilogram\u00f3w. <\/li>\n<\/ul>\n\n\n\n<h4 class=\"wp-block-heading\"><strong>Dlaczego wybra\u0107 Treningi Grupowe w moim gabinecie?<\/strong><\/h4>\n\n\n\n<ol class=\"wp-block-list\">\n<li><strong>Motywacja i energia grupy<\/strong>: Treningi grupowe dostarczaj\u0105 nie tylko motywacji, ale r\u00f3wnie\u017c energii grupy. To pomo\u017ce Ci przekroczy\u0107 w\u0142asne granice i osi\u0105gn\u0105\u0107 wi\u0119cej.<\/li>\n\n\n\n<li><strong>Zr\u00f3\u017cnicowane programy treningowe<\/strong>: Oferuj\u0119 r\u00f3\u017cnorodne treningi, takie jak trening interwa\u0142owy wysokiej intensywno\u015bci (HIIT), trening si\u0142owy, trening cardio i wiele innych, aby zapewni\u0107 Ci urozmaicony trening.<\/li>\n\n\n\n<li><strong>Do\u015bwiadczenie:<\/strong> Dzi\u0119ki wieloletniemu do\u015bwiadczeniu trenerskiemu poprowadz\u0119 Ci\u0119 przez ka\u017cd\u0105 sesj\u0119 treningow\u0105, dostosowuj\u0105c \u0107wiczenia do Twojego poziomu umiej\u0119tno\u015bci i sprawno\u015bci fizycznej.<\/li>\n\n\n\n<li><strong>Motywacyjna atmosfera<\/strong>: Atmosfera trening\u00f3w grupowych jest pe\u0142na entuzjazmu, motywacji i wsparcia, co sprawia, \u017ce ka\u017cda sesja jest przyjemno\u015bci\u0105.<\/li>\n\n\n\n<li><strong>Socjalizacja i wsp\u00f3lnota<\/strong>: Treningi grupowe to doskona\u0142a okazja do nawi\u0105zywania nowych znajomo\u015bci i budowania wsp\u00f3lnoty z lud\u017ami o podobnych celach i zainteresowaniach.<\/li>\n<\/ol>\n\n\n\n<h4 class=\"wp-block-heading\"><strong>Jak wygl\u0105daj\u0105 Treningi Grupowe?<\/strong><\/h4>\n\n\n\n<ul class=\"wp-block-list\">\n<li>Wsp\u00f3lna rozgrzewka: Rozpoczynamy trening od dynamicznej rozgrzewki, kt\u00f3ra przygotowuje nasze cia\u0142a do intensywnego wysi\u0142ku.<\/li>\n\n\n\n<li>G\u0142\u00f3wna cz\u0119\u015b\u0107 treningu: Wykonujemy seri\u0119 intensywnych \u0107wicze\u0144, kt\u00f3re anga\u017cuj\u0105 ca\u0142e cia\u0142o i poprawiaj\u0105 wydajno\u015b\u0107 fizyczn\u0105.<\/li>\n\n\n\n<li>Ch\u0142odzenie i rozci\u0105ganie: Ko\u0144czymy trening sesj\u0105 ch\u0142odzenia i rozci\u0105gania, aby zapobiec kontuzjom i przyspieszy\u0107 regeneracj\u0119 mi\u0119\u015bni.<\/li>\n<\/ul>\n\n\n\n<p>Do zaj\u0119\u0107 mo\u017cesz do\u0142\u0105czy\u0107 w ka\u017cdej chwili, nie idziemy \u017cadnym specjalistycznym planem treningowym. \u0106wiczenia dobieram w taki spos\u00f3b aby odpowiada\u0142y zar\u00f3wno tym nieco zaawansowanym jak i tym pocz\u0105tkuj\u0105cym. <\/p>\n\n\n\n<p>Zaj\u0119cia prowadz\u0119 w r\u00f3\u017cnych miejscach (salka w gabinecie SPORTOWIEC CODZIENNY, si\u0142ownie plenerowe, orliki, basen itp.)<\/p>\n\n\n\n<h4 class=\"wp-block-heading\"><strong>Um\u00f3w si\u0119 na Trening Grupowy<\/strong><\/h4>\n\n\n\n<p>Je\u015bli chcesz do\u015bwiadczy\u0107 motywacji, energii grupy i skutecznych trening\u00f3w, to moje treningi grupowe s\u0105 dla Ciebie idealnym rozwi\u0105zaniem. Skontaktuj si\u0119 ze mn\u0105 ju\u017c dzi\u015b, aby dowiedzie\u0107 si\u0119 wi\u0119cej i zapisa\u0107 si\u0119 na nasze sesje treningowe. Do\u0142\u0105cz do naszej grupy i razem osi\u0105gniemy swoje cele fitnessowe!<\/p>\n\n\n\n<div class=\"wp-block-buttons alignwide is-content-justification-center is-layout-flex wp-container-core-buttons-is-layout-28206b41 wp-block-buttons-is-layout-flex\">\n<div class=\"wp-block-button is-style-primary\"><a class=\"wp-block-button__link wp-element-button\" href=\"https:\/\/www.sportowieccodzienny.pl\/index.php\/fizjoterapia-katowice-kontakt\/\" target=\"_blank\" rel=\"noreferrer noopener\">ZAPISZ SI\u0118!<\/a><\/div>\n<\/div>\n<\/div><\/div>\n\n\n\n<div style=\"height:20px\" aria-hidden=\"true\" class=\"wp-block-spacer\"><\/div>\n\n\n\n<figure class=\"wp-block-image alignwide size-large\"><img loading=\"lazy\" decoding=\"async\" width=\"1024\" height=\"683\" src=\"https:\/\/www.sportowieccodzienny.pl\/wp-content\/uploads\/2022\/04\/gabin-vallet-J154nEkpzlQ-unsplash-1024x683.jpg\" alt=\"\" class=\"wp-image-715\" srcset=\"https:\/\/www.sportowieccodzienny.pl\/wp-content\/uploads\/2022\/04\/gabin-vallet-J154nEkpzlQ-unsplash-1024x683.jpg 1024w, https:\/\/www.sportowieccodzienny.pl\/wp-content\/uploads\/2022\/04\/gabin-vallet-J154nEkpzlQ-unsplash-300x200.jpg 300w, https:\/\/www.sportowieccodzienny.pl\/wp-content\/uploads\/2022\/04\/gabin-vallet-J154nEkpzlQ-unsplash-768x512.jpg 768w, https:\/\/www.sportowieccodzienny.pl\/wp-content\/uploads\/2022\/04\/gabin-vallet-J154nEkpzlQ-unsplash-1536x1024.jpg 1536w, https:\/\/www.sportowieccodzienny.pl\/wp-content\/uploads\/2022\/04\/gabin-vallet-J154nEkpzlQ-unsplash-2048x1365.jpg 2048w, https:\/\/www.sportowieccodzienny.pl\/wp-content\/uploads\/2022\/04\/gabin-vallet-J154nEkpzlQ-unsplash-930x620.jpg 930w\" sizes=\"auto, (max-width: 1024px) 100vw, 1024px\" \/><\/figure>\n","protected":false},"excerpt":{"rendered":"<p>Efektywne Treningi Grupowe w gabinecie SPORTOWIEC CODZIENNY Je\u015bli szukasz motywacji, energii grupy i skutecznych trening\u00f3w, to treningi grupowe w gabinecie SPORTOWIEC CODZIENNY s\u0105 idealnym rozwi\u0105zaniem dla Ciebie. Przy\u0142\u0105cz si\u0119 do dynamicznych sesji treningowych, kt\u00f3re pomog\u0105 Ci poprawi\u0107 form\u0119 fizyczn\u0105, spali\u0107 kalorie i osi\u0105gn\u0105\u0107 swoje cele fitnessowe. Chcesz si\u0119 rusza\u0107, ale nie wiesz w jak\u0105 dyscyplin\u0119&hellip;&nbsp;<a href=\"https:\/\/www.sportowieccodzienny.pl\/index.php\/treningi-grupowe-katowice\/\" rel=\"bookmark\">Dowiedz si\u0119 wi\u0119cej &raquo;<span class=\"screen-reader-text\">Treningi grupowe<\/span><\/a><\/p>\n","protected":false},"author":1,"featured_media":357,"parent":0,"menu_order":0,"comment_status":"closed","ping_status":"closed","template":"","meta":{"neve_meta_sidebar":"","neve_meta_container":"","neve_meta_enable_content_width":"","neve_meta_content_width":0,"neve_meta_title_alignment":"","neve_meta_author_avatar":"","neve_post_elements_order":"","neve_meta_disable_header":"","neve_meta_disable_footer":"","neve_meta_disable_title":"","footnotes":""},"class_list":["post-399","page","type-page","status-publish","has-post-thumbnail","hentry"],"yoast_head":"<!-- This site is optimized with the Yoast SEO plugin v26.8 - https:\/\/yoast.com\/product\/yoast-seo-wordpress\/ -->\n<title>Treningi grupowe Katowice - Sportowiec Codzienny<\/title>\n<meta name=\"description\" content=\"Je\u015bli szukasz motywacji, energii grupy i skutecznych trening\u00f3w, to treningi grupowe w moim gabinecie s\u0105 idealnym rozwi\u0105zaniem dla Ciebie.\" \/>\n<meta name=\"robots\" content=\"index, follow, max-snippet:-1, max-image-preview:large, max-video-preview:-1\" \/>\n<link rel=\"canonical\" href=\"https:\/\/www.sportowieccodzienny.pl\/index.php\/treningi-grupowe-katowice\/\" \/>\n<meta property=\"og:locale\" content=\"pl_PL\" \/>\n<meta property=\"og:type\" content=\"article\" \/>\n<meta property=\"og:title\" content=\"Treningi grupowe Katowice - Sportowiec Codzienny\" \/>\n<meta property=\"og:description\" content=\"Je\u015bli szukasz motywacji, energii grupy i skutecznych trening\u00f3w, to treningi grupowe w moim gabinecie s\u0105 idealnym rozwi\u0105zaniem dla Ciebie.\" \/>\n<meta property=\"og:url\" content=\"https:\/\/www.sportowieccodzienny.pl\/index.php\/treningi-grupowe-katowice\/\" \/>\n<meta property=\"og:site_name\" content=\"Sportowiec Codzienny\" \/>\n<meta property=\"article:publisher\" content=\"https:\/\/www.facebook.com\/SportowiecCodzienny\" \/>\n<meta property=\"article:modified_time\" content=\"2024-07-01T05:35:21+00:00\" \/>\n<meta property=\"og:image\" content=\"https:\/\/www.sportowieccodzienny.pl\/wp-content\/uploads\/2022\/03\/running-4782722_1920.jpg\" \/>\n\t<meta property=\"og:image:width\" content=\"1920\" \/>\n\t<meta property=\"og:image:height\" content=\"1280\" \/>\n\t<meta property=\"og:image:type\" content=\"image\/jpeg\" \/>\n<meta name=\"twitter:card\" content=\"summary_large_image\" \/>\n<meta name=\"twitter:label1\" content=\"Szacowany czas czytania\" \/>\n\t<meta name=\"twitter:data1\" content=\"3 minuty\" \/>\n<script type=\"application\/ld+json\" class=\"yoast-schema-graph\">{\"@context\":\"https:\/\/schema.org\",\"@graph\":[{\"@type\":\"WebPage\",\"@id\":\"https:\/\/www.sportowieccodzienny.pl\/index.php\/treningi-grupowe-katowice\/\",\"url\":\"https:\/\/www.sportowieccodzienny.pl\/index.php\/treningi-grupowe-katowice\/\",\"name\":\"Treningi grupowe Katowice - Sportowiec Codzienny\",\"isPartOf\":{\"@id\":\"https:\/\/www.sportowieccodzienny.pl\/#website\"},\"primaryImageOfPage\":{\"@id\":\"https:\/\/www.sportowieccodzienny.pl\/index.php\/treningi-grupowe-katowice\/#primaryimage\"},\"image\":{\"@id\":\"https:\/\/www.sportowieccodzienny.pl\/index.php\/treningi-grupowe-katowice\/#primaryimage\"},\"thumbnailUrl\":\"https:\/\/www.sportowieccodzienny.pl\/wp-content\/uploads\/2022\/03\/running-4782722_1920.jpg\",\"datePublished\":\"2022-03-11T12:34:23+00:00\",\"dateModified\":\"2024-07-01T05:35:21+00:00\",\"description\":\"Je\u015bli szukasz motywacji, energii grupy i skutecznych trening\u00f3w, to treningi grupowe w moim gabinecie s\u0105 idealnym rozwi\u0105zaniem dla Ciebie.\",\"breadcrumb\":{\"@id\":\"https:\/\/www.sportowieccodzienny.pl\/index.php\/treningi-grupowe-katowice\/#breadcrumb\"},\"inLanguage\":\"pl-PL\",\"potentialAction\":[{\"@type\":\"ReadAction\",\"target\":[\"https:\/\/www.sportowieccodzienny.pl\/index.php\/treningi-grupowe-katowice\/\"]}]},{\"@type\":\"ImageObject\",\"inLanguage\":\"pl-PL\",\"@id\":\"https:\/\/www.sportowieccodzienny.pl\/index.php\/treningi-grupowe-katowice\/#primaryimage\",\"url\":\"https:\/\/www.sportowieccodzienny.pl\/wp-content\/uploads\/2022\/03\/running-4782722_1920.jpg\",\"contentUrl\":\"https:\/\/www.sportowieccodzienny.pl\/wp-content\/uploads\/2022\/03\/running-4782722_1920.jpg\",\"width\":1920,\"height\":1280},{\"@type\":\"BreadcrumbList\",\"@id\":\"https:\/\/www.sportowieccodzienny.pl\/index.php\/treningi-grupowe-katowice\/#breadcrumb\",\"itemListElement\":[{\"@type\":\"ListItem\",\"position\":1,\"name\":\"Strona g\u0142\u00f3wna\",\"item\":\"https:\/\/www.sportowieccodzienny.pl\/\"},{\"@type\":\"ListItem\",\"position\":2,\"name\":\"Treningi grupowe\"}]},{\"@type\":\"WebSite\",\"@id\":\"https:\/\/www.sportowieccodzienny.pl\/#website\",\"url\":\"https:\/\/www.sportowieccodzienny.pl\/\",\"name\":\"Sportowiec Codzienny\",\"description\":\"Strona firmy Sportowiec Codzienny\",\"publisher\":{\"@id\":\"https:\/\/www.sportowieccodzienny.pl\/#organization\"},\"potentialAction\":[{\"@type\":\"SearchAction\",\"target\":{\"@type\":\"EntryPoint\",\"urlTemplate\":\"https:\/\/www.sportowieccodzienny.pl\/?s={search_term_string}\"},\"query-input\":{\"@type\":\"PropertyValueSpecification\",\"valueRequired\":true,\"valueName\":\"search_term_string\"}}],\"inLanguage\":\"pl-PL\"},{\"@type\":\"Organization\",\"@id\":\"https:\/\/www.sportowieccodzienny.pl\/#organization\",\"name\":\"Sportowiec Codzienny\",\"url\":\"https:\/\/www.sportowieccodzienny.pl\/\",\"logo\":{\"@type\":\"ImageObject\",\"inLanguage\":\"pl-PL\",\"@id\":\"https:\/\/www.sportowieccodzienny.pl\/#\/schema\/logo\/image\/\",\"url\":\"https:\/\/www.sportowieccodzienny.pl\/wp-content\/uploads\/2022\/04\/cropped-Logo-wersja-podstawowa.png\",\"contentUrl\":\"https:\/\/www.sportowieccodzienny.pl\/wp-content\/uploads\/2022\/04\/cropped-Logo-wersja-podstawowa.png\",\"width\":200,\"height\":194,\"caption\":\"Sportowiec Codzienny\"},\"image\":{\"@id\":\"https:\/\/www.sportowieccodzienny.pl\/#\/schema\/logo\/image\/\"},\"sameAs\":[\"https:\/\/www.facebook.com\/SportowiecCodzienny\",\"https:\/\/www.instagram.com\/sportowiec_codzienny\/\"]}]}<\/script>\n<!-- \/ Yoast SEO plugin. -->","yoast_head_json":{"title":"Treningi grupowe Katowice - Sportowiec Codzienny","description":"Je\u015bli szukasz motywacji, energii grupy i skutecznych trening\u00f3w, to treningi grupowe w moim gabinecie s\u0105 idealnym rozwi\u0105zaniem dla Ciebie.","robots":{"index":"index","follow":"follow","max-snippet":"max-snippet:-1","max-image-preview":"max-image-preview:large","max-video-preview":"max-video-preview:-1"},"canonical":"https:\/\/www.sportowieccodzienny.pl\/index.php\/treningi-grupowe-katowice\/","og_locale":"pl_PL","og_type":"article","og_title":"Treningi grupowe Katowice - Sportowiec Codzienny","og_description":"Je\u015bli szukasz motywacji, energii grupy i skutecznych trening\u00f3w, to treningi grupowe w moim gabinecie s\u0105 idealnym rozwi\u0105zaniem dla Ciebie.","og_url":"https:\/\/www.sportowieccodzienny.pl\/index.php\/treningi-grupowe-katowice\/","og_site_name":"Sportowiec Codzienny","article_publisher":"https:\/\/www.facebook.com\/SportowiecCodzienny","article_modified_time":"2024-07-01T05:35:21+00:00","og_image":[{"width":1920,"height":1280,"url":"https:\/\/www.sportowieccodzienny.pl\/wp-content\/uploads\/2022\/03\/running-4782722_1920.jpg","type":"image\/jpeg"}],"twitter_card":"summary_large_image","twitter_misc":{"Szacowany czas czytania":"3 minuty"},"schema":{"@context":"https:\/\/schema.org","@graph":[{"@type":"WebPage","@id":"https:\/\/www.sportowieccodzienny.pl\/index.php\/treningi-grupowe-katowice\/","url":"https:\/\/www.sportowieccodzienny.pl\/index.php\/treningi-grupowe-katowice\/","name":"Treningi grupowe Katowice - Sportowiec Codzienny","isPartOf":{"@id":"https:\/\/www.sportowieccodzienny.pl\/#website"},"primaryImageOfPage":{"@id":"https:\/\/www.sportowieccodzienny.pl\/index.php\/treningi-grupowe-katowice\/#primaryimage"},"image":{"@id":"https:\/\/www.sportowieccodzienny.pl\/index.php\/treningi-grupowe-katowice\/#primaryimage"},"thumbnailUrl":"https:\/\/www.sportowieccodzienny.pl\/wp-content\/uploads\/2022\/03\/running-4782722_1920.jpg","datePublished":"2022-03-11T12:34:23+00:00","dateModified":"2024-07-01T05:35:21+00:00","description":"Je\u015bli szukasz motywacji, energii grupy i skutecznych trening\u00f3w, to treningi grupowe w moim gabinecie s\u0105 idealnym rozwi\u0105zaniem dla Ciebie.","breadcrumb":{"@id":"https:\/\/www.sportowieccodzienny.pl\/index.php\/treningi-grupowe-katowice\/#breadcrumb"},"inLanguage":"pl-PL","potentialAction":[{"@type":"ReadAction","target":["https:\/\/www.sportowieccodzienny.pl\/index.php\/treningi-grupowe-katowice\/"]}]},{"@type":"ImageObject","inLanguage":"pl-PL","@id":"https:\/\/www.sportowieccodzienny.pl\/index.php\/treningi-grupowe-katowice\/#primaryimage","url":"https:\/\/www.sportowieccodzienny.pl\/wp-content\/uploads\/2022\/03\/running-4782722_1920.jpg","contentUrl":"https:\/\/www.sportowieccodzienny.pl\/wp-content\/uploads\/2022\/03\/running-4782722_1920.jpg","width":1920,"height":1280},{"@type":"BreadcrumbList","@id":"https:\/\/www.sportowieccodzienny.pl\/index.php\/treningi-grupowe-katowice\/#breadcrumb","itemListElement":[{"@type":"ListItem","position":1,"name":"Strona g\u0142\u00f3wna","item":"https:\/\/www.sportowieccodzienny.pl\/"},{"@type":"ListItem","position":2,"name":"Treningi grupowe"}]},{"@type":"WebSite","@id":"https:\/\/www.sportowieccodzienny.pl\/#website","url":"https:\/\/www.sportowieccodzienny.pl\/","name":"Sportowiec Codzienny","description":"Strona firmy Sportowiec Codzienny","publisher":{"@id":"https:\/\/www.sportowieccodzienny.pl\/#organization"},"potentialAction":[{"@type":"SearchAction","target":{"@type":"EntryPoint","urlTemplate":"https:\/\/www.sportowieccodzienny.pl\/?s={search_term_string}"},"query-input":{"@type":"PropertyValueSpecification","valueRequired":true,"valueName":"search_term_string"}}],"inLanguage":"pl-PL"},{"@type":"Organization","@id":"https:\/\/www.sportowieccodzienny.pl\/#organization","name":"Sportowiec Codzienny","url":"https:\/\/www.sportowieccodzienny.pl\/","logo":{"@type":"ImageObject","inLanguage":"pl-PL","@id":"https:\/\/www.sportowieccodzienny.pl\/#\/schema\/logo\/image\/","url":"https:\/\/www.sportowieccodzienny.pl\/wp-content\/uploads\/2022\/04\/cropped-Logo-wersja-podstawowa.png","contentUrl":"https:\/\/www.sportowieccodzienny.pl\/wp-content\/uploads\/2022\/04\/cropped-Logo-wersja-podstawowa.png","width":200,"height":194,"caption":"Sportowiec Codzienny"},"image":{"@id":"https:\/\/www.sportowieccodzienny.pl\/#\/schema\/logo\/image\/"},"sameAs":["https:\/\/www.facebook.com\/SportowiecCodzienny","https:\/\/www.instagram.com\/sportowiec_codzienny\/"]}]}},"_links":{"self":[{"href":"https:\/\/www.sportowieccodzienny.pl\/index.php\/wp-json\/wp\/v2\/pages\/399","targetHints":{"allow":["GET"]}}],"collection":[{"href":"https:\/\/www.sportowieccodzienny.pl\/index.php\/wp-json\/wp\/v2\/pages"}],"about":[{"href":"https:\/\/www.sportowieccodzienny.pl\/index.php\/wp-json\/wp\/v2\/types\/page"}],"author":[{"embeddable":true,"href":"https:\/\/www.sportowieccodzienny.pl\/index.php\/wp-json\/wp\/v2\/users\/1"}],"replies":[{"embeddable":true,"href":"https:\/\/www.sportowieccodzienny.pl\/index.php\/wp-json\/wp\/v2\/comments?post=399"}],"version-history":[{"count":18,"href":"https:\/\/www.sportowieccodzienny.pl\/index.php\/wp-json\/wp\/v2\/pages\/399\/revisions"}],"predecessor-version":[{"id":1725,"href":"https:\/\/www.sportowieccodzienny.pl\/index.php\/wp-json\/wp\/v2\/pages\/399\/revisions\/1725"}],"wp:featuredmedia":[{"embeddable":true,"href":"https:\/\/www.sportowieccodzienny.pl\/index.php\/wp-json\/wp\/v2\/media\/357"}],"wp:attachment":[{"href":"https:\/\/www.sportowieccodzienny.pl\/index.php\/wp-json\/wp\/v2\/media?parent=399"}],"curies":[{"name":"wp","href":"https:\/\/api.w.org\/{rel}","templated":true}]}}