{"id":3,"date":"2022-03-11T09:14:00","date_gmt":"2022-03-11T09:14:00","guid":{"rendered":"https:\/\/www.sportowieccodzienny.pl\/?page_id=3"},"modified":"2024-04-29T16:20:51","modified_gmt":"2024-04-29T16:20:51","slug":"privacy-policy","status":"publish","type":"page","link":"https:\/\/www.sportowieccodzienny.pl\/index.php\/privacy-policy\/","title":{"rendered":"Polityka prywatno\u015bci"},"content":{"rendered":"\n<div class=\"wp-block-group alignwide\"><div class=\"wp-block-group__inner-container is-layout-flow wp-block-group-is-layout-flow\">\n<h2 class=\"wp-block-heading\"><strong>1.<\/strong> <strong>Definicje<\/strong><\/h2>\n\n\n\n<p class=\"has-nv-dark-bg-color has-text-color has-link-color wp-elements-52c0056cff9ef4b58eadf77288cceca2\">Administrator &#8211; Dominik Mroczkowski<br>Dane Rejestrowe: Sportowiec Codzienny Dominik Mroczkowski<br>NIP: 629 250 55 94\u00a0 REGON 523644942<br>ul. Blachnickiego 2a\/28, 40-177 Katowice<\/p>\n\n\n\n<p class=\"has-nv-dark-bg-color has-text-color has-link-color wp-elements-a7d447b15ce3d12ce18c0ab737e690f4\">RODO \u2013 Rozporz\u0105dzenie Parlamentu Europejskiego i Rady (UE) 2016\/679 z dnia 27 kwietnia 2016 r. w sprawie ochrony os\u00f3b fizycznych w zwi\u0105zku z przetwarzaniem danych osobowych i w sprawie swobodnego przep\u0142ywu takich danych oraz uchylenia dyrektywy 95\/46\/WE.<\/p>\n\n\n\n<p class=\"has-nv-dark-bg-color has-text-color has-link-color wp-elements-ae5a5ef70b06fadfa2e3e4cb61b33d62\">Serwis \u2013 serwis internetowy prowadzony przez Administratora pod adresem: www.sportowieccodzienny.pl \u00a0<\/p>\n\n\n\n<p class=\"has-nv-dark-bg-color has-text-color has-link-color wp-elements-4d93a10601e1aecd63bc40c3dedb878e\">U\u017cytkownik \u2013 ka\u017cda osoba fizyczna odwiedzaj\u0105ca Serwis lub korzystaj\u0105ca z jednej albo kilku us\u0142ug czy funkcjonalno\u015bci opisanych w Polityce.<\/p>\n\n\n\n<h2 class=\"wp-block-heading\">2. Przetwarzanie danych<\/h2>\n\n\n\n<p class=\"has-nv-dark-bg-color has-text-color has-link-color wp-elements-26012a1839e397014247648246934eb4\">W zwi\u0105zku z korzystaniem przez U\u017cytkownika z Serwisu Administrator zbiera dane w zakresie niezb\u0119dnym do \u015bwiadczenia poszczeg\u00f3lnych us\u0142ug. Poni\u017cej zosta\u0142y opisane szczeg\u00f3\u0142owe zasady oraz cele przetwarzania danych osobowych gromadzonych podczas korzystania z Serwisu przez U\u017cytkownika.<\/p>\n\n\n\n<h2 class=\"wp-block-heading\">3.&nbsp;<strong>Cele i podstawy prawne przetwarzania danych<\/strong><\/h2>\n\n\n\n<p>Dane osobowe wszystkich U\u017cytkownik\u00f3w korzystaj\u0105cych z Serwisu (w tym adres IP lub inne identyfikatory oraz informacje gromadzone za po\u015brednictwem plik\u00f3w cookies), przetwarzane s\u0105 przez Administratora:<\/p>\n\n\n\n<ol class=\"wp-block-list\">\n<li>w celu \u015bwiadczenia us\u0142ug drog\u0105 elektroniczn\u0105 w zakresie udost\u0119pniana U\u017cytkownikom tre\u015bci gromadzonych w Serwisie i obs\u0142ugi zapyta\u0144 U\u017cytkownika, w przypadku \u015bwiadczenia us\u0142ug fizjoterapeutycznych mo\u017ce dochodzi\u0107 do przetwarzania danych wra\u017cliwych &#8211; zdrowotnych. Klient za ka\u017cdym razem zostanie przed udost\u0119pnieniem danych wra\u017cliwych poinformowany o tym \u2013 w\u00f3wczas podstaw\u0105 prawn\u0105 przetwarzania jest niezb\u0119dno\u015b\u0107 przetwarzania do wykonania umowy (art. 6 ust. 1 lit b RODO);<\/li>\n\n\n\n<li>w celach analitycznych i statystycznych \u2013 w\u00f3wczas podstaw\u0105 prawn\u0105 przetwarzania jest uzasadniony interes Administratora (art. 6 ust. 1 lit f RODO) polegaj\u0105cy na prowadzeniu analiz aktywno\u015bci U\u017cytkownik\u00f3w, a tak\u017ce ich preferencji w celu poprawy stosowanych funkcjonalno\u015bci i \u015bwiadczonych us\u0142ug;<\/li>\n\n\n\n<li>w celu ewentualnego ustalenia i dochodzenia roszcze\u0144 lub obrony przed nimi \u2013 podstaw\u0105 prawn\u0105 przetwarzania jest uzasadniony interes Administratora (art. 6 ust. 1 lit f RODO) polegaj\u0105cy na ochronie jego praw.<\/li>\n<\/ol>\n\n\n\n<p>Aktywno\u015b\u0107 U\u017cytkownika w Serwisie, w tym jego dane osobowe, s\u0105 rejestrowane w logach systemowych (specjalnym programie komputerowym s\u0142u\u017c\u0105cym do przechowywania chronologicznego zapisu zawieraj\u0105cego informacj\u0119 o zdarzeniach i dzia\u0142aniach dotycz\u0105cych systemu informatycznego s\u0142u\u017c\u0105cego do \u015bwiadczenia us\u0142ug przez Administratora). Zebrane w logach informacje przetwarzane s\u0105 przede wszystkim w celach zwi\u0105zanych ze \u015bwiadczeniem us\u0142ug. Administrator przetwarza je r\u00f3wnie\u017c w celach technicznych, administracyjnych, na potrzeby zapewnienia bezpiecze\u0144stwa systemu informatycznego oraz zarz\u0105dzania tym systemem, a tak\u017ce w celach analitycznych i statystycznych \u2013 w tym zakresie podstaw\u0105 prawn\u0105 przetwarzania jest prawnie uzasadniony interes Administratora (art. 6 ust. 1 lit. f RODO).<\/p>\n\n\n\n<h2 class=\"wp-block-heading\">4.&nbsp;<strong>Newsletter<\/strong><\/h2>\n\n\n\n<p>Administrator przetwarza dane osobowe U\u017cytkownik\u00f3w w celu realizowania dzia\u0142a\u0144 marketingowych, kt\u00f3re mog\u0105 polega\u0107 na przesy\u0142aniu U\u017cytkownikowi tre\u015bci marketingowych odpowiadaj\u0105cych jego zainteresowaniom (newsletter);<\/p>\n\n\n\n<p>W tym celu po uprzedniej zgodzie wyra\u017conej przez u\u017cytkownika dane osobowe U\u017cytkownika podane w Serwisie takie jak imi\u0119, nazwisko oraz adres e-mail zostan\u0105 przekazane do partnera Administratora w celu przes\u0142ania wiadomo\u015bci mailowej zawieraj\u0105cej tre\u015bci interesuj\u0105ce U\u017cytkownika.<\/p>\n\n\n\n<p>Administrator nie podejmuje decyzji automatycznych w stosunku do U\u017cytkownika oraz dane osobowe U\u017cytkownika nie podlegaj\u0105 profilowaniu.<\/p>\n\n\n\n<p><\/p>\n\n\n\n<h2 class=\"wp-block-heading\">5. \u00a0<strong>Przetwarzanie danych U\u017cytkownika<\/strong><\/h2>\n\n\n\n<p>W ramach EOG:<\/p>\n\n\n\n<p>W ramach Serwisu, dane U\u017cytkownika s\u0105 przetwarzane przez podmioty wsp\u00f3\u0142pracuj\u0105ce z Administratorem, kt\u00f3re zgodnie z Rozporz\u0105dzeniem Parlamentu Europejskiego i Rady (UE) 2016\/679 z dnia 27 kwietnia 2016 r. w sprawie ochrony os\u00f3b fizycznych w zwi\u0105zku z przetwarzaniem danych osobowych i w sprawie swobodnego przep\u0142ywu takich danych oraz uchylenia dyrektywy 95\/46\/WE zobowi\u0105zane s\u0105 do przestrzegania analogicznych do zawartych w Polityce wysokich standard\u00f3w prywatno\u015bci.<\/p>\n\n\n\n<p><em>Poza EOG:<\/em><\/p>\n\n\n\n<p>W zwi\u0105zku z tym, \u017ce niekt\u00f3re podmioty wsp\u00f3\u0142pracuj\u0105ce z Administratorem maj\u0105 siedziby poza Uni\u0105 Europejsk\u0105, a zatem w \u015bwietle przepis\u00f3w RODO s\u0105 traktowane jako tzw. pa\u0144stwa trzecie. Administrator zapewnia, \u017ce podmioty zobowi\u0105za\u0142y si\u0119 do zapewnienia odpowiedniej ochrony danych osobowych.&nbsp;<\/p>\n\n\n\n<p>Dla Google Inc. &#8211; Zbierane dane uniemo\u017cliwiaj\u0105 identyfikacj\u0119 konkretnej osoby, a wi\u0119cej informacji o standardach prywatno\u015bci narz\u0119dzia dost\u0119pne jest pod linkiem\u00a0<a href=\"http:\/\/www.google.com\/intl\/pl\/policies\/privacy\/partners\/\">www.google.com\/intl\/pl\/policies\/privacy\/partners\/<\/a>. Ponadto korzystaj\u0105c z poni\u017cszego linku:\u00a0<a href=\"https:\/\/tools.google.com\/dlpage\/gaoptout\">https:\/\/tools.google.com\/dlpage\/gaoptout<\/a>\u00a0istnieje mo\u017cliwo\u015b\u0107 wy\u0142\u0105czenia aktywno\u015bci mierzonej przez Google Analytics .<\/p>\n\n\n\n<p>Dla META Inc. \u2013 Zbierane dane co do zasady uniemo\u017cliwiaj\u0105 identyfikacj\u0119 konkretnej osoby, a wi\u0119cej informacji o standardach prywatno\u015bci narz\u0119dzia dost\u0119pne jest pod linkiem\u00a0<a href=\"https:\/\/developers.facebook.com\/docs\/privacy\/\">https:\/\/developers.facebook.com\/docs\/privacy\/<\/a><\/p>\n\n\n\n<p>Tym samym powy\u017csze firmy gwarantuj\u0105 przestrzeganie standard\u00f3w w zakresie ochrony danych osobowych, a korzystanie przez Administratora z ich technologii przy przetwarzaniu danych osobowych jest zgodne z prawem.<\/p>\n\n\n\n<h2 class=\"wp-block-heading\">6. \u00a0<strong>Okres przetwarzania danych osobowych<\/strong><\/h2>\n\n\n\n<p>Okres przetwarzania danych przez Administratora zale\u017cy od rodzaju \u015bwiadczonej us\u0142ugi i celu przetwarzania. Co do zasady dane przetwarzane s\u0105 przez czas \u015bwiadczenia us\u0142ugi lub realizowania zam\u00f3wienia, do czasu wycofania wyra\u017conej zgody lub zg\u0142oszenia skutecznego sprzeciwu wzgl\u0119dem przetwarzania danych w przypadkach, gdy podstaw\u0105 prawn\u0105 przetwarzania danych jest uzasadniony interes Administratora.<\/p>\n\n\n\n<p>Okres przetwarzania danych mo\u017ce by\u0107 przed\u0142u\u017cony w przypadku, gdy przetwarzanie jest niezb\u0119dne do ustalenia i dochodzenia ewentualnych roszcze\u0144 lub obrony przed nimi, a po tym czasie jedynie w przypadku i w zakresie, w jakim b\u0119d\u0105 wymaga\u0107 tego przepisy prawa. Po up\u0142ywie okresu przetwarzania dane s\u0105 nieodwracalnie usuwane lub anonimizowane.<\/p>\n\n\n\n<h2 class=\"wp-block-heading\">7.\u00a0<strong>Uprawnienia u\u017cytkownika<\/strong><\/h2>\n\n\n\n<p>U\u017cytkownikowi przys\u0142uguje prawo:<\/p>\n\n\n\n<p>a.&nbsp; &nbsp; dost\u0119pu do tre\u015bci danych oraz \u017c\u0105dania ich sprostowania,<\/p>\n\n\n\n<p>b.&nbsp; &nbsp; usuni\u0119cia danych,<\/p>\n\n\n\n<p>c. &nbsp; &nbsp; ograniczenia przetwarzania,<\/p>\n\n\n\n<p>d.&nbsp; &nbsp; prawo do przenoszenia danych,<\/p>\n\n\n\n<p>e.&nbsp; &nbsp; prawo wniesienia sprzeciwu wzgl\u0119dem przetwarzania danych,<\/p>\n\n\n\n<p>f.\u00a0  prawo wniesienia skargi do organu nadzorczego- Prezesa Urz\u0119du Ochrony Danych Osobowych ul. Stawki 2, 00-193 Warszawa<\/p>\n\n\n\n<p>W zakresie, w jakim dane U\u017cytkownika przetwarzane s\u0105 na podstawie zgody, mo\u017cna j\u0105 wycofa\u0107 w dowolnym momencie, kontaktuj\u0105c si\u0119 z Administratorem.<\/p>\n\n\n\n<p>U\u017cytkownik ma prawo zg\u0142oszenia sprzeciwu wzgl\u0119dem przetwarzania danych dla cel\u00f3w marketingowych, je\u015bli przetwarzanie odbywa si\u0119 w zwi\u0105zku z uzasadnionym interesem Administratora, a tak\u017ce \u2013 z przyczyn zwi\u0105zanych ze szczeg\u00f3ln\u0105 sytuacj\u0105 U\u017cytkownika \u2013 w innych przypadkach, gdy postaw\u0105 prawn\u0105 przetwarzania danych jest uzasadniony interes Administratora (np. w zwi\u0105zku z realizacj\u0105 cel\u00f3w analitycznych i statystycznych).<\/p>\n\n\n\n<h2 class=\"wp-block-heading\">8.\u00a0<strong>Odbiorcy danych<\/strong><\/h2>\n\n\n\n<p>W zwi\u0105zku z realizacj\u0105 us\u0142ug dane osobowe b\u0119d\u0105 ujawniane zewn\u0119trznym podmiotom, w tym w szczeg\u00f3lno\u015bci dostawcom odpowiedzialnym za obs\u0142ug\u0119 system\u00f3w informatycznych, agencje marketingowe (w zakresie us\u0142ug marketingowych) oraz podmiotom powi\u0105zanym z Administratorem.\u00a0<\/p>\n\n\n\n<p>W przypadku uzyskania zgody U\u017cytkownika jego dane mog\u0105 zosta\u0107 tak\u017ce udost\u0119pnione innym podmiotom do ich w\u0142asnych cel\u00f3w, w tym cel\u00f3w marketingowych.<\/p>\n\n\n\n<p>Administrator zastrzega sobie prawo ujawnienia wybranych informacji dotycz\u0105cych U\u017cytkownika w\u0142a\u015bciwym organom b\u0105d\u017a osobom trzecim, kt\u00f3re zg\u0142osz\u0105 \u017c\u0105danie udzielenia takich informacji, opieraj\u0105c si\u0119 na odpowiedniej podstawie prawnej oraz zgodnie z przepisami obowi\u0105zuj\u0105cego prawa.<\/p>\n\n\n\n<h2 class=\"wp-block-heading\">9. \u00a0<strong>Kontakt<\/strong><\/h2>\n\n\n\n<p>Kontakt z Administratorem jest mo\u017cliwy pod adresem e-mail\u00a0kontakt@sportowieccodzienny.pl <\/p>\n\n\n\n<h2 class=\"wp-block-heading\">10.\u00a0<strong>Zmiany Polityki Prywatno\u015bci<\/strong><\/h2>\n\n\n\n<p>Polityka jest na bie\u017c\u0105co weryfikowana i w razie potrzeby aktualizowana. Aktualna wersja Polityki zosta\u0142a przyj\u0119ta i obowi\u0105zuje od 20.04.2023r.<\/p>\n<\/div><\/div>\n","protected":false},"excerpt":{"rendered":"<p>1. Definicje Administrator &#8211; Dominik MroczkowskiDane Rejestrowe: Sportowiec Codzienny Dominik MroczkowskiNIP: 629 250 55 94\u00a0 REGON 523644942ul. Blachnickiego 2a\/28, 40-177 Katowice RODO \u2013 Rozporz\u0105dzenie Parlamentu Europejskiego i Rady (UE) 2016\/679 z dnia 27 kwietnia 2016 r. w sprawie ochrony os\u00f3b fizycznych w zwi\u0105zku z przetwarzaniem danych osobowych i w sprawie swobodnego przep\u0142ywu takich danych oraz&hellip;&nbsp;<a href=\"https:\/\/www.sportowieccodzienny.pl\/index.php\/privacy-policy\/\" rel=\"bookmark\">Dowiedz si\u0119 wi\u0119cej &raquo;<span class=\"screen-reader-text\">Polityka prywatno\u015bci<\/span><\/a><\/p>\n","protected":false},"author":1,"featured_media":0,"parent":0,"menu_order":0,"comment_status":"closed","ping_status":"closed","template":"","meta":{"neve_meta_sidebar":"","neve_meta_container":"","neve_meta_enable_content_width":"","neve_meta_content_width":0,"neve_meta_title_alignment":"","neve_meta_author_avatar":"","neve_post_elements_order":"","neve_meta_disable_header":"","neve_meta_disable_footer":"","neve_meta_disable_title":"","footnotes":""},"class_list":["post-3","page","type-page","status-publish","hentry"],"yoast_head":"<!-- This site is optimized with the Yoast SEO plugin v26.8 - https:\/\/yoast.com\/product\/yoast-seo-wordpress\/ -->\n<title>Polityka prywatno\u015bci - Sportowiec Codzienny<\/title>\n<meta name=\"robots\" content=\"index, follow, max-snippet:-1, max-image-preview:large, max-video-preview:-1\" \/>\n<link rel=\"canonical\" href=\"https:\/\/www.sportowieccodzienny.pl\/index.php\/privacy-policy\/\" \/>\n<meta property=\"og:locale\" content=\"pl_PL\" \/>\n<meta property=\"og:type\" content=\"article\" \/>\n<meta property=\"og:title\" content=\"Polityka prywatno\u015bci - Sportowiec Codzienny\" \/>\n<meta property=\"og:description\" content=\"1. Definicje Administrator &#8211; Dominik MroczkowskiDane Rejestrowe: Sportowiec Codzienny Dominik MroczkowskiNIP: 629 250 55 94\u00a0 REGON 523644942ul. Blachnickiego 2a\/28, 40-177 Katowice RODO \u2013 Rozporz\u0105dzenie Parlamentu Europejskiego i Rady (UE) 2016\/679 z dnia 27 kwietnia 2016 r. w sprawie ochrony os\u00f3b fizycznych w zwi\u0105zku z przetwarzaniem danych osobowych i w sprawie swobodnego przep\u0142ywu takich danych oraz&hellip;&nbsp;Dowiedz si\u0119 wi\u0119cej &raquo;Polityka prywatno\u015bci\" \/>\n<meta property=\"og:url\" content=\"https:\/\/www.sportowieccodzienny.pl\/index.php\/privacy-policy\/\" \/>\n<meta property=\"og:site_name\" content=\"Sportowiec Codzienny\" \/>\n<meta property=\"article:publisher\" content=\"https:\/\/www.facebook.com\/SportowiecCodzienny\" \/>\n<meta property=\"article:modified_time\" content=\"2024-04-29T16:20:51+00:00\" \/>\n<meta name=\"twitter:card\" content=\"summary_large_image\" \/>\n<meta name=\"twitter:label1\" content=\"Szacowany czas czytania\" \/>\n\t<meta name=\"twitter:data1\" content=\"6 minut\" \/>\n<script type=\"application\/ld+json\" class=\"yoast-schema-graph\">{\"@context\":\"https:\/\/schema.org\",\"@graph\":[{\"@type\":\"WebPage\",\"@id\":\"https:\/\/www.sportowieccodzienny.pl\/index.php\/privacy-policy\/\",\"url\":\"https:\/\/www.sportowieccodzienny.pl\/index.php\/privacy-policy\/\",\"name\":\"Polityka prywatno\u015bci - Sportowiec Codzienny\",\"isPartOf\":{\"@id\":\"https:\/\/www.sportowieccodzienny.pl\/#website\"},\"datePublished\":\"2022-03-11T09:14:00+00:00\",\"dateModified\":\"2024-04-29T16:20:51+00:00\",\"breadcrumb\":{\"@id\":\"https:\/\/www.sportowieccodzienny.pl\/index.php\/privacy-policy\/#breadcrumb\"},\"inLanguage\":\"pl-PL\",\"potentialAction\":[{\"@type\":\"ReadAction\",\"target\":[\"https:\/\/www.sportowieccodzienny.pl\/index.php\/privacy-policy\/\"]}]},{\"@type\":\"BreadcrumbList\",\"@id\":\"https:\/\/www.sportowieccodzienny.pl\/index.php\/privacy-policy\/#breadcrumb\",\"itemListElement\":[{\"@type\":\"ListItem\",\"position\":1,\"name\":\"Strona g\u0142\u00f3wna\",\"item\":\"https:\/\/www.sportowieccodzienny.pl\/\"},{\"@type\":\"ListItem\",\"position\":2,\"name\":\"Polityka prywatno\u015bci\"}]},{\"@type\":\"WebSite\",\"@id\":\"https:\/\/www.sportowieccodzienny.pl\/#website\",\"url\":\"https:\/\/www.sportowieccodzienny.pl\/\",\"name\":\"Sportowiec Codzienny\",\"description\":\"Strona firmy Sportowiec Codzienny\",\"publisher\":{\"@id\":\"https:\/\/www.sportowieccodzienny.pl\/#organization\"},\"potentialAction\":[{\"@type\":\"SearchAction\",\"target\":{\"@type\":\"EntryPoint\",\"urlTemplate\":\"https:\/\/www.sportowieccodzienny.pl\/?s={search_term_string}\"},\"query-input\":{\"@type\":\"PropertyValueSpecification\",\"valueRequired\":true,\"valueName\":\"search_term_string\"}}],\"inLanguage\":\"pl-PL\"},{\"@type\":\"Organization\",\"@id\":\"https:\/\/www.sportowieccodzienny.pl\/#organization\",\"name\":\"Sportowiec Codzienny\",\"url\":\"https:\/\/www.sportowieccodzienny.pl\/\",\"logo\":{\"@type\":\"ImageObject\",\"inLanguage\":\"pl-PL\",\"@id\":\"https:\/\/www.sportowieccodzienny.pl\/#\/schema\/logo\/image\/\",\"url\":\"https:\/\/www.sportowieccodzienny.pl\/wp-content\/uploads\/2022\/04\/cropped-Logo-wersja-podstawowa.png\",\"contentUrl\":\"https:\/\/www.sportowieccodzienny.pl\/wp-content\/uploads\/2022\/04\/cropped-Logo-wersja-podstawowa.png\",\"width\":200,\"height\":194,\"caption\":\"Sportowiec Codzienny\"},\"image\":{\"@id\":\"https:\/\/www.sportowieccodzienny.pl\/#\/schema\/logo\/image\/\"},\"sameAs\":[\"https:\/\/www.facebook.com\/SportowiecCodzienny\",\"https:\/\/www.instagram.com\/sportowiec_codzienny\/\"]}]}<\/script>\n<!-- \/ Yoast SEO plugin. -->","yoast_head_json":{"title":"Polityka prywatno\u015bci - Sportowiec Codzienny","robots":{"index":"index","follow":"follow","max-snippet":"max-snippet:-1","max-image-preview":"max-image-preview:large","max-video-preview":"max-video-preview:-1"},"canonical":"https:\/\/www.sportowieccodzienny.pl\/index.php\/privacy-policy\/","og_locale":"pl_PL","og_type":"article","og_title":"Polityka prywatno\u015bci - Sportowiec Codzienny","og_description":"1. Definicje Administrator &#8211; Dominik MroczkowskiDane Rejestrowe: Sportowiec Codzienny Dominik MroczkowskiNIP: 629 250 55 94\u00a0 REGON 523644942ul. Blachnickiego 2a\/28, 40-177 Katowice RODO \u2013 Rozporz\u0105dzenie Parlamentu Europejskiego i Rady (UE) 2016\/679 z dnia 27 kwietnia 2016 r. w sprawie ochrony os\u00f3b fizycznych w zwi\u0105zku z przetwarzaniem danych osobowych i w sprawie swobodnego przep\u0142ywu takich danych oraz&hellip;&nbsp;Dowiedz si\u0119 wi\u0119cej &raquo;Polityka prywatno\u015bci","og_url":"https:\/\/www.sportowieccodzienny.pl\/index.php\/privacy-policy\/","og_site_name":"Sportowiec Codzienny","article_publisher":"https:\/\/www.facebook.com\/SportowiecCodzienny","article_modified_time":"2024-04-29T16:20:51+00:00","twitter_card":"summary_large_image","twitter_misc":{"Szacowany czas czytania":"6 minut"},"schema":{"@context":"https:\/\/schema.org","@graph":[{"@type":"WebPage","@id":"https:\/\/www.sportowieccodzienny.pl\/index.php\/privacy-policy\/","url":"https:\/\/www.sportowieccodzienny.pl\/index.php\/privacy-policy\/","name":"Polityka prywatno\u015bci - Sportowiec Codzienny","isPartOf":{"@id":"https:\/\/www.sportowieccodzienny.pl\/#website"},"datePublished":"2022-03-11T09:14:00+00:00","dateModified":"2024-04-29T16:20:51+00:00","breadcrumb":{"@id":"https:\/\/www.sportowieccodzienny.pl\/index.php\/privacy-policy\/#breadcrumb"},"inLanguage":"pl-PL","potentialAction":[{"@type":"ReadAction","target":["https:\/\/www.sportowieccodzienny.pl\/index.php\/privacy-policy\/"]}]},{"@type":"BreadcrumbList","@id":"https:\/\/www.sportowieccodzienny.pl\/index.php\/privacy-policy\/#breadcrumb","itemListElement":[{"@type":"ListItem","position":1,"name":"Strona g\u0142\u00f3wna","item":"https:\/\/www.sportowieccodzienny.pl\/"},{"@type":"ListItem","position":2,"name":"Polityka prywatno\u015bci"}]},{"@type":"WebSite","@id":"https:\/\/www.sportowieccodzienny.pl\/#website","url":"https:\/\/www.sportowieccodzienny.pl\/","name":"Sportowiec Codzienny","description":"Strona firmy Sportowiec Codzienny","publisher":{"@id":"https:\/\/www.sportowieccodzienny.pl\/#organization"},"potentialAction":[{"@type":"SearchAction","target":{"@type":"EntryPoint","urlTemplate":"https:\/\/www.sportowieccodzienny.pl\/?s={search_term_string}"},"query-input":{"@type":"PropertyValueSpecification","valueRequired":true,"valueName":"search_term_string"}}],"inLanguage":"pl-PL"},{"@type":"Organization","@id":"https:\/\/www.sportowieccodzienny.pl\/#organization","name":"Sportowiec Codzienny","url":"https:\/\/www.sportowieccodzienny.pl\/","logo":{"@type":"ImageObject","inLanguage":"pl-PL","@id":"https:\/\/www.sportowieccodzienny.pl\/#\/schema\/logo\/image\/","url":"https:\/\/www.sportowieccodzienny.pl\/wp-content\/uploads\/2022\/04\/cropped-Logo-wersja-podstawowa.png","contentUrl":"https:\/\/www.sportowieccodzienny.pl\/wp-content\/uploads\/2022\/04\/cropped-Logo-wersja-podstawowa.png","width":200,"height":194,"caption":"Sportowiec Codzienny"},"image":{"@id":"https:\/\/www.sportowieccodzienny.pl\/#\/schema\/logo\/image\/"},"sameAs":["https:\/\/www.facebook.com\/SportowiecCodzienny","https:\/\/www.instagram.com\/sportowiec_codzienny\/"]}]}},"_links":{"self":[{"href":"https:\/\/www.sportowieccodzienny.pl\/index.php\/wp-json\/wp\/v2\/pages\/3","targetHints":{"allow":["GET"]}}],"collection":[{"href":"https:\/\/www.sportowieccodzienny.pl\/index.php\/wp-json\/wp\/v2\/pages"}],"about":[{"href":"https:\/\/www.sportowieccodzienny.pl\/index.php\/wp-json\/wp\/v2\/types\/page"}],"author":[{"embeddable":true,"href":"https:\/\/www.sportowieccodzienny.pl\/index.php\/wp-json\/wp\/v2\/users\/1"}],"replies":[{"embeddable":true,"href":"https:\/\/www.sportowieccodzienny.pl\/index.php\/wp-json\/wp\/v2\/comments?post=3"}],"version-history":[{"count":7,"href":"https:\/\/www.sportowieccodzienny.pl\/index.php\/wp-json\/wp\/v2\/pages\/3\/revisions"}],"predecessor-version":[{"id":1436,"href":"https:\/\/www.sportowieccodzienny.pl\/index.php\/wp-json\/wp\/v2\/pages\/3\/revisions\/1436"}],"wp:attachment":[{"href":"https:\/\/www.sportowieccodzienny.pl\/index.php\/wp-json\/wp\/v2\/media?parent=3"}],"curies":[{"name":"wp","href":"https:\/\/api.w.org\/{rel}","templated":true}]}}