{"id":1945,"date":"2025-02-25T11:28:56","date_gmt":"2025-02-25T11:28:56","guid":{"rendered":"https:\/\/www.sportowieccodzienny.pl\/?page_id=1945"},"modified":"2025-02-25T12:08:58","modified_gmt":"2025-02-25T12:08:58","slug":"akademia-sportowca-codziennego","status":"publish","type":"page","link":"https:\/\/www.sportowieccodzienny.pl\/index.php\/akademia-sportowca-codziennego\/","title":{"rendered":"AKADEMIA SPORTOWCA CODZIENNEGO"},"content":{"rendered":"\n<div class=\"wp-block-cover alignwide has-nv-dark-bg-color has-text-color has-link-color wp-elements-fe3c331a4e49ec7561ee76a53fc1e394\"><span aria-hidden=\"true\" class=\"wp-block-cover__background has-nv-site-bg-background-color has-background-dim-100 has-background-dim\"><\/span><div class=\"wp-block-cover__inner-container is-layout-constrained wp-block-cover-is-layout-constrained\">\n<h4 class=\"wp-block-heading has-nv-dark-bg-color has-text-color has-link-color wp-elements-37e1a4c87ce9d7a6a16839d5f5edd790\"><strong>Akademia Sportowca Codziennego \u2013 Nowe miejsce rozwoju dla pasjonat\u00f3w sportu!<\/strong><\/h4>\n\n\n\n<p>Akademia Sportowca Codziennego to nowoczesna platforma edukacyjna stworzona z my\u015bl\u0105 o osobach, kt\u00f3re pragn\u0105 poszerzy\u0107 swoj\u0105 wiedz\u0119 i umiej\u0119tno\u015bci w zakresie uprawianej dyscypliny sportowej. Nasza Akademia to przestrze\u0144 dedykowana nie tylko profesjonalistom, ale tak\u017ce pasjonatom i amatorom. Zaproszeni s\u0105 wszyscy, kt\u00f3rzy chc\u0105 w pe\u0142ni zrozumie\u0107, jak skutecznie wspiera\u0107 swoje cia\u0142o w procesach ruchowych i poprawi\u0107 swoj\u0105 wydolno\u015b\u0107.<\/p>\n\n\n\n<div class=\"wp-block-buttons is-content-justification-center is-layout-flex wp-container-core-buttons-is-layout-16018d1d wp-block-buttons-is-layout-flex\">\n<div class=\"wp-block-button\"><a class=\"wp-block-button__link wp-element-button\" href=\"https:\/\/akademiasportowcacodziennego.elms.pl\/\" target=\"_blank\" rel=\"noreferrer noopener\">DO\u0141\u0104CZ JU\u017b DZI\u015a!<\/a><\/div>\n<\/div>\n\n\n\n<h4 class=\"wp-block-heading has-nv-dark-bg-color has-text-color has-link-color wp-elements-3cf389c45023494ef89ab36f5e7b329e\">Nasze kursy<\/h4>\n\n\n\n<p>Nasza oferta kurs\u00f3w zosta\u0142a zaprojektowana z my\u015bl\u0105 o wszystkich, kt\u00f3rzy chc\u0105 zdoby\u0107 praktyczn\u0105 wiedz\u0119 z zakresu anatomii, fizjologii ruchu i prawid\u0142owej jego biomechaniki. Zajmujemy si\u0119 kompleksowym podej\u015bciem do cia\u0142a sportowca, oferuj\u0105c kursy, kt\u00f3re obejmuj\u0105 m.in. wprowadzenie do anatomii cia\u0142a ludzkiego, nauk\u0119 przeprowadzenia samodzielnie test\u00f3w funkcjonalnych, serie \u0107wicze\u0144 funkcjonalnych, plyometrycznych oraz wzmacniaj\u0105cych i stabilizuj\u0105cych.<\/p>\n\n\n\n<h4 class=\"wp-block-heading has-nv-dark-bg-color has-text-color has-link-color wp-elements-84c92685646f33a98e1aab529a454eee\"><strong>Dlaczego warto wybra\u0107 Akademi\u0119 Sportowca Codziennego?<\/strong><\/h4>\n\n\n\n<ol class=\"wp-block-list\">\n<li><strong>Kursy prowadzone przez ekspert\u00f3w:<\/strong> Nasi wyk\u0142adowcy to profesjonali\u015bci z wieloletnim do\u015bwiadczeniem w fizjoterapii sportowej, kt\u00f3rzy pracuj\u0105 z zawodowymi sportowcami oraz amatorami.<\/li>\n\n\n\n<li><strong>Praktyczne podej\u015bcie:<\/strong> Zaj\u0119cia s\u0105 nastawione na zdobycie umiej\u0119tno\u015bci, kt\u00f3re mo\u017cna od razu wdro\u017cy\u0107 w codziennej pracy na treningu. <\/li>\n\n\n\n<li><strong>Dost\u0119p do materia\u0142\u00f3w edukacyjnych online:<\/strong> Umo\u017cliwiamy nauk\u0119 w dowolnym czasie i miejscu, co daje naszym uczestnikom elastyczno\u015b\u0107 w przyswajaniu wiedzy.<\/li>\n\n\n\n<li><strong>Wysokiej jako\u015bci materia\u0142y:<\/strong> Kursy oparte s\u0105 na sprawdzonych metodach, treningu i fizjoterapii.<\/li>\n<\/ol>\n\n\n\n<h4 class=\"wp-block-heading\"><strong>Kogo zapraszamy do Akademii?<\/strong><\/h4>\n\n\n\n<p>Akademia Sportowca Codziennego jest dla wszystkich os\u00f3b, kt\u00f3re chc\u0105 zg\u0142\u0119bi\u0107 tematyk\u0119 anatomii ruchu oraz treningu funkcjonalnego. Zar\u00f3wno profesjonalist\u00f3w w tej dziedzinie, jak i tych, kt\u00f3rzy dopiero zaczynaj\u0105 swoj\u0105 przygod\u0119 ze sportem. Niezale\u017cnie od tego, czy jeste\u015b zawodowym sportowcem, amatorem czy po prostu pasjonatem aktywno\u015bci fizycznej, nasze kursy pomog\u0105 Ci podnie\u015b\u0107 \u015bwiadomo\u015b\u0107 dotycz\u0105c\u0105 cia\u0142a ludzkiego. Tym samym pomog\u0105 Ci poprawi\u0107 efekty w uprawianej dyscyplinie oraz zwi\u0119kszy\u0107 wydolno\u015b\u0107 organizmu.<\/p>\n\n\n\n<p>Do\u0142\u0105cz do Akademii Sportowca Codziennego ju\u017c dzi\u015b i tw\u00f3rz razem z nami zdrow\u0105 przysz\u0142o\u015b\u0107 sportowc\u00f3w i os\u00f3b aktywnych fizycznie!<\/p>\n<\/div><\/div>\n\n\n\n<div class=\"wp-block-buttons is-content-justification-center is-layout-flex wp-container-core-buttons-is-layout-16018d1d wp-block-buttons-is-layout-flex\">\n<div class=\"wp-block-button\"><a class=\"wp-block-button__link has-nv-dark-bg-color has-neve-link-color-background-color has-text-color has-background has-link-color wp-element-button\" href=\"https:\/\/akademiasportowcacodziennego.elms.pl\/\" target=\"_blank\" rel=\"noreferrer noopener\">ZAPISZ SI\u0118!<\/a><\/div>\n<\/div>\n\n\n\n<div class=\"wp-block-buttons is-layout-flex wp-block-buttons-is-layout-flex\"><\/div>\n\n\n\n<p><\/p>\n","protected":false},"excerpt":{"rendered":"","protected":false},"author":1,"featured_media":0,"parent":0,"menu_order":0,"comment_status":"closed","ping_status":"closed","template":"","meta":{"neve_meta_sidebar":"","neve_meta_container":"","neve_meta_enable_content_width":"","neve_meta_content_width":0,"neve_meta_title_alignment":"","neve_meta_author_avatar":"","neve_post_elements_order":"","neve_meta_disable_header":"","neve_meta_disable_footer":"","neve_meta_disable_title":"","footnotes":""},"class_list":["post-1945","page","type-page","status-publish","hentry"],"yoast_head":"<!-- This site is optimized with the Yoast SEO plugin v26.8 - https:\/\/yoast.com\/product\/yoast-seo-wordpress\/ -->\n<title>AKADEMIA SPORTOWCA CODZIENNEGO - Sportowiec Codzienny<\/title>\n<meta name=\"description\" content=\"Akademia Sportowca Codziennego to nowoczesna platforma edukacyjna stworzona z my\u015bl\u0105 o osobach, kt\u00f3re pragn\u0105 poszerzy\u0107 swoj\u0105 wiedz\u0119 i umiej\u0119tno\u015bci w zakresie uprawianej dyscypliny sportowej.\" \/>\n<meta name=\"robots\" content=\"index, follow, max-snippet:-1, max-image-preview:large, max-video-preview:-1\" \/>\n<link rel=\"canonical\" href=\"https:\/\/www.sportowieccodzienny.pl\/index.php\/akademia-sportowca-codziennego\/\" \/>\n<meta property=\"og:locale\" content=\"pl_PL\" \/>\n<meta property=\"og:type\" content=\"article\" \/>\n<meta property=\"og:title\" content=\"AKADEMIA SPORTOWCA CODZIENNEGO - Sportowiec Codzienny\" \/>\n<meta property=\"og:description\" content=\"Akademia Sportowca Codziennego to nowoczesna platforma edukacyjna stworzona z my\u015bl\u0105 o osobach, kt\u00f3re pragn\u0105 poszerzy\u0107 swoj\u0105 wiedz\u0119 i umiej\u0119tno\u015bci w zakresie uprawianej dyscypliny sportowej.\" \/>\n<meta property=\"og:url\" content=\"https:\/\/www.sportowieccodzienny.pl\/index.php\/akademia-sportowca-codziennego\/\" \/>\n<meta property=\"og:site_name\" content=\"Sportowiec Codzienny\" \/>\n<meta property=\"article:publisher\" content=\"https:\/\/www.facebook.com\/SportowiecCodzienny\" \/>\n<meta property=\"article:modified_time\" content=\"2025-02-25T12:08:58+00:00\" \/>\n<meta name=\"twitter:card\" content=\"summary_large_image\" \/>\n<meta name=\"twitter:label1\" content=\"Szacowany czas czytania\" \/>\n\t<meta name=\"twitter:data1\" content=\"2 minuty\" \/>\n<script type=\"application\/ld+json\" class=\"yoast-schema-graph\">{\"@context\":\"https:\/\/schema.org\",\"@graph\":[{\"@type\":\"WebPage\",\"@id\":\"https:\/\/www.sportowieccodzienny.pl\/index.php\/akademia-sportowca-codziennego\/\",\"url\":\"https:\/\/www.sportowieccodzienny.pl\/index.php\/akademia-sportowca-codziennego\/\",\"name\":\"AKADEMIA SPORTOWCA CODZIENNEGO - Sportowiec Codzienny\",\"isPartOf\":{\"@id\":\"https:\/\/www.sportowieccodzienny.pl\/#website\"},\"datePublished\":\"2025-02-25T11:28:56+00:00\",\"dateModified\":\"2025-02-25T12:08:58+00:00\",\"description\":\"Akademia Sportowca Codziennego to nowoczesna platforma edukacyjna stworzona z my\u015bl\u0105 o osobach, kt\u00f3re pragn\u0105 poszerzy\u0107 swoj\u0105 wiedz\u0119 i umiej\u0119tno\u015bci w zakresie uprawianej dyscypliny sportowej.\",\"breadcrumb\":{\"@id\":\"https:\/\/www.sportowieccodzienny.pl\/index.php\/akademia-sportowca-codziennego\/#breadcrumb\"},\"inLanguage\":\"pl-PL\",\"potentialAction\":[{\"@type\":\"ReadAction\",\"target\":[\"https:\/\/www.sportowieccodzienny.pl\/index.php\/akademia-sportowca-codziennego\/\"]}]},{\"@type\":\"BreadcrumbList\",\"@id\":\"https:\/\/www.sportowieccodzienny.pl\/index.php\/akademia-sportowca-codziennego\/#breadcrumb\",\"itemListElement\":[{\"@type\":\"ListItem\",\"position\":1,\"name\":\"Strona g\u0142\u00f3wna\",\"item\":\"https:\/\/www.sportowieccodzienny.pl\/\"},{\"@type\":\"ListItem\",\"position\":2,\"name\":\"AKADEMIA SPORTOWCA CODZIENNEGO\"}]},{\"@type\":\"WebSite\",\"@id\":\"https:\/\/www.sportowieccodzienny.pl\/#website\",\"url\":\"https:\/\/www.sportowieccodzienny.pl\/\",\"name\":\"Sportowiec Codzienny\",\"description\":\"Strona firmy Sportowiec Codzienny\",\"publisher\":{\"@id\":\"https:\/\/www.sportowieccodzienny.pl\/#organization\"},\"potentialAction\":[{\"@type\":\"SearchAction\",\"target\":{\"@type\":\"EntryPoint\",\"urlTemplate\":\"https:\/\/www.sportowieccodzienny.pl\/?s={search_term_string}\"},\"query-input\":{\"@type\":\"PropertyValueSpecification\",\"valueRequired\":true,\"valueName\":\"search_term_string\"}}],\"inLanguage\":\"pl-PL\"},{\"@type\":\"Organization\",\"@id\":\"https:\/\/www.sportowieccodzienny.pl\/#organization\",\"name\":\"Sportowiec Codzienny\",\"url\":\"https:\/\/www.sportowieccodzienny.pl\/\",\"logo\":{\"@type\":\"ImageObject\",\"inLanguage\":\"pl-PL\",\"@id\":\"https:\/\/www.sportowieccodzienny.pl\/#\/schema\/logo\/image\/\",\"url\":\"https:\/\/www.sportowieccodzienny.pl\/wp-content\/uploads\/2022\/04\/cropped-Logo-wersja-podstawowa.png\",\"contentUrl\":\"https:\/\/www.sportowieccodzienny.pl\/wp-content\/uploads\/2022\/04\/cropped-Logo-wersja-podstawowa.png\",\"width\":200,\"height\":194,\"caption\":\"Sportowiec Codzienny\"},\"image\":{\"@id\":\"https:\/\/www.sportowieccodzienny.pl\/#\/schema\/logo\/image\/\"},\"sameAs\":[\"https:\/\/www.facebook.com\/SportowiecCodzienny\",\"https:\/\/www.instagram.com\/sportowiec_codzienny\/\"]}]}<\/script>\n<!-- \/ Yoast SEO plugin. -->","yoast_head_json":{"title":"AKADEMIA SPORTOWCA CODZIENNEGO - Sportowiec Codzienny","description":"Akademia Sportowca Codziennego to nowoczesna platforma edukacyjna stworzona z my\u015bl\u0105 o osobach, kt\u00f3re pragn\u0105 poszerzy\u0107 swoj\u0105 wiedz\u0119 i umiej\u0119tno\u015bci w zakresie uprawianej dyscypliny sportowej.","robots":{"index":"index","follow":"follow","max-snippet":"max-snippet:-1","max-image-preview":"max-image-preview:large","max-video-preview":"max-video-preview:-1"},"canonical":"https:\/\/www.sportowieccodzienny.pl\/index.php\/akademia-sportowca-codziennego\/","og_locale":"pl_PL","og_type":"article","og_title":"AKADEMIA SPORTOWCA CODZIENNEGO - Sportowiec Codzienny","og_description":"Akademia Sportowca Codziennego to nowoczesna platforma edukacyjna stworzona z my\u015bl\u0105 o osobach, kt\u00f3re pragn\u0105 poszerzy\u0107 swoj\u0105 wiedz\u0119 i umiej\u0119tno\u015bci w zakresie uprawianej dyscypliny sportowej.","og_url":"https:\/\/www.sportowieccodzienny.pl\/index.php\/akademia-sportowca-codziennego\/","og_site_name":"Sportowiec Codzienny","article_publisher":"https:\/\/www.facebook.com\/SportowiecCodzienny","article_modified_time":"2025-02-25T12:08:58+00:00","twitter_card":"summary_large_image","twitter_misc":{"Szacowany czas czytania":"2 minuty"},"schema":{"@context":"https:\/\/schema.org","@graph":[{"@type":"WebPage","@id":"https:\/\/www.sportowieccodzienny.pl\/index.php\/akademia-sportowca-codziennego\/","url":"https:\/\/www.sportowieccodzienny.pl\/index.php\/akademia-sportowca-codziennego\/","name":"AKADEMIA SPORTOWCA CODZIENNEGO - Sportowiec Codzienny","isPartOf":{"@id":"https:\/\/www.sportowieccodzienny.pl\/#website"},"datePublished":"2025-02-25T11:28:56+00:00","dateModified":"2025-02-25T12:08:58+00:00","description":"Akademia Sportowca Codziennego to nowoczesna platforma edukacyjna stworzona z my\u015bl\u0105 o osobach, kt\u00f3re pragn\u0105 poszerzy\u0107 swoj\u0105 wiedz\u0119 i umiej\u0119tno\u015bci w zakresie uprawianej dyscypliny sportowej.","breadcrumb":{"@id":"https:\/\/www.sportowieccodzienny.pl\/index.php\/akademia-sportowca-codziennego\/#breadcrumb"},"inLanguage":"pl-PL","potentialAction":[{"@type":"ReadAction","target":["https:\/\/www.sportowieccodzienny.pl\/index.php\/akademia-sportowca-codziennego\/"]}]},{"@type":"BreadcrumbList","@id":"https:\/\/www.sportowieccodzienny.pl\/index.php\/akademia-sportowca-codziennego\/#breadcrumb","itemListElement":[{"@type":"ListItem","position":1,"name":"Strona g\u0142\u00f3wna","item":"https:\/\/www.sportowieccodzienny.pl\/"},{"@type":"ListItem","position":2,"name":"AKADEMIA SPORTOWCA CODZIENNEGO"}]},{"@type":"WebSite","@id":"https:\/\/www.sportowieccodzienny.pl\/#website","url":"https:\/\/www.sportowieccodzienny.pl\/","name":"Sportowiec Codzienny","description":"Strona firmy Sportowiec Codzienny","publisher":{"@id":"https:\/\/www.sportowieccodzienny.pl\/#organization"},"potentialAction":[{"@type":"SearchAction","target":{"@type":"EntryPoint","urlTemplate":"https:\/\/www.sportowieccodzienny.pl\/?s={search_term_string}"},"query-input":{"@type":"PropertyValueSpecification","valueRequired":true,"valueName":"search_term_string"}}],"inLanguage":"pl-PL"},{"@type":"Organization","@id":"https:\/\/www.sportowieccodzienny.pl\/#organization","name":"Sportowiec Codzienny","url":"https:\/\/www.sportowieccodzienny.pl\/","logo":{"@type":"ImageObject","inLanguage":"pl-PL","@id":"https:\/\/www.sportowieccodzienny.pl\/#\/schema\/logo\/image\/","url":"https:\/\/www.sportowieccodzienny.pl\/wp-content\/uploads\/2022\/04\/cropped-Logo-wersja-podstawowa.png","contentUrl":"https:\/\/www.sportowieccodzienny.pl\/wp-content\/uploads\/2022\/04\/cropped-Logo-wersja-podstawowa.png","width":200,"height":194,"caption":"Sportowiec Codzienny"},"image":{"@id":"https:\/\/www.sportowieccodzienny.pl\/#\/schema\/logo\/image\/"},"sameAs":["https:\/\/www.facebook.com\/SportowiecCodzienny","https:\/\/www.instagram.com\/sportowiec_codzienny\/"]}]}},"_links":{"self":[{"href":"https:\/\/www.sportowieccodzienny.pl\/index.php\/wp-json\/wp\/v2\/pages\/1945","targetHints":{"allow":["GET"]}}],"collection":[{"href":"https:\/\/www.sportowieccodzienny.pl\/index.php\/wp-json\/wp\/v2\/pages"}],"about":[{"href":"https:\/\/www.sportowieccodzienny.pl\/index.php\/wp-json\/wp\/v2\/types\/page"}],"author":[{"embeddable":true,"href":"https:\/\/www.sportowieccodzienny.pl\/index.php\/wp-json\/wp\/v2\/users\/1"}],"replies":[{"embeddable":true,"href":"https:\/\/www.sportowieccodzienny.pl\/index.php\/wp-json\/wp\/v2\/comments?post=1945"}],"version-history":[{"count":4,"href":"https:\/\/www.sportowieccodzienny.pl\/index.php\/wp-json\/wp\/v2\/pages\/1945\/revisions"}],"predecessor-version":[{"id":1963,"href":"https:\/\/www.sportowieccodzienny.pl\/index.php\/wp-json\/wp\/v2\/pages\/1945\/revisions\/1963"}],"wp:attachment":[{"href":"https:\/\/www.sportowieccodzienny.pl\/index.php\/wp-json\/wp\/v2\/media?parent=1945"}],"curies":[{"name":"wp","href":"https:\/\/api.w.org\/{rel}","templated":true}]}}