{"id":1789,"date":"2024-09-09T15:49:12","date_gmt":"2024-09-09T15:49:12","guid":{"rendered":"https:\/\/www.sportowieccodzienny.pl\/?page_id=1789"},"modified":"2025-02-25T12:08:41","modified_gmt":"2025-02-25T12:08:41","slug":"trening-funkcjonalny-dla-biegaczy-kurs","status":"publish","type":"page","link":"https:\/\/www.sportowieccodzienny.pl\/index.php\/trening-funkcjonalny-dla-biegaczy-kurs\/","title":{"rendered":"Trening funkcjonalny dla biegaczy &#8211; KURS"},"content":{"rendered":"\n<div class=\"wp-block-group alignwide\"><div class=\"wp-block-group__inner-container is-layout-constrained wp-block-group-is-layout-constrained\">\n<h3 class=\"wp-block-heading has-text-align-center\">Chcesz poprawi\u0107 swoje wyniki biegowe i zminimalizowa\u0107 ryzyko kontuzji? <\/h3>\n\n\n\n<h3 class=\"wp-block-heading has-text-align-center\">Zapisz si\u0119 na kurs &#8222;Trening funkcjonalny dla biegaczy&#8221;!<\/h3>\n\n\n\n<div class=\"wp-block-buttons is-content-justification-center is-layout-flex wp-container-core-buttons-is-layout-16018d1d wp-block-buttons-is-layout-flex\">\n<div class=\"wp-block-button\"><a class=\"wp-block-button__link has-nv-dark-bg-color has-neve-link-color-background-color has-text-color has-background has-link-color wp-element-button\" href=\"https:\/\/akademiasportowcacodziennego.elms.pl\/next\/public\/catalog\/product\/produkt-3\" target=\"_blank\" rel=\"noreferrer noopener\">ZAPISZ SI\u0118!<\/a><\/div>\n<\/div>\n\n\n\n<div style=\"height:10px\" aria-hidden=\"true\" class=\"wp-block-spacer\"><\/div>\n\n\n\n<p>Kurs online &#8222;Trening funkcjonalny dla biegaczy&#8221; to kompleksowe szkolenie, kt\u00f3re pomo\u017ce Ci osi\u0105gn\u0105\u0107 <strong>nowe cele biegowe<\/strong>, oferuj\u0105c wiedz\u0119 i umiej\u0119tno\u015bci potrzebne do skutecznego treningu funkcjonalnego.<\/p>\n\n\n\n<p>Podczas tego kursu nie tylko poznasz <strong>r\u00f3\u017cnorodne \u0107wiczenia funkcjonalne<\/strong>, ale r\u00f3wnie\u017c zrozumiesz, dlaczego s\u0105 one istotne dla biegaczy na ka\u017cdym poziomie zaawansowania. Naszym celem jest nie tylko zwi\u0119kszenie si\u0142y czy szybko\u015bci, ale r\u00f3wnie\u017c zapewnienie r\u00f3wnowagi i prawid\u0142owej biomechaniki, co ma kluczowe znaczenie dla zdrowia i efektywno\u015bci naszego biegania.<\/p>\n\n\n\n<div class=\"wp-block-cover alignwide\" style=\"min-height:551px;aspect-ratio:unset;\"><span aria-hidden=\"true\" class=\"wp-block-cover__background has-nv-light-bg-background-color has-background-dim-100 has-background-dim\"><\/span><div class=\"wp-block-cover__inner-container is-layout-constrained wp-block-cover-is-layout-constrained\">\n<div style=\"height:30px\" aria-hidden=\"true\" class=\"wp-block-spacer\"><\/div>\n\n\n\n<h3 class=\"wp-block-heading has-text-align-center has-nv-dark-bg-color has-text-color has-link-color wp-elements-b2743a41d0ad246188be71e1b74ff9b4\">Co znajdziesz w kursie:<\/h3>\n\n\n\n<div style=\"height:30px\" aria-hidden=\"true\" class=\"wp-block-spacer\"><\/div>\n\n\n\n<div class=\"wp-block-group\"><div class=\"wp-block-group__inner-container is-layout-constrained wp-block-group-is-layout-constrained\">\n<div class=\"wp-block-columns is-layout-flex wp-container-core-columns-is-layout-9d6595d7 wp-block-columns-is-layout-flex\">\n<div class=\"wp-block-column is-layout-flow wp-block-column-is-layout-flow\">\n<div class=\"wp-block-columns is-layout-flex wp-container-core-columns-is-layout-9d6595d7 wp-block-columns-is-layout-flex\">\n<div class=\"wp-block-column is-layout-flow wp-block-column-is-layout-flow\">\n<div class=\"wp-block-columns is-layout-flex wp-container-core-columns-is-layout-9d6595d7 wp-block-columns-is-layout-flex\">\n<div class=\"wp-block-column has-nv-dark-bg-color has-text-color has-link-color wp-elements-6dc26dee644de63a061803ea855d6063 is-layout-flow wp-block-column-is-layout-flow\"><div class=\"wp-block-image\">\n<figure class=\"aligncenter size-full is-resized\"><img loading=\"lazy\" decoding=\"async\" width=\"512\" height=\"512\" src=\"https:\/\/www.sportowieccodzienny.pl\/wp-content\/uploads\/2024\/09\/video-camera_9554859.png\" alt=\"\" class=\"wp-image-1805\" style=\"width:106px;height:auto\" srcset=\"https:\/\/www.sportowieccodzienny.pl\/wp-content\/uploads\/2024\/09\/video-camera_9554859.png 512w, https:\/\/www.sportowieccodzienny.pl\/wp-content\/uploads\/2024\/09\/video-camera_9554859-300x300.png 300w, https:\/\/www.sportowieccodzienny.pl\/wp-content\/uploads\/2024\/09\/video-camera_9554859-150x150.png 150w\" sizes=\"auto, (max-width: 512px) 100vw, 512px\" \/><\/figure><\/div>\n\n\n<div style=\"height:31px\" aria-hidden=\"true\" class=\"wp-block-spacer\"><\/div>\n\n\n\n<p class=\"has-text-align-center\"><strong>12 lekcji online<\/strong>, kt\u00f3re w przyst\u0119pny spos\u00f3b wyja\u015bni\u0105 Ci jak dzia\u0142a mechanizm biegu i wszystkie jego sk\u0142adowe.<\/p>\n<\/div>\n\n\n\n<div class=\"wp-block-column has-nv-dark-bg-color has-text-color has-link-color wp-elements-84c073eb65d6170205827132b8109f68 is-layout-flow wp-block-column-is-layout-flow\"><div class=\"wp-block-image\">\n<figure class=\"aligncenter size-full is-resized\"><img loading=\"lazy\" decoding=\"async\" width=\"512\" height=\"512\" src=\"https:\/\/www.sportowieccodzienny.pl\/wp-content\/uploads\/2024\/09\/learning-management-system_17604121.png\" alt=\"\" class=\"wp-image-1801\" style=\"width:104px;height:auto\" srcset=\"https:\/\/www.sportowieccodzienny.pl\/wp-content\/uploads\/2024\/09\/learning-management-system_17604121.png 512w, https:\/\/www.sportowieccodzienny.pl\/wp-content\/uploads\/2024\/09\/learning-management-system_17604121-300x300.png 300w, https:\/\/www.sportowieccodzienny.pl\/wp-content\/uploads\/2024\/09\/learning-management-system_17604121-150x150.png 150w\" sizes=\"auto, (max-width: 512px) 100vw, 512px\" \/><\/figure><\/div>\n\n\n<div style=\"height:30px\" aria-hidden=\"true\" class=\"wp-block-spacer\"><\/div>\n\n\n\n<p class=\"has-text-align-center\"><strong>Wiedz\u0119<\/strong> potwierdzon\u0105 dyplomem magistra fizjoterapii \u015al\u0105skiego Uniwersytetu Medycznego oraz wieloletnim do\u015bwiadczeniem w pracy ze sportowcami<\/p>\n<\/div>\n\n\n\n<div class=\"wp-block-column has-nv-dark-bg-color has-text-color has-link-color wp-elements-0cd6dfcc2a23caae7c072406c6bb27b9 is-layout-flow wp-block-column-is-layout-flow\"><div class=\"wp-block-image\">\n<figure class=\"aligncenter size-full is-resized\"><img loading=\"lazy\" decoding=\"async\" width=\"512\" height=\"512\" src=\"https:\/\/www.sportowieccodzienny.pl\/wp-content\/uploads\/2024\/09\/24-hours-support_9716209.png\" alt=\"\" class=\"wp-image-1806\" style=\"width:107px;height:auto\" srcset=\"https:\/\/www.sportowieccodzienny.pl\/wp-content\/uploads\/2024\/09\/24-hours-support_9716209.png 512w, https:\/\/www.sportowieccodzienny.pl\/wp-content\/uploads\/2024\/09\/24-hours-support_9716209-300x300.png 300w, https:\/\/www.sportowieccodzienny.pl\/wp-content\/uploads\/2024\/09\/24-hours-support_9716209-150x150.png 150w\" sizes=\"auto, (max-width: 512px) 100vw, 512px\" \/><\/figure><\/div>\n\n\n<div style=\"height:30px\" aria-hidden=\"true\" class=\"wp-block-spacer\"><\/div>\n\n\n\n<p class=\"has-text-align-center\"><strong>Nieograniczony dost\u0119p<\/strong> do kursu w dogodnych dla Ciebie godzinach<\/p>\n<\/div>\n<\/div>\n<\/div>\n<\/div>\n<\/div>\n<\/div>\n<\/div><\/div>\n<\/div><\/div>\n\n\n\n<div style=\"height:30px\" aria-hidden=\"true\" class=\"wp-block-spacer\"><\/div>\n\n\n\n<div class=\"wp-block-buttons is-content-justification-center is-layout-flex wp-container-core-buttons-is-layout-16018d1d wp-block-buttons-is-layout-flex\">\n<div class=\"wp-block-button\"><a class=\"wp-block-button__link has-nv-dark-bg-color has-neve-link-color-background-color has-text-color has-background has-link-color wp-element-button\" href=\"https:\/\/akademiasportowcacodziennego.elms.pl\/next\/public\/catalog\/product\/produkt-3\" target=\"_blank\" rel=\"noreferrer noopener\">ZAPISZ SI\u0118!<\/a><\/div>\n<\/div>\n\n\n\n<div style=\"height:30px\" aria-hidden=\"true\" class=\"wp-block-spacer\"><\/div>\n\n\n\n<h3 class=\"wp-block-heading\">Lekcje kursu:<\/h3>\n\n\n\n<h4 class=\"wp-block-heading\">1. Anatomia i Fizjologia <\/h4>\n\n\n\n<p>Zrozum podstawy anatomii i fizjologii biegacza, aby lepiej zrozumie\u0107, jak Twoje cia\u0142o reaguje na trening i jak mo\u017cesz je optymalnie wspiera\u0107.<\/p>\n\n\n\n<h4 class=\"wp-block-heading\">2. Analiza Biegu:<\/h4>\n\n\n\n<p>Rozbijemy cykl biegowy na czynniki pierwsze, i dobierzemy do niego odpowiednie \u0107wiczenia.<\/p>\n\n\n\n<h4 class=\"wp-block-heading\">3. Testy Funkcjonalne:<\/h4>\n\n\n\n<p>Przeprowadzaj testy funkcjonalne, kt\u00f3re pomog\u0105 Ci zidentyfikowa\u0107 Twoje s\u0142abe punkty w uk\u0142adzie ruchu.<\/p>\n\n\n\n<h4 class=\"wp-block-heading\">4. Stabilizacja Centralna:<\/h4>\n\n\n\n<p>Pracuj nad wzmocnieniem i stabilizacj\u0105 mi\u0119\u015bni core, kt\u00f3re s\u0105 kluczowe dla utrzymania prawid\u0142owej postawy i efektywno\u015bci biegu.<\/p>\n\n\n\n<h4 class=\"wp-block-heading\">5. \u0106wiczenia Funkcjonalne i Plyometria:<\/h4>\n\n\n\n<p>Konkretne \u0107wiczenia funkcjonalne w oparciu o dane fazy i podfazy biegu.<\/p>\n\n\n\n<p>Plyometria, kt\u00f3ra z Twoich n\u00f3g zrobi spr\u0119\u017cyny.<\/p>\n\n\n\n<h4 class=\"wp-block-heading\">6. Rozci\u0105ganie i Rolowanie:<\/h4>\n\n\n\n<p>Opanuj techniki rozci\u0105gania i rolowania, aby poprawi\u0107 elastyczno\u015b\u0107, zwi\u0119kszy\u0107 zakres ruchu i przyspieszy\u0107 regeneracj\u0119. Naucz si\u0119 do czego s\u0142u\u017cy rolowanie, a do czego rozci\u0105ganie!<\/p>\n\n\n\n<h4 class=\"wp-block-heading\">7. Schemat Jednostki Treningowej:<\/h4>\n\n\n\n<p>Poznaj skuteczny schemat jednostki treningowej, kt\u00f3ry pomo\u017ce Ci zoptymalizowa\u0107 ka\u017cdy trening i osi\u0105gn\u0105\u0107 lepsze wyniki.<\/p>\n\n\n\n<h4 class=\"wp-block-heading\">8. Planowanie Treningu:<\/h4>\n\n\n\n<p>Naucz si\u0119 planowa\u0107 treningi w spos\u00f3b zorganizowany i efektywny, uwzgl\u0119dniaj\u0105c cele, poziom zaawansowania i potrzeby regeneracyjne.<\/p>\n\n\n\n<h4 class=\"wp-block-heading\">9. Rozgrzewka Funkcjonalna przed Biegiem:<\/h4>\n\n\n\n<p>Zdob\u0105d\u017a wiedz\u0119 na temat efektywnej rozgrzewki, kt\u00f3ra przygotuje Twoje cia\u0142o do intensywnego wysi\u0142ku i zmniejszy ryzyko kontuzji.<\/p>\n\n\n\n<h4 class=\"wp-block-heading\">10. Przegl\u0105d i leczenie kontuzji biegowych:<\/h4>\n\n\n\n<p>Zdob\u0105d\u017a praktyczn\u0105 wiedz\u0119 na temat najcz\u0119stszych kontuzji biegowych oraz metod ich leczenia i zapobiegania.<\/p>\n\n\n\n<h4 class=\"wp-block-heading\">11. Dob\u00f3r but\u00f3w biegowych:<\/h4>\n\n\n\n<p>Dowiedz si\u0119, jak wybra\u0107 odpowiednie buty biegowe, kt\u00f3re zapewni\u0105 komfort i wsparcie, dostosowane do Twojego stylu biegania.<\/p>\n\n\n\n<h4 class=\"wp-block-heading\">12. Odnowa Biologiczna:<\/h4>\n\n\n\n<p>Poznaj techniki odnowy biologicznej, kt\u00f3re pomog\u0105 Ci w szybkiej regeneracji i utrzymaniu optymalnej formy.<\/p>\n\n\n\n<div class=\"wp-block-cover alignwide has-nv-dark-bg-color has-text-color has-link-color wp-elements-8273c2b9d56aedd0926ee0b11a424f39\" style=\"min-height:330px;aspect-ratio:unset;\"><span aria-hidden=\"true\" class=\"wp-block-cover__background has-nv-light-bg-background-color has-background-dim-100 has-background-dim\"><\/span><div class=\"wp-block-cover__inner-container is-layout-constrained wp-block-cover-is-layout-constrained\">\n<p class=\"has-text-align-left has-large-font-size\"><strong>Dlaczego warto wybra\u0107 ten kurs?<\/strong><\/p>\n\n\n\n<ul class=\"wp-block-list\">\n<li><strong>Wysokiej Jako\u015bci Materia\u0142y:<\/strong>&nbsp;Kurs oparty na sprawdzonych metodach, treningu i fizjoterapii.<\/li>\n\n\n\n<li><strong>Elastyczno\u015b\u0107:<\/strong>&nbsp;Ucz si\u0119 w dogodnym dla siebie czasie, z dost\u0119pem do materia\u0142\u00f3w 24\/7.<\/li>\n\n\n\n<li><strong>Dowiedz si\u0119<\/strong>&nbsp;jak dzia\u0142a Twoje cia\u0142o, i reaguj na jego potrzeby.<\/li>\n<\/ul>\n<\/div><\/div>\n<\/div><\/div>\n\n\n\n<div style=\"height:30px\" aria-hidden=\"true\" class=\"wp-block-spacer\"><\/div>\n\n\n\n<div class=\"wp-block-buttons is-content-justification-center is-layout-flex wp-container-core-buttons-is-layout-16018d1d wp-block-buttons-is-layout-flex\">\n<div class=\"wp-block-button\"><a class=\"wp-block-button__link has-nv-dark-bg-color has-neve-link-color-background-color has-text-color has-background has-link-color wp-element-button\" href=\"https:\/\/akademiasportowcacodziennego.elms.pl\/next\/public\/catalog\/product\/produkt-3\" target=\"_blank\" rel=\"noreferrer noopener\">ZAPISZ SI\u0118!<\/a><\/div>\n<\/div>\n\n\n\n<p><\/p>\n","protected":false},"excerpt":{"rendered":"<p>Chcesz poprawi\u0107 swoje wyniki biegowe i zminimalizowa\u0107 ryzyko kontuzji? Zapisz si\u0119 na kurs &#8222;Trening funkcjonalny dla biegaczy&#8221;! Kurs online &#8222;Trening funkcjonalny dla biegaczy&#8221; to kompleksowe szkolenie, kt\u00f3re pomo\u017ce Ci osi\u0105gn\u0105\u0107 nowe cele biegowe, oferuj\u0105c wiedz\u0119 i umiej\u0119tno\u015bci potrzebne do skutecznego treningu funkcjonalnego. Podczas tego kursu nie tylko poznasz r\u00f3\u017cnorodne \u0107wiczenia funkcjonalne, ale r\u00f3wnie\u017c zrozumiesz, dlaczego&hellip;&nbsp;<a href=\"https:\/\/www.sportowieccodzienny.pl\/index.php\/trening-funkcjonalny-dla-biegaczy-kurs\/\" rel=\"bookmark\">Dowiedz si\u0119 wi\u0119cej &raquo;<span class=\"screen-reader-text\">Trening funkcjonalny dla biegaczy &#8211; KURS<\/span><\/a><\/p>\n","protected":false},"author":1,"featured_media":862,"parent":0,"menu_order":0,"comment_status":"closed","ping_status":"closed","template":"","meta":{"neve_meta_sidebar":"","neve_meta_container":"","neve_meta_enable_content_width":"","neve_meta_content_width":0,"neve_meta_title_alignment":"","neve_meta_author_avatar":"","neve_post_elements_order":"","neve_meta_disable_header":"","neve_meta_disable_footer":"","neve_meta_disable_title":"","footnotes":""},"class_list":["post-1789","page","type-page","status-publish","has-post-thumbnail","hentry"],"yoast_head":"<!-- This site is optimized with the Yoast SEO plugin v26.8 - https:\/\/yoast.com\/product\/yoast-seo-wordpress\/ -->\n<title>Trening funkcjonalny dla biegaczy - KURS - Sportowiec Codzienny<\/title>\n<meta name=\"description\" content=\"Kurs &quot;Trening Funkcjonalny dla Biegaczy&quot; to kompleksowe szkolenie, kt\u00f3re pomo\u017ce Ci osi\u0105gn\u0105\u0107 nowe cele biegowe i zminimalizowa\u0107 ryzyko kontuzji\" \/>\n<meta name=\"robots\" content=\"index, follow, max-snippet:-1, max-image-preview:large, max-video-preview:-1\" \/>\n<link rel=\"canonical\" href=\"https:\/\/www.sportowieccodzienny.pl\/index.php\/trening-funkcjonalny-dla-biegaczy-kurs\/\" \/>\n<meta property=\"og:locale\" content=\"pl_PL\" \/>\n<meta property=\"og:type\" content=\"article\" \/>\n<meta property=\"og:title\" content=\"Trening funkcjonalny dla biegaczy - KURS - Sportowiec Codzienny\" \/>\n<meta property=\"og:description\" content=\"Kurs &quot;Trening Funkcjonalny dla Biegaczy&quot; to kompleksowe szkolenie, kt\u00f3re pomo\u017ce Ci osi\u0105gn\u0105\u0107 nowe cele biegowe i zminimalizowa\u0107 ryzyko kontuzji\" \/>\n<meta property=\"og:url\" content=\"https:\/\/www.sportowieccodzienny.pl\/index.php\/trening-funkcjonalny-dla-biegaczy-kurs\/\" \/>\n<meta property=\"og:site_name\" content=\"Sportowiec Codzienny\" \/>\n<meta property=\"article:publisher\" content=\"https:\/\/www.facebook.com\/SportowiecCodzienny\" \/>\n<meta property=\"article:modified_time\" content=\"2025-02-25T12:08:41+00:00\" \/>\n<meta property=\"og:image\" content=\"https:\/\/www.sportowieccodzienny.pl\/wp-content\/uploads\/2022\/04\/alessio-soggetti-GYr9A2CPMhY-unsplash-scaled.jpg\" \/>\n\t<meta property=\"og:image:width\" content=\"2560\" \/>\n\t<meta property=\"og:image:height\" content=\"1709\" \/>\n\t<meta property=\"og:image:type\" content=\"image\/jpeg\" \/>\n<meta name=\"twitter:card\" content=\"summary_large_image\" \/>\n<meta name=\"twitter:label1\" content=\"Szacowany czas czytania\" \/>\n\t<meta name=\"twitter:data1\" content=\"4 minuty\" \/>\n<script type=\"application\/ld+json\" class=\"yoast-schema-graph\">{\"@context\":\"https:\/\/schema.org\",\"@graph\":[{\"@type\":\"WebPage\",\"@id\":\"https:\/\/www.sportowieccodzienny.pl\/index.php\/trening-funkcjonalny-dla-biegaczy-kurs\/\",\"url\":\"https:\/\/www.sportowieccodzienny.pl\/index.php\/trening-funkcjonalny-dla-biegaczy-kurs\/\",\"name\":\"Trening funkcjonalny dla biegaczy - KURS - Sportowiec Codzienny\",\"isPartOf\":{\"@id\":\"https:\/\/www.sportowieccodzienny.pl\/#website\"},\"primaryImageOfPage\":{\"@id\":\"https:\/\/www.sportowieccodzienny.pl\/index.php\/trening-funkcjonalny-dla-biegaczy-kurs\/#primaryimage\"},\"image\":{\"@id\":\"https:\/\/www.sportowieccodzienny.pl\/index.php\/trening-funkcjonalny-dla-biegaczy-kurs\/#primaryimage\"},\"thumbnailUrl\":\"https:\/\/www.sportowieccodzienny.pl\/wp-content\/uploads\/2022\/04\/alessio-soggetti-GYr9A2CPMhY-unsplash-scaled.jpg\",\"datePublished\":\"2024-09-09T15:49:12+00:00\",\"dateModified\":\"2025-02-25T12:08:41+00:00\",\"description\":\"Kurs \\\"Trening Funkcjonalny dla Biegaczy\\\" to kompleksowe szkolenie, kt\u00f3re pomo\u017ce Ci osi\u0105gn\u0105\u0107 nowe cele biegowe i zminimalizowa\u0107 ryzyko kontuzji\",\"breadcrumb\":{\"@id\":\"https:\/\/www.sportowieccodzienny.pl\/index.php\/trening-funkcjonalny-dla-biegaczy-kurs\/#breadcrumb\"},\"inLanguage\":\"pl-PL\",\"potentialAction\":[{\"@type\":\"ReadAction\",\"target\":[\"https:\/\/www.sportowieccodzienny.pl\/index.php\/trening-funkcjonalny-dla-biegaczy-kurs\/\"]}]},{\"@type\":\"ImageObject\",\"inLanguage\":\"pl-PL\",\"@id\":\"https:\/\/www.sportowieccodzienny.pl\/index.php\/trening-funkcjonalny-dla-biegaczy-kurs\/#primaryimage\",\"url\":\"https:\/\/www.sportowieccodzienny.pl\/wp-content\/uploads\/2022\/04\/alessio-soggetti-GYr9A2CPMhY-unsplash-scaled.jpg\",\"contentUrl\":\"https:\/\/www.sportowieccodzienny.pl\/wp-content\/uploads\/2022\/04\/alessio-soggetti-GYr9A2CPMhY-unsplash-scaled.jpg\",\"width\":2560,\"height\":1709},{\"@type\":\"BreadcrumbList\",\"@id\":\"https:\/\/www.sportowieccodzienny.pl\/index.php\/trening-funkcjonalny-dla-biegaczy-kurs\/#breadcrumb\",\"itemListElement\":[{\"@type\":\"ListItem\",\"position\":1,\"name\":\"Strona g\u0142\u00f3wna\",\"item\":\"https:\/\/www.sportowieccodzienny.pl\/\"},{\"@type\":\"ListItem\",\"position\":2,\"name\":\"Trening funkcjonalny dla biegaczy &#8211; KURS\"}]},{\"@type\":\"WebSite\",\"@id\":\"https:\/\/www.sportowieccodzienny.pl\/#website\",\"url\":\"https:\/\/www.sportowieccodzienny.pl\/\",\"name\":\"Sportowiec Codzienny\",\"description\":\"Strona firmy Sportowiec Codzienny\",\"publisher\":{\"@id\":\"https:\/\/www.sportowieccodzienny.pl\/#organization\"},\"potentialAction\":[{\"@type\":\"SearchAction\",\"target\":{\"@type\":\"EntryPoint\",\"urlTemplate\":\"https:\/\/www.sportowieccodzienny.pl\/?s={search_term_string}\"},\"query-input\":{\"@type\":\"PropertyValueSpecification\",\"valueRequired\":true,\"valueName\":\"search_term_string\"}}],\"inLanguage\":\"pl-PL\"},{\"@type\":\"Organization\",\"@id\":\"https:\/\/www.sportowieccodzienny.pl\/#organization\",\"name\":\"Sportowiec Codzienny\",\"url\":\"https:\/\/www.sportowieccodzienny.pl\/\",\"logo\":{\"@type\":\"ImageObject\",\"inLanguage\":\"pl-PL\",\"@id\":\"https:\/\/www.sportowieccodzienny.pl\/#\/schema\/logo\/image\/\",\"url\":\"https:\/\/www.sportowieccodzienny.pl\/wp-content\/uploads\/2022\/04\/cropped-Logo-wersja-podstawowa.png\",\"contentUrl\":\"https:\/\/www.sportowieccodzienny.pl\/wp-content\/uploads\/2022\/04\/cropped-Logo-wersja-podstawowa.png\",\"width\":200,\"height\":194,\"caption\":\"Sportowiec Codzienny\"},\"image\":{\"@id\":\"https:\/\/www.sportowieccodzienny.pl\/#\/schema\/logo\/image\/\"},\"sameAs\":[\"https:\/\/www.facebook.com\/SportowiecCodzienny\",\"https:\/\/www.instagram.com\/sportowiec_codzienny\/\"]}]}<\/script>\n<!-- \/ Yoast SEO plugin. -->","yoast_head_json":{"title":"Trening funkcjonalny dla biegaczy - KURS - Sportowiec Codzienny","description":"Kurs \"Trening Funkcjonalny dla Biegaczy\" to kompleksowe szkolenie, kt\u00f3re pomo\u017ce Ci osi\u0105gn\u0105\u0107 nowe cele biegowe i zminimalizowa\u0107 ryzyko kontuzji","robots":{"index":"index","follow":"follow","max-snippet":"max-snippet:-1","max-image-preview":"max-image-preview:large","max-video-preview":"max-video-preview:-1"},"canonical":"https:\/\/www.sportowieccodzienny.pl\/index.php\/trening-funkcjonalny-dla-biegaczy-kurs\/","og_locale":"pl_PL","og_type":"article","og_title":"Trening funkcjonalny dla biegaczy - KURS - Sportowiec Codzienny","og_description":"Kurs \"Trening Funkcjonalny dla Biegaczy\" to kompleksowe szkolenie, kt\u00f3re pomo\u017ce Ci osi\u0105gn\u0105\u0107 nowe cele biegowe i zminimalizowa\u0107 ryzyko kontuzji","og_url":"https:\/\/www.sportowieccodzienny.pl\/index.php\/trening-funkcjonalny-dla-biegaczy-kurs\/","og_site_name":"Sportowiec Codzienny","article_publisher":"https:\/\/www.facebook.com\/SportowiecCodzienny","article_modified_time":"2025-02-25T12:08:41+00:00","og_image":[{"width":2560,"height":1709,"url":"https:\/\/www.sportowieccodzienny.pl\/wp-content\/uploads\/2022\/04\/alessio-soggetti-GYr9A2CPMhY-unsplash-scaled.jpg","type":"image\/jpeg"}],"twitter_card":"summary_large_image","twitter_misc":{"Szacowany czas czytania":"4 minuty"},"schema":{"@context":"https:\/\/schema.org","@graph":[{"@type":"WebPage","@id":"https:\/\/www.sportowieccodzienny.pl\/index.php\/trening-funkcjonalny-dla-biegaczy-kurs\/","url":"https:\/\/www.sportowieccodzienny.pl\/index.php\/trening-funkcjonalny-dla-biegaczy-kurs\/","name":"Trening funkcjonalny dla biegaczy - KURS - Sportowiec Codzienny","isPartOf":{"@id":"https:\/\/www.sportowieccodzienny.pl\/#website"},"primaryImageOfPage":{"@id":"https:\/\/www.sportowieccodzienny.pl\/index.php\/trening-funkcjonalny-dla-biegaczy-kurs\/#primaryimage"},"image":{"@id":"https:\/\/www.sportowieccodzienny.pl\/index.php\/trening-funkcjonalny-dla-biegaczy-kurs\/#primaryimage"},"thumbnailUrl":"https:\/\/www.sportowieccodzienny.pl\/wp-content\/uploads\/2022\/04\/alessio-soggetti-GYr9A2CPMhY-unsplash-scaled.jpg","datePublished":"2024-09-09T15:49:12+00:00","dateModified":"2025-02-25T12:08:41+00:00","description":"Kurs \"Trening Funkcjonalny dla Biegaczy\" to kompleksowe szkolenie, kt\u00f3re pomo\u017ce Ci osi\u0105gn\u0105\u0107 nowe cele biegowe i zminimalizowa\u0107 ryzyko kontuzji","breadcrumb":{"@id":"https:\/\/www.sportowieccodzienny.pl\/index.php\/trening-funkcjonalny-dla-biegaczy-kurs\/#breadcrumb"},"inLanguage":"pl-PL","potentialAction":[{"@type":"ReadAction","target":["https:\/\/www.sportowieccodzienny.pl\/index.php\/trening-funkcjonalny-dla-biegaczy-kurs\/"]}]},{"@type":"ImageObject","inLanguage":"pl-PL","@id":"https:\/\/www.sportowieccodzienny.pl\/index.php\/trening-funkcjonalny-dla-biegaczy-kurs\/#primaryimage","url":"https:\/\/www.sportowieccodzienny.pl\/wp-content\/uploads\/2022\/04\/alessio-soggetti-GYr9A2CPMhY-unsplash-scaled.jpg","contentUrl":"https:\/\/www.sportowieccodzienny.pl\/wp-content\/uploads\/2022\/04\/alessio-soggetti-GYr9A2CPMhY-unsplash-scaled.jpg","width":2560,"height":1709},{"@type":"BreadcrumbList","@id":"https:\/\/www.sportowieccodzienny.pl\/index.php\/trening-funkcjonalny-dla-biegaczy-kurs\/#breadcrumb","itemListElement":[{"@type":"ListItem","position":1,"name":"Strona g\u0142\u00f3wna","item":"https:\/\/www.sportowieccodzienny.pl\/"},{"@type":"ListItem","position":2,"name":"Trening funkcjonalny dla biegaczy &#8211; KURS"}]},{"@type":"WebSite","@id":"https:\/\/www.sportowieccodzienny.pl\/#website","url":"https:\/\/www.sportowieccodzienny.pl\/","name":"Sportowiec Codzienny","description":"Strona firmy Sportowiec Codzienny","publisher":{"@id":"https:\/\/www.sportowieccodzienny.pl\/#organization"},"potentialAction":[{"@type":"SearchAction","target":{"@type":"EntryPoint","urlTemplate":"https:\/\/www.sportowieccodzienny.pl\/?s={search_term_string}"},"query-input":{"@type":"PropertyValueSpecification","valueRequired":true,"valueName":"search_term_string"}}],"inLanguage":"pl-PL"},{"@type":"Organization","@id":"https:\/\/www.sportowieccodzienny.pl\/#organization","name":"Sportowiec Codzienny","url":"https:\/\/www.sportowieccodzienny.pl\/","logo":{"@type":"ImageObject","inLanguage":"pl-PL","@id":"https:\/\/www.sportowieccodzienny.pl\/#\/schema\/logo\/image\/","url":"https:\/\/www.sportowieccodzienny.pl\/wp-content\/uploads\/2022\/04\/cropped-Logo-wersja-podstawowa.png","contentUrl":"https:\/\/www.sportowieccodzienny.pl\/wp-content\/uploads\/2022\/04\/cropped-Logo-wersja-podstawowa.png","width":200,"height":194,"caption":"Sportowiec Codzienny"},"image":{"@id":"https:\/\/www.sportowieccodzienny.pl\/#\/schema\/logo\/image\/"},"sameAs":["https:\/\/www.facebook.com\/SportowiecCodzienny","https:\/\/www.instagram.com\/sportowiec_codzienny\/"]}]}},"_links":{"self":[{"href":"https:\/\/www.sportowieccodzienny.pl\/index.php\/wp-json\/wp\/v2\/pages\/1789","targetHints":{"allow":["GET"]}}],"collection":[{"href":"https:\/\/www.sportowieccodzienny.pl\/index.php\/wp-json\/wp\/v2\/pages"}],"about":[{"href":"https:\/\/www.sportowieccodzienny.pl\/index.php\/wp-json\/wp\/v2\/types\/page"}],"author":[{"embeddable":true,"href":"https:\/\/www.sportowieccodzienny.pl\/index.php\/wp-json\/wp\/v2\/users\/1"}],"replies":[{"embeddable":true,"href":"https:\/\/www.sportowieccodzienny.pl\/index.php\/wp-json\/wp\/v2\/comments?post=1789"}],"version-history":[{"count":35,"href":"https:\/\/www.sportowieccodzienny.pl\/index.php\/wp-json\/wp\/v2\/pages\/1789\/revisions"}],"predecessor-version":[{"id":1962,"href":"https:\/\/www.sportowieccodzienny.pl\/index.php\/wp-json\/wp\/v2\/pages\/1789\/revisions\/1962"}],"wp:featuredmedia":[{"embeddable":true,"href":"https:\/\/www.sportowieccodzienny.pl\/index.php\/wp-json\/wp\/v2\/media\/862"}],"wp:attachment":[{"href":"https:\/\/www.sportowieccodzienny.pl\/index.php\/wp-json\/wp\/v2\/media?parent=1789"}],"curies":[{"name":"wp","href":"https:\/\/api.w.org\/{rel}","templated":true}]}}