{"id":1659,"date":"2024-05-10T06:58:41","date_gmt":"2024-05-10T06:58:41","guid":{"rendered":"https:\/\/www.sportowieccodzienny.pl\/?page_id=1659"},"modified":"2026-02-11T12:16:18","modified_gmt":"2026-02-11T12:16:18","slug":"joga","status":"publish","type":"page","link":"https:\/\/www.sportowieccodzienny.pl\/index.php\/joga\/","title":{"rendered":"Joga"},"content":{"rendered":"\n<div class=\"wp-block-group alignwide\"><div class=\"wp-block-group__inner-container is-layout-constrained wp-block-group-is-layout-constrained\">\n<h4 class=\"wp-block-heading\">Joga<strong> w Katowicach &#8211; profesjonalne zaj\u0119cia w <\/strong>gabinecie SPORTOWIEC CODZIENNY<\/h4>\n\n\n\n<p>Szukasz miejsca, w kt\u00f3rym zadbasz o swoje cia\u0142o, zdrowie i dobre samopoczucie? <strong>Joga w Katowicach<\/strong> w gabinecie <strong>SPORTOWIEC CODZIENNY<\/strong> to idealne rozwi\u0105zanie dla os\u00f3b, kt\u00f3re chc\u0105 poprawi\u0107 swoj\u0105 kondycj\u0119 fizyczn\u0105, zwi\u0119kszy\u0107 elastyczno\u015b\u0107 oraz zredukowa\u0107 stres po intensywnym dniu.<\/p>\n\n\n\n<p>Zapraszamy na <strong>regularne zaj\u0119cia jogi w Katowicach<\/strong>, prowadzone przez dyplomowan\u0105 instruktork\u0119, w komfortowej i kameralnej przestrzeni przy <strong>ul. Blachnickiego 2<\/strong>.<\/p>\n\n\n\n<div class=\"wp-block-buttons is-content-justification-center is-layout-flex wp-container-core-buttons-is-layout-16018d1d wp-block-buttons-is-layout-flex\">\n<div class=\"wp-block-button is-style-default\"><a class=\"wp-block-button__link has-nv-dark-bg-color has-text-color has-background has-link-color has-medium-font-size has-custom-font-size wp-element-button\" href=\"http:\/\/app.fitssey.com\/Jogazkaro\" style=\"border-style:none;border-width:0px;border-radius:49px;background:linear-gradient(119deg,rgb(74,234,220) 0%,rgb(151,120,209) 20%,rgb(207,42,186) 40%,rgb(238,44,130) 60%,rgb(251,105,98) 80%,rgb(254,248,76) 100%)\">ZAPISY<\/a><\/div>\n<\/div>\n\n\n\n<div style=\"height:20px\" aria-hidden=\"true\" class=\"wp-block-spacer\"><\/div>\n\n\n\n<h4 class=\"wp-block-heading\">Dlaczego warto wybra\u0107 jog\u0119 w SPORTOWIEC CODZIENNY?<\/h4>\n\n\n\n<ul class=\"wp-block-list\">\n<li>Profesjonalne zaj\u0119cia jogi prowadzone przez wykwalifikowan\u0105 instruktork\u0119<\/li>\n\n\n\n<li>Kameralne grupy i indywidualne podej\u015bcie<\/li>\n\n\n\n<li>Poprawa mobilno\u015bci, si\u0142y i elastyczno\u015bci<\/li>\n\n\n\n<li>Redukcja napi\u0119cia mi\u0119\u015bniowego i stresu<\/li>\n\n\n\n<li>Przyjazna atmosfera w centrum Katowic<\/li>\n<\/ul>\n\n\n\n<h4 class=\"wp-block-heading\">Dla kogo s\u0105 zaj\u0119cia jogi?<\/h4>\n\n\n\n<p>Zaj\u0119cia skierowane s\u0105 do <strong>os\u00f3b powy\u017cej 18. roku \u017cycia<\/strong>, kt\u00f3re chc\u0105:<\/p>\n\n\n\n<ul class=\"wp-block-list\">\n<li>zadba\u0107 o zdrowy kr\u0119gos\u0142up,<\/li>\n\n\n\n<li>poprawi\u0107 postaw\u0119 cia\u0142a,<\/li>\n\n\n\n<li>zwi\u0119kszy\u0107 zakres ruchu,<\/li>\n\n\n\n<li>wzmocni\u0107 mi\u0119\u015bnie g\u0142\u0119bokie,<\/li>\n\n\n\n<li>zrelaksowa\u0107 si\u0119 i wyciszy\u0107.<\/li>\n<\/ul>\n\n\n\n<h4 class=\"wp-block-heading\">Szczeg\u00f3\u0142y zaj\u0119\u0107<\/h4>\n\n\n\n<p>\ud83d\udccd <strong>Miejsce:<\/strong> SPORTOWIEC CODZIENNY, ul. Blachnickiego 2, Katowice<br>\ud83d\udcc5 <strong>Termin:<\/strong> \u015broda<br>\u23f0 <strong>Godzina:<\/strong> 18:30<br>\u23f3 <strong>Czas trwania:<\/strong> 1 godzina 15 minut<\/p>\n\n\n\n<h4 class=\"wp-block-heading\">Zapisy na jog\u0119 w Katowicach<\/h4>\n\n\n\n<p>Zarezerwuj swoje miejsce ju\u017c dzi\u015b i przekonaj si\u0119, jak regularna <strong>praktyka jogi w Katowicach<\/strong> mo\u017ce pozytywnie wp\u0142yn\u0105\u0107 na Twoje zdrowie i samopoczucie.<\/p>\n\n\n\n<div class=\"wp-block-buttons is-content-justification-center is-layout-flex wp-container-core-buttons-is-layout-16018d1d wp-block-buttons-is-layout-flex\">\n<div class=\"wp-block-button is-style-default\"><a class=\"wp-block-button__link has-nv-dark-bg-color has-text-color has-background has-link-color has-medium-font-size has-custom-font-size wp-element-button\" href=\"http:\/\/app.fitssey.com\/Jogazkaro\" style=\"border-style:none;border-width:0px;border-radius:49px;background:linear-gradient(119deg,rgb(74,234,220) 0%,rgb(151,120,209) 20%,rgb(207,42,186) 40%,rgb(238,44,130) 60%,rgb(251,105,98) 80%,rgb(254,248,76) 100%)\">ZAPISY<\/a><\/div>\n<\/div>\n\n\n\n<div style=\"height:20px\" aria-hidden=\"true\" class=\"wp-block-spacer\"><\/div>\n\n\n<div class=\"wp-block-image\">\n<figure class=\"aligncenter size-large\"><img loading=\"lazy\" decoding=\"async\" width=\"724\" height=\"1024\" src=\"https:\/\/www.sportowieccodzienny.pl\/wp-content\/uploads\/2026\/02\/continuous-line-drawing-stretching-female-yogi-concept-variety-poses-hatha-yoga-vector-illustration-724x1024.jpg\" alt=\"\" class=\"wp-image-2034\" srcset=\"https:\/\/www.sportowieccodzienny.pl\/wp-content\/uploads\/2026\/02\/continuous-line-drawing-stretching-female-yogi-concept-variety-poses-hatha-yoga-vector-illustration-724x1024.jpg 724w, https:\/\/www.sportowieccodzienny.pl\/wp-content\/uploads\/2026\/02\/continuous-line-drawing-stretching-female-yogi-concept-variety-poses-hatha-yoga-vector-illustration-212x300.jpg 212w, https:\/\/www.sportowieccodzienny.pl\/wp-content\/uploads\/2026\/02\/continuous-line-drawing-stretching-female-yogi-concept-variety-poses-hatha-yoga-vector-illustration-768x1086.jpg 768w, https:\/\/www.sportowieccodzienny.pl\/wp-content\/uploads\/2026\/02\/continuous-line-drawing-stretching-female-yogi-concept-variety-poses-hatha-yoga-vector-illustration-1086x1536.jpg 1086w, https:\/\/www.sportowieccodzienny.pl\/wp-content\/uploads\/2026\/02\/continuous-line-drawing-stretching-female-yogi-concept-variety-poses-hatha-yoga-vector-illustration-1448x2048.jpg 1448w, https:\/\/www.sportowieccodzienny.pl\/wp-content\/uploads\/2026\/02\/continuous-line-drawing-stretching-female-yogi-concept-variety-poses-hatha-yoga-vector-illustration.jpg 1587w\" sizes=\"auto, (max-width: 724px) 100vw, 724px\" \/><\/figure><\/div><\/div><\/div>\n","protected":false},"excerpt":{"rendered":"<p>Joga w Katowicach &#8211; profesjonalne zaj\u0119cia w gabinecie SPORTOWIEC CODZIENNY Szukasz miejsca, w kt\u00f3rym zadbasz o swoje cia\u0142o, zdrowie i dobre samopoczucie? Joga w Katowicach w gabinecie SPORTOWIEC CODZIENNY to idealne rozwi\u0105zanie dla os\u00f3b, kt\u00f3re chc\u0105 poprawi\u0107 swoj\u0105 kondycj\u0119 fizyczn\u0105, zwi\u0119kszy\u0107 elastyczno\u015b\u0107 oraz zredukowa\u0107 stres po intensywnym dniu. Zapraszamy na regularne zaj\u0119cia jogi w Katowicach,&hellip;&nbsp;<a href=\"https:\/\/www.sportowieccodzienny.pl\/index.php\/joga\/\" rel=\"bookmark\">Dowiedz si\u0119 wi\u0119cej &raquo;<span class=\"screen-reader-text\">Joga<\/span><\/a><\/p>\n","protected":false},"author":1,"featured_media":1190,"parent":0,"menu_order":0,"comment_status":"closed","ping_status":"closed","template":"","meta":{"neve_meta_sidebar":"","neve_meta_container":"","neve_meta_enable_content_width":"","neve_meta_content_width":0,"neve_meta_title_alignment":"","neve_meta_author_avatar":"","neve_post_elements_order":"","neve_meta_disable_header":"","neve_meta_disable_footer":"","neve_meta_disable_title":"","footnotes":""},"class_list":["post-1659","page","type-page","status-publish","has-post-thumbnail","hentry"],"yoast_head":"<!-- This site is optimized with the Yoast SEO plugin v26.8 - https:\/\/yoast.com\/product\/yoast-seo-wordpress\/ -->\n<title>Joga - Sportowiec Codzienny<\/title>\n<meta name=\"description\" content=\"Zaj\u0119cia &quot;Joga dla ka\u017cdego&quot; w Katowicach odbywaj\u0105 si\u0119 w ka\u017cd\u0105 \u015brod\u0119 o godzinie 20. Zapraszamy osoby pocz\u0105tkuj\u0105ce oraz zaawansowane.\" \/>\n<meta name=\"robots\" content=\"index, follow, max-snippet:-1, max-image-preview:large, max-video-preview:-1\" \/>\n<link rel=\"canonical\" href=\"https:\/\/www.sportowieccodzienny.pl\/index.php\/joga\/\" \/>\n<meta property=\"og:locale\" content=\"pl_PL\" \/>\n<meta property=\"og:type\" content=\"article\" \/>\n<meta property=\"og:title\" content=\"Joga - Sportowiec Codzienny\" \/>\n<meta property=\"og:description\" content=\"Zaj\u0119cia &quot;Joga dla ka\u017cdego&quot; w Katowicach odbywaj\u0105 si\u0119 w ka\u017cd\u0105 \u015brod\u0119 o godzinie 20. Zapraszamy osoby pocz\u0105tkuj\u0105ce oraz zaawansowane.\" \/>\n<meta property=\"og:url\" content=\"https:\/\/www.sportowieccodzienny.pl\/index.php\/joga\/\" \/>\n<meta property=\"og:site_name\" content=\"Sportowiec Codzienny\" \/>\n<meta property=\"article:publisher\" content=\"https:\/\/www.facebook.com\/SportowiecCodzienny\" \/>\n<meta property=\"article:modified_time\" content=\"2026-02-11T12:16:18+00:00\" \/>\n<meta property=\"og:image\" content=\"https:\/\/www.sportowieccodzienny.pl\/wp-content\/uploads\/2023\/02\/kike-vega-F2qh3yjz6Jk-unsplash-scaled.jpg\" \/>\n\t<meta property=\"og:image:width\" content=\"2560\" \/>\n\t<meta property=\"og:image:height\" content=\"1614\" \/>\n\t<meta property=\"og:image:type\" content=\"image\/jpeg\" \/>\n<meta name=\"twitter:card\" content=\"summary_large_image\" \/>\n<meta name=\"twitter:label1\" content=\"Szacowany czas czytania\" \/>\n\t<meta name=\"twitter:data1\" content=\"2 minuty\" \/>\n<script type=\"application\/ld+json\" class=\"yoast-schema-graph\">{\"@context\":\"https:\/\/schema.org\",\"@graph\":[{\"@type\":\"WebPage\",\"@id\":\"https:\/\/www.sportowieccodzienny.pl\/index.php\/joga\/\",\"url\":\"https:\/\/www.sportowieccodzienny.pl\/index.php\/joga\/\",\"name\":\"Joga - Sportowiec Codzienny\",\"isPartOf\":{\"@id\":\"https:\/\/www.sportowieccodzienny.pl\/#website\"},\"primaryImageOfPage\":{\"@id\":\"https:\/\/www.sportowieccodzienny.pl\/index.php\/joga\/#primaryimage\"},\"image\":{\"@id\":\"https:\/\/www.sportowieccodzienny.pl\/index.php\/joga\/#primaryimage\"},\"thumbnailUrl\":\"https:\/\/www.sportowieccodzienny.pl\/wp-content\/uploads\/2023\/02\/kike-vega-F2qh3yjz6Jk-unsplash-scaled.jpg\",\"datePublished\":\"2024-05-10T06:58:41+00:00\",\"dateModified\":\"2026-02-11T12:16:18+00:00\",\"description\":\"Zaj\u0119cia \\\"Joga dla ka\u017cdego\\\" w Katowicach odbywaj\u0105 si\u0119 w ka\u017cd\u0105 \u015brod\u0119 o godzinie 20. Zapraszamy osoby pocz\u0105tkuj\u0105ce oraz zaawansowane.\",\"breadcrumb\":{\"@id\":\"https:\/\/www.sportowieccodzienny.pl\/index.php\/joga\/#breadcrumb\"},\"inLanguage\":\"pl-PL\",\"potentialAction\":[{\"@type\":\"ReadAction\",\"target\":[\"https:\/\/www.sportowieccodzienny.pl\/index.php\/joga\/\"]}]},{\"@type\":\"ImageObject\",\"inLanguage\":\"pl-PL\",\"@id\":\"https:\/\/www.sportowieccodzienny.pl\/index.php\/joga\/#primaryimage\",\"url\":\"https:\/\/www.sportowieccodzienny.pl\/wp-content\/uploads\/2023\/02\/kike-vega-F2qh3yjz6Jk-unsplash-scaled.jpg\",\"contentUrl\":\"https:\/\/www.sportowieccodzienny.pl\/wp-content\/uploads\/2023\/02\/kike-vega-F2qh3yjz6Jk-unsplash-scaled.jpg\",\"width\":2560,\"height\":1614},{\"@type\":\"BreadcrumbList\",\"@id\":\"https:\/\/www.sportowieccodzienny.pl\/index.php\/joga\/#breadcrumb\",\"itemListElement\":[{\"@type\":\"ListItem\",\"position\":1,\"name\":\"Strona g\u0142\u00f3wna\",\"item\":\"https:\/\/www.sportowieccodzienny.pl\/\"},{\"@type\":\"ListItem\",\"position\":2,\"name\":\"Joga\"}]},{\"@type\":\"WebSite\",\"@id\":\"https:\/\/www.sportowieccodzienny.pl\/#website\",\"url\":\"https:\/\/www.sportowieccodzienny.pl\/\",\"name\":\"Sportowiec Codzienny\",\"description\":\"Strona firmy Sportowiec Codzienny\",\"publisher\":{\"@id\":\"https:\/\/www.sportowieccodzienny.pl\/#organization\"},\"potentialAction\":[{\"@type\":\"SearchAction\",\"target\":{\"@type\":\"EntryPoint\",\"urlTemplate\":\"https:\/\/www.sportowieccodzienny.pl\/?s={search_term_string}\"},\"query-input\":{\"@type\":\"PropertyValueSpecification\",\"valueRequired\":true,\"valueName\":\"search_term_string\"}}],\"inLanguage\":\"pl-PL\"},{\"@type\":\"Organization\",\"@id\":\"https:\/\/www.sportowieccodzienny.pl\/#organization\",\"name\":\"Sportowiec Codzienny\",\"url\":\"https:\/\/www.sportowieccodzienny.pl\/\",\"logo\":{\"@type\":\"ImageObject\",\"inLanguage\":\"pl-PL\",\"@id\":\"https:\/\/www.sportowieccodzienny.pl\/#\/schema\/logo\/image\/\",\"url\":\"https:\/\/www.sportowieccodzienny.pl\/wp-content\/uploads\/2022\/04\/cropped-Logo-wersja-podstawowa.png\",\"contentUrl\":\"https:\/\/www.sportowieccodzienny.pl\/wp-content\/uploads\/2022\/04\/cropped-Logo-wersja-podstawowa.png\",\"width\":200,\"height\":194,\"caption\":\"Sportowiec Codzienny\"},\"image\":{\"@id\":\"https:\/\/www.sportowieccodzienny.pl\/#\/schema\/logo\/image\/\"},\"sameAs\":[\"https:\/\/www.facebook.com\/SportowiecCodzienny\",\"https:\/\/www.instagram.com\/sportowiec_codzienny\/\"]}]}<\/script>\n<!-- \/ Yoast SEO plugin. -->","yoast_head_json":{"title":"Joga - Sportowiec Codzienny","description":"Zaj\u0119cia \"Joga dla ka\u017cdego\" w Katowicach odbywaj\u0105 si\u0119 w ka\u017cd\u0105 \u015brod\u0119 o godzinie 20. Zapraszamy osoby pocz\u0105tkuj\u0105ce oraz zaawansowane.","robots":{"index":"index","follow":"follow","max-snippet":"max-snippet:-1","max-image-preview":"max-image-preview:large","max-video-preview":"max-video-preview:-1"},"canonical":"https:\/\/www.sportowieccodzienny.pl\/index.php\/joga\/","og_locale":"pl_PL","og_type":"article","og_title":"Joga - Sportowiec Codzienny","og_description":"Zaj\u0119cia \"Joga dla ka\u017cdego\" w Katowicach odbywaj\u0105 si\u0119 w ka\u017cd\u0105 \u015brod\u0119 o godzinie 20. Zapraszamy osoby pocz\u0105tkuj\u0105ce oraz zaawansowane.","og_url":"https:\/\/www.sportowieccodzienny.pl\/index.php\/joga\/","og_site_name":"Sportowiec Codzienny","article_publisher":"https:\/\/www.facebook.com\/SportowiecCodzienny","article_modified_time":"2026-02-11T12:16:18+00:00","og_image":[{"width":2560,"height":1614,"url":"https:\/\/www.sportowieccodzienny.pl\/wp-content\/uploads\/2023\/02\/kike-vega-F2qh3yjz6Jk-unsplash-scaled.jpg","type":"image\/jpeg"}],"twitter_card":"summary_large_image","twitter_misc":{"Szacowany czas czytania":"2 minuty"},"schema":{"@context":"https:\/\/schema.org","@graph":[{"@type":"WebPage","@id":"https:\/\/www.sportowieccodzienny.pl\/index.php\/joga\/","url":"https:\/\/www.sportowieccodzienny.pl\/index.php\/joga\/","name":"Joga - Sportowiec Codzienny","isPartOf":{"@id":"https:\/\/www.sportowieccodzienny.pl\/#website"},"primaryImageOfPage":{"@id":"https:\/\/www.sportowieccodzienny.pl\/index.php\/joga\/#primaryimage"},"image":{"@id":"https:\/\/www.sportowieccodzienny.pl\/index.php\/joga\/#primaryimage"},"thumbnailUrl":"https:\/\/www.sportowieccodzienny.pl\/wp-content\/uploads\/2023\/02\/kike-vega-F2qh3yjz6Jk-unsplash-scaled.jpg","datePublished":"2024-05-10T06:58:41+00:00","dateModified":"2026-02-11T12:16:18+00:00","description":"Zaj\u0119cia \"Joga dla ka\u017cdego\" w Katowicach odbywaj\u0105 si\u0119 w ka\u017cd\u0105 \u015brod\u0119 o godzinie 20. Zapraszamy osoby pocz\u0105tkuj\u0105ce oraz zaawansowane.","breadcrumb":{"@id":"https:\/\/www.sportowieccodzienny.pl\/index.php\/joga\/#breadcrumb"},"inLanguage":"pl-PL","potentialAction":[{"@type":"ReadAction","target":["https:\/\/www.sportowieccodzienny.pl\/index.php\/joga\/"]}]},{"@type":"ImageObject","inLanguage":"pl-PL","@id":"https:\/\/www.sportowieccodzienny.pl\/index.php\/joga\/#primaryimage","url":"https:\/\/www.sportowieccodzienny.pl\/wp-content\/uploads\/2023\/02\/kike-vega-F2qh3yjz6Jk-unsplash-scaled.jpg","contentUrl":"https:\/\/www.sportowieccodzienny.pl\/wp-content\/uploads\/2023\/02\/kike-vega-F2qh3yjz6Jk-unsplash-scaled.jpg","width":2560,"height":1614},{"@type":"BreadcrumbList","@id":"https:\/\/www.sportowieccodzienny.pl\/index.php\/joga\/#breadcrumb","itemListElement":[{"@type":"ListItem","position":1,"name":"Strona g\u0142\u00f3wna","item":"https:\/\/www.sportowieccodzienny.pl\/"},{"@type":"ListItem","position":2,"name":"Joga"}]},{"@type":"WebSite","@id":"https:\/\/www.sportowieccodzienny.pl\/#website","url":"https:\/\/www.sportowieccodzienny.pl\/","name":"Sportowiec Codzienny","description":"Strona firmy Sportowiec Codzienny","publisher":{"@id":"https:\/\/www.sportowieccodzienny.pl\/#organization"},"potentialAction":[{"@type":"SearchAction","target":{"@type":"EntryPoint","urlTemplate":"https:\/\/www.sportowieccodzienny.pl\/?s={search_term_string}"},"query-input":{"@type":"PropertyValueSpecification","valueRequired":true,"valueName":"search_term_string"}}],"inLanguage":"pl-PL"},{"@type":"Organization","@id":"https:\/\/www.sportowieccodzienny.pl\/#organization","name":"Sportowiec Codzienny","url":"https:\/\/www.sportowieccodzienny.pl\/","logo":{"@type":"ImageObject","inLanguage":"pl-PL","@id":"https:\/\/www.sportowieccodzienny.pl\/#\/schema\/logo\/image\/","url":"https:\/\/www.sportowieccodzienny.pl\/wp-content\/uploads\/2022\/04\/cropped-Logo-wersja-podstawowa.png","contentUrl":"https:\/\/www.sportowieccodzienny.pl\/wp-content\/uploads\/2022\/04\/cropped-Logo-wersja-podstawowa.png","width":200,"height":194,"caption":"Sportowiec Codzienny"},"image":{"@id":"https:\/\/www.sportowieccodzienny.pl\/#\/schema\/logo\/image\/"},"sameAs":["https:\/\/www.facebook.com\/SportowiecCodzienny","https:\/\/www.instagram.com\/sportowiec_codzienny\/"]}]}},"_links":{"self":[{"href":"https:\/\/www.sportowieccodzienny.pl\/index.php\/wp-json\/wp\/v2\/pages\/1659","targetHints":{"allow":["GET"]}}],"collection":[{"href":"https:\/\/www.sportowieccodzienny.pl\/index.php\/wp-json\/wp\/v2\/pages"}],"about":[{"href":"https:\/\/www.sportowieccodzienny.pl\/index.php\/wp-json\/wp\/v2\/types\/page"}],"author":[{"embeddable":true,"href":"https:\/\/www.sportowieccodzienny.pl\/index.php\/wp-json\/wp\/v2\/users\/1"}],"replies":[{"embeddable":true,"href":"https:\/\/www.sportowieccodzienny.pl\/index.php\/wp-json\/wp\/v2\/comments?post=1659"}],"version-history":[{"count":21,"href":"https:\/\/www.sportowieccodzienny.pl\/index.php\/wp-json\/wp\/v2\/pages\/1659\/revisions"}],"predecessor-version":[{"id":2049,"href":"https:\/\/www.sportowieccodzienny.pl\/index.php\/wp-json\/wp\/v2\/pages\/1659\/revisions\/2049"}],"wp:featuredmedia":[{"embeddable":true,"href":"https:\/\/www.sportowieccodzienny.pl\/index.php\/wp-json\/wp\/v2\/media\/1190"}],"wp:attachment":[{"href":"https:\/\/www.sportowieccodzienny.pl\/index.php\/wp-json\/wp\/v2\/media?parent=1659"}],"curies":[{"name":"wp","href":"https:\/\/api.w.org\/{rel}","templated":true}]}}